{"id":15265,"date":"2025-02-17T17:58:51","date_gmt":"2025-02-17T15:58:51","guid":{"rendered":"https:\/\/zbranebudai.sk\/product\/akciovy-set-hs-sf19-4-5-rdr-kal-9x19-sms-4moa\/"},"modified":"2025-11-29T07:30:57","modified_gmt":"2025-11-29T05:30:57","slug":"akcio-keszlet-hs-sf19-4-5-rdr-kal-9x19-sms-4moa","status":"publish","type":"product","link":"https:\/\/zbranebudai.sk\/hu\/product\/akciovy-set-hs-sf19-4-5-rdr-kal-9x19-sms-4moa\/","title":{"rendered":"Akci\u00f3k\u00e9szlet HS SF19 4.5 RDR, cal. 9\u00d719 + SMS-4MOA"},"content":{"rendered":"<p>AKCI\u00d3S K\u00c9SZLET:<\/p>\n<p>1x pisztoly HS SF19 4.5 RDR, cal. 9\u00d719<br \/>\n1x Collimator Shield Mini c\u00e9lz\u00f3k\u00e9sz\u00fcl\u00e9k, 4 MOA<br \/>\n1x Deltapoint szerel\u0151lemez, Pajzs c\u00e9lz\u00f3k\u00e9sz\u00fcl\u00e9k SF19-hez<\/p>","protected":false},"excerpt":{"rendered":"<p>Az SF19 4.5 RDR egy t\u00f6k\u00e9letes taktikai pisztoly cal. 9\u00d719-es, tov\u00e1bbfejlesztett ravasz, r\u00f6videbb vissza\u00e1ll\u00edt\u00e1ssal \u00e9s kollim\u00e1tor r\u00f6gz\u00edt\u00e9ssel. Polimer v\u00e1zzal, k\u00e9tsoros t\u00e1rral. Oldalir\u00e1nyban \u00e1ll\u00edthat\u00f3, ac\u00e9lb\u00f3l k\u00e9sz\u00fclt, a vak\u00edt\u00e1s megakad\u00e1lyoz\u00e1s\u00e1ra szolg\u00e1l\u00f3 fogaz\u00e1ssal. A Trijicon RMR, Leupold Delta Point, Shield Sights \u00e9s Vortex Venom c\u00e9lt\u00e1vcs\u00f6vekhez val\u00f3 szerel\u0151lemezek k\u00fcl\u00f6n megv\u00e1s\u00e1rolhat\u00f3k. Az SF19 4,5 RDR teny\u00e9rbiztos\u00edt\u00e1ssal, ravaszbiztos\u00edt\u00e1ssal, els\u00fct\u0151szegbiztos\u00edt\u00e1ssal, kamra t\u00f6lt\u00f6tts\u00e9gjelz\u0151vel \u00e9s els\u00fct\u0151szeg \u00e1llapotjelz\u0151vel rendelkezik. Tov\u00e1bbi jellemz\u0151k k\u00f6z\u00e9 tartozik a k\u00e9tkezes t\u00e1rkiold\u00f3 \u00e9s reteszz\u00e1r, a pikatinny s\u00edn, az agressz\u00edv markolat text\u00far\u00e1z\u00e1s, a cser\u00e9lhet\u0151 markolat h\u00e1tlapok (3 m\u00e9ret). A megn\u00f6velt ravaszv\u00e9d\u0151 lehet\u0151v\u00e9 teszi a k\u00f6nny\u0171 kezelhet\u0151s\u00e9get m\u00e9g keszty\u0171 visel\u00e9se eset\u00e9n is. A pisztoly h\u00e1rom nagy kapacit\u00e1s\u00fa rozsdamentes ac\u00e9l t\u00e1rral (19 t\u00f6lt\u00e9ny) \u00e9rkezik. A t\u00e1rny\u00edl\u00e1s sz\u00e1ja Magwell szettel (Jet t\u00f6lcs\u00e9r) 20 vagy 22 t\u00f6lt\u00e9nyes nagykapacit\u00e1s\u00fa t\u00e1rral b\u0151v\u00edthet\u0151.<\/p>","protected":false},"featured_media":11983,"template":"","meta":{"_gspb_post_css":""},"product_brand":[],"product_cat":[1864,2033,2034,1820],"product_tag":[],"class_list":{"0":"post-15265","1":"product","2":"type-product","3":"status-publish","4":"has-post-thumbnail","6":"product_cat-pistole-zbrane-b-c","7":"product_cat-springfield-armory-hs-produkt","8":"product_cat-xd","9":"product_cat-zbrane-b-c","11":"first","12":"outofstock","13":"taxable","14":"shipping-taxable","15":"purchasable","16":"product-type-simple"},"ct_brands":[],"_links":{"self":[{"href":"https:\/\/zbranebudai.sk\/hu\/wp-json\/wp\/v2\/product\/15265","targetHints":{"allow":["GET"]}}],"collection":[{"href":"https:\/\/zbranebudai.sk\/hu\/wp-json\/wp\/v2\/product"}],"about":[{"href":"https:\/\/zbranebudai.sk\/hu\/wp-json\/wp\/v2\/types\/product"}],"wp:featuredmedia":[{"embeddable":true,"href":"https:\/\/zbranebudai.sk\/hu\/wp-json\/wp\/v2\/media\/11983"}],"wp:attachment":[{"href":"https:\/\/zbranebudai.sk\/hu\/wp-json\/wp\/v2\/media?parent=15265"}],"wp:term":[{"taxonomy":"product_brand","embeddable":true,"href":"https:\/\/zbranebudai.sk\/hu\/wp-json\/wp\/v2\/product_brand?post=15265"},{"taxonomy":"product_cat","embeddable":true,"href":"https:\/\/zbranebudai.sk\/hu\/wp-json\/wp\/v2\/product_cat?post=15265"},{"taxonomy":"product_tag","embeddable":true,"href":"https:\/\/zbranebudai.sk\/hu\/wp-json\/wp\/v2\/product_tag?post=15265"}],"curies":[{"name":"wp","href":"https:\/\/api.w.org\/{rel}","templated":true}]}}