{"id":15263,"date":"2025-02-17T17:58:50","date_gmt":"2025-02-17T15:58:50","guid":{"rendered":"https:\/\/zbranebudai.sk\/product\/beretta-92xi-sao-full-size-kal-9x19\/"},"modified":"2026-02-26T23:18:32","modified_gmt":"2026-02-26T21:18:32","slug":"beretta-92xi-sao-teljes-meret-kal-9x19","status":"publish","type":"product","link":"https:\/\/zbranebudai.sk\/hu\/product\/beretta-92xi-sao-full-size-kal-9x19\/","title":{"rendered":"Beretta 92XI SAO Full Size, cal. 9\u00d719"},"content":{"rendered":"<p>PARAM\u00c9TEREK:<\/p>\n<p>T\u00e1rkapacit\u00e1s: 18 t\u00f6lt\u00e9ny<br \/>\nCs\u0151hossz: 119 mm (4.7\u2033)<br \/>\nTeljes hossz: 216 mm<br \/>\nSz\u00e9less\u00e9g: 38 mm<br \/>\nMagass\u00e1g: 137 mm<br \/>\nS\u00faly: 945 g<\/p>\n<p>CSOMAG TARTALMA:<\/p>\n<p>1x Pisztoly<br \/>\n2x t\u00e1lca<br \/>\n1x fegyverz\u00e1r<br \/>\n1x b\u0151r\u00f6nd<\/p>","protected":false},"excerpt":{"rendered":"<p>A Beretta 92XI SAO Full Size a lapos profil\u00fa Xtreme-S egyfunkci\u00f3s ravaszt \u00e9s a sim\u00e1bb m\u0171k\u00f6d\u00e9s \u00e9rdek\u00e9ben DLC bevonattal ell\u00e1tott teljes\u00edtm\u00e9ny\u0171 alkatr\u00e9szeket tartalmaz. A pr\u00e9mium Cerakote\u00ae H-sorozat\u00fa fel\u00fcletkezel\u00e9s magas korr\u00f3zi\u00f3- \u00e9s vegyszer\u00e1ll\u00f3s\u00e1got biztos\u00edt. A k\u00f6nny\u0171, csontv\u00e1zas kalap\u00e1cs lehet\u0151v\u00e9 teszi az \u00e9les ravasz lenyom\u00e1s\u00e1t a kakas \u00e9s a z\u00e1r\u00e1s k\u00e9pess\u00e9g\u00e9vel. A f\u00e9nyfluoreszk\u00e1l\u00f3 sz\u00e1las c\u00e9lz\u00f3k\u00e9sz\u00fcl\u00e9k \u00e9s a t\u00fckr\u00f6z\u0151d\u00e9smentes fogazott c\u00e9lz\u00f3k\u00e9sz\u00fcl\u00e9k oldalir\u00e1nyban \u00e1ll\u00edthat\u00f3 \u00e9s ac\u00e9lb\u00f3l k\u00e9sz\u00fclt. A kollim\u00e1tor k\u00e9sz, a tov\u00e1bbfejlesztett t\u0171zvez\u00e9rl\u00e9s \u00e9s a gyors kapcsol\u00e1sra optimaliz\u00e1lt k\u00e9tkezes k\u00e9zi biztos\u00edt\u00e9k ide\u00e1lis teljes\u00edtm\u00e9nyt ny\u00fajt mind a v\u00e9delemhez, mind a versenyz\u00e9shez.<\/p>","protected":false},"featured_media":11979,"template":"","meta":{"_gspb_post_css":""},"product_brand":[],"product_cat":[1950,1864,1951,1820],"product_tag":[],"class_list":{"0":"post-15263","1":"product","2":"type-product","3":"status-publish","4":"has-post-thumbnail","6":"product_cat-beretta-usa","7":"product_cat-pistole-zbrane-b-c","8":"product_cat-pistole-beretta-usa","9":"product_cat-zbrane-b-c","11":"first","12":"outofstock","13":"taxable","14":"shipping-taxable","15":"purchasable","16":"product-type-simple"},"ct_brands":[],"_links":{"self":[{"href":"https:\/\/zbranebudai.sk\/hu\/wp-json\/wp\/v2\/product\/15263","targetHints":{"allow":["GET"]}}],"collection":[{"href":"https:\/\/zbranebudai.sk\/hu\/wp-json\/wp\/v2\/product"}],"about":[{"href":"https:\/\/zbranebudai.sk\/hu\/wp-json\/wp\/v2\/types\/product"}],"wp:featuredmedia":[{"embeddable":true,"href":"https:\/\/zbranebudai.sk\/hu\/wp-json\/wp\/v2\/media\/11979"}],"wp:attachment":[{"href":"https:\/\/zbranebudai.sk\/hu\/wp-json\/wp\/v2\/media?parent=15263"}],"wp:term":[{"taxonomy":"product_brand","embeddable":true,"href":"https:\/\/zbranebudai.sk\/hu\/wp-json\/wp\/v2\/product_brand?post=15263"},{"taxonomy":"product_cat","embeddable":true,"href":"https:\/\/zbranebudai.sk\/hu\/wp-json\/wp\/v2\/product_cat?post=15263"},{"taxonomy":"product_tag","embeddable":true,"href":"https:\/\/zbranebudai.sk\/hu\/wp-json\/wp\/v2\/product_tag?post=15263"}],"curies":[{"name":"wp","href":"https:\/\/api.w.org\/{rel}","templated":true}]}}