{"id":15253,"date":"2025-02-17T17:58:49","date_gmt":"2025-02-17T15:58:49","guid":{"rendered":"https:\/\/zbranebudai.sk\/product\/khan-arms-a-tac-ax-2-kal-12-76-hl-47cm-o-d-green-cerakote\/"},"modified":"2026-04-09T01:14:57","modified_gmt":"2026-04-08T23:14:57","slug":"khan-arms-a-tac-ax-2-kal-12-76-hl-47cm-o-d-zold-cerakote","status":"publish","type":"product","link":"https:\/\/zbranebudai.sk\/hu\/product\/khan-arms-a-tac-ax-2-kal-12-76-hl-47cm-o-d-green-cerakote\/","title":{"rendered":"Khan Arms A-TAC AX-2, cal. 12\/76, 47cm k\u00fcls\u0151 \u00e1tm\u00e9r\u0151j\u0171, z\u00f6ld cerakote"},"content":{"rendered":"","protected":false},"excerpt":{"rendered":"<p>\u00d6nt\u00f6lt\u0151 puska, \"g\u00e1z\u00fczem\u0171\", cs\u0151hossz 47 cm, teljes hossz 96 - 104 cm, alum\u00ednium z\u00e1rszerkezet, f\u00e9m test \u00e9s alkar, polimer teleszk\u00f3pos sz\u00e1r \u00e1ll\u00edthat\u00f3 orr-r\u00e9sszel, \u00e1ll\u00edthat\u00f3 magass\u00e1g\u00fa c\u00e9lz\u00f3k\u00e9sz\u00fcl\u00e9k, \u00e1ll\u00edthat\u00f3 magass\u00e1g\u00fa \u00e9s oldals\u00f3 ir\u00e1nyz\u00e9k, f\u00e9m t\u00e1rak 9 \u00e9s 5 t\u00f6lt\u00e9nyre a csomagban, 1 csavar a csomagban (\u00f6t bev\u00e1g\u00e1s).<\/p>","protected":false},"featured_media":11947,"template":"","meta":{"_gspb_post_css":""},"product_brand":[],"product_cat":[1999,2015,2000,1820],"product_tag":[],"class_list":{"0":"post-15253","1":"product","2":"type-product","3":"status-publish","4":"has-post-thumbnail","6":"product_cat-brokovnice","7":"product_cat-jednohlavnove-brokovnice-khan-arms","8":"product_cat-khan-arms","9":"product_cat-zbrane-b-c","11":"first","12":"outofstock","13":"taxable","14":"shipping-taxable","15":"purchasable","16":"product-type-simple"},"ct_brands":[],"_links":{"self":[{"href":"https:\/\/zbranebudai.sk\/hu\/wp-json\/wp\/v2\/product\/15253","targetHints":{"allow":["GET"]}}],"collection":[{"href":"https:\/\/zbranebudai.sk\/hu\/wp-json\/wp\/v2\/product"}],"about":[{"href":"https:\/\/zbranebudai.sk\/hu\/wp-json\/wp\/v2\/types\/product"}],"wp:featuredmedia":[{"embeddable":true,"href":"https:\/\/zbranebudai.sk\/hu\/wp-json\/wp\/v2\/media\/11947"}],"wp:attachment":[{"href":"https:\/\/zbranebudai.sk\/hu\/wp-json\/wp\/v2\/media?parent=15253"}],"wp:term":[{"taxonomy":"product_brand","embeddable":true,"href":"https:\/\/zbranebudai.sk\/hu\/wp-json\/wp\/v2\/product_brand?post=15253"},{"taxonomy":"product_cat","embeddable":true,"href":"https:\/\/zbranebudai.sk\/hu\/wp-json\/wp\/v2\/product_cat?post=15253"},{"taxonomy":"product_tag","embeddable":true,"href":"https:\/\/zbranebudai.sk\/hu\/wp-json\/wp\/v2\/product_tag?post=15253"}],"curies":[{"name":"wp","href":"https:\/\/api.w.org\/{rel}","templated":true}]}}