{"id":15252,"date":"2025-02-17T17:58:49","date_gmt":"2025-02-17T15:58:49","guid":{"rendered":"https:\/\/zbranebudai.sk\/product\/khan-arms-setter-premium-gold-t-kal-12-76-hl-71cm\/"},"modified":"2026-04-16T03:51:52","modified_gmt":"2026-04-16T01:51:52","slug":"khan-arms-setter-premium-arany-t-kal-12-76-hl-71cm","status":"publish","type":"product","link":"https:\/\/zbranebudai.sk\/hu\/product\/khan-arms-setter-premium-gold-t-kal-12-76-hl-71cm\/","title":{"rendered":"Khan Arms Setter Premium Gold-T, cal. 12\/76, m\u00e9lys\u00e9g 71cm"},"content":{"rendered":"<p>PARAM\u00c9TEREK:<\/p>\n<p>Cs\u0151hossz: 710 mm<br \/>\nLOP: 370 mm<br \/>\nTeljes hossz: 1150 mm<br \/>\nA hord\u00f3: ac\u00e9l: Feket\u00e9re festett ac\u00e9l<br \/>\n\u00cdg\u00e9ret: T\u00f6r\u00f6k di\u00f3<br \/>\nS\u00faly: 3,1 kg<\/p>","protected":false},"excerpt":{"rendered":"<p>T\u00f6r\u00f6k di\u00f3fa \u00e1llom\u00e1ny jellegzetes text\u00far\u00e1z\u00e1ssal, nikkelezett ac\u00e9l bazsalikom l\u00e9zergrav\u00edroz\u00e1ssal \u00e9s 24 kar\u00e1tos arany d\u00edsz\u00edt\u00e9ssel, aranyozott ravasz. V\u00f6r\u00f6s f\u00e9nyt vezet\u0151 sz\u00e1las l\u00e9gy. A Setter Premium sorozat\u00fa s\u00f6r\u00e9tes pusk\u00e1k cs\u0151v\u00e1laszt\u00f3val, tart\u00f3s kil\u00f6v\u0151vel, grav\u00edrozott kezel\u0151szervekkel \u00e9s be\u00e9p\u00edtett \u00f6vhurokkal rendelkeznek. Tartalmaz 5 bels\u0151 fojt\u00f3cs\u00f6vet. Cs\u0151hossz 71 cm, teljes hossz 114,5 cm, s\u00faly 3,5 kg.<\/p>","protected":false},"featured_media":11945,"template":"","meta":{"_gspb_post_css":""},"product_brand":[],"product_cat":[1999,2001,2000,1820],"product_tag":[],"class_list":{"0":"post-15252","1":"product","2":"type-product","3":"status-publish","4":"has-post-thumbnail","6":"product_cat-brokovnice","7":"product_cat-dvojhlavnove-brokovnice-khan-arms","8":"product_cat-khan-arms","9":"product_cat-zbrane-b-c","11":"first","12":"outofstock","13":"taxable","14":"shipping-taxable","15":"purchasable","16":"product-type-simple"},"ct_brands":[],"_links":{"self":[{"href":"https:\/\/zbranebudai.sk\/hu\/wp-json\/wp\/v2\/product\/15252","targetHints":{"allow":["GET"]}}],"collection":[{"href":"https:\/\/zbranebudai.sk\/hu\/wp-json\/wp\/v2\/product"}],"about":[{"href":"https:\/\/zbranebudai.sk\/hu\/wp-json\/wp\/v2\/types\/product"}],"wp:featuredmedia":[{"embeddable":true,"href":"https:\/\/zbranebudai.sk\/hu\/wp-json\/wp\/v2\/media\/11945"}],"wp:attachment":[{"href":"https:\/\/zbranebudai.sk\/hu\/wp-json\/wp\/v2\/media?parent=15252"}],"wp:term":[{"taxonomy":"product_brand","embeddable":true,"href":"https:\/\/zbranebudai.sk\/hu\/wp-json\/wp\/v2\/product_brand?post=15252"},{"taxonomy":"product_cat","embeddable":true,"href":"https:\/\/zbranebudai.sk\/hu\/wp-json\/wp\/v2\/product_cat?post=15252"},{"taxonomy":"product_tag","embeddable":true,"href":"https:\/\/zbranebudai.sk\/hu\/wp-json\/wp\/v2\/product_tag?post=15252"}],"curies":[{"name":"wp","href":"https:\/\/api.w.org\/{rel}","templated":true}]}}