{"id":15249,"date":"2025-02-17T17:58:49","date_gmt":"2025-02-17T15:58:49","guid":{"rendered":"https:\/\/zbranebudai.sk\/product\/predna-cast-tlmica-stalon-x-series-108-max-kal-30\/"},"modified":"2026-04-16T05:13:57","modified_gmt":"2026-04-16T03:13:57","slug":"elso-lengescsillapito-stalon-x-sorozat-108-max-cal-30","status":"publish","type":"product","link":"https:\/\/zbranebudai.sk\/hu\/product\/predna-cast-tlmica-stalon-x-series-108-max-kal-30\/","title":{"rendered":"Els\u0151 leng\u00e9scsillap\u00edt\u00f3 Stalon X-sorozat 108, max. cal. .30"},"content":{"rendered":"","protected":false},"excerpt":{"rendered":"","protected":false},"featured_media":11935,"template":"","meta":{"_gspb_post_css":""},"product_brand":[],"product_cat":[2170,2131,2113,2107,1820],"product_tag":[],"class_list":{"0":"post-15249","1":"product","2":"type-product","3":"status-publish","4":"has-post-thumbnail","6":"product_cat-nd-stalon-prislusenstvo-stalon-stalon-tlmice-zbrane-b-c","7":"product_cat-prislusenstvo-stalon","8":"product_cat-stalon","9":"product_cat-tlmice-zbrane-b-c","10":"product_cat-zbrane-b-c","12":"first","13":"instock","14":"taxable","15":"shipping-taxable","16":"purchasable","17":"product-type-simple"},"ct_brands":[],"_links":{"self":[{"href":"https:\/\/zbranebudai.sk\/hu\/wp-json\/wp\/v2\/product\/15249","targetHints":{"allow":["GET"]}}],"collection":[{"href":"https:\/\/zbranebudai.sk\/hu\/wp-json\/wp\/v2\/product"}],"about":[{"href":"https:\/\/zbranebudai.sk\/hu\/wp-json\/wp\/v2\/types\/product"}],"wp:featuredmedia":[{"embeddable":true,"href":"https:\/\/zbranebudai.sk\/hu\/wp-json\/wp\/v2\/media\/11935"}],"wp:attachment":[{"href":"https:\/\/zbranebudai.sk\/hu\/wp-json\/wp\/v2\/media?parent=15249"}],"wp:term":[{"taxonomy":"product_brand","embeddable":true,"href":"https:\/\/zbranebudai.sk\/hu\/wp-json\/wp\/v2\/product_brand?post=15249"},{"taxonomy":"product_cat","embeddable":true,"href":"https:\/\/zbranebudai.sk\/hu\/wp-json\/wp\/v2\/product_cat?post=15249"},{"taxonomy":"product_tag","embeddable":true,"href":"https:\/\/zbranebudai.sk\/hu\/wp-json\/wp\/v2\/product_tag?post=15249"}],"curies":[{"name":"wp","href":"https:\/\/api.w.org\/{rel}","templated":true}]}}