{"id":15245,"date":"2025-02-17T17:58:48","date_gmt":"2025-02-17T15:58:48","guid":{"rendered":"https:\/\/zbranebudai.sk\/product\/saint-victor-16-5-56-nato-223rem-stv916556blc-b5\/"},"modified":"2026-04-16T05:13:56","modified_gmt":"2026-04-16T03:13:56","slug":"saint-victor-16-5-56-nato-223rem-stv91655556blc-b5","status":"publish","type":"product","link":"https:\/\/zbranebudai.sk\/hu\/product\/saint-victor-16-5-56-nato-223rem-stv916556blc-b5\/","title":{"rendered":"SAINT VICTOR 16\u2033, 5.56 NATO\/223Rem. (STV916556BLC-B5)"},"content":{"rendered":"<p>PARAM\u00c9TEREK:<\/p>\n<p>Cs\u0151hossz: 406 mm (16\u2033)<br \/>\nTeljes hossz: 845-933 mm<br \/>\nA tart\u00e1ly kapacit\u00e1sa: 10<br \/>\nCs\u0151oszt\u00e1s: 1:8\u2033<br \/>\nPicatinny s\u00edn: Igen<br \/>\nA hord\u00f3: CMV, Melonite\u00ae<br \/>\n\u00cdg\u00e9ret: B5 Systems tov\u00e1bbfejlesztett SOPMOD<br \/>\nS\u00faly: 3,1 kg<\/p>","protected":false},"excerpt":{"rendered":"<p>A Springfield Armory SAINT\u00ae Victor egy modern, \u00f6nt\u00f6lt\u0151 AR-15 t\u00edpus\u00fa sportl\u00f6v\u00e9szetre tervezett puska. Sz\u00e1mos funkci\u00f3val rendelkezik, kiv\u00e1l\u00f3 min\u0151s\u00e9g\u0171 anyagokb\u00f3l k\u00e9sz\u00fclt \u00e9s pr\u00e9mium alkatr\u00e9szekkel van felszerelve, ami a megb\u00edzhat\u00f3s\u00e1gban \u00e9s a teljes\u00edtm\u00e9nyben is megmutatkozik. A teljesen sz\u00e9nsz\u00e1las, massz\u00edv 15\u2033 M-LOK FREE FLOAT 15\u2033-es markolat\u00fa markolat megfelel a modern l\u00f6v\u00e9si st\u00edlusnak, \u00e9s k\u00e9nyelmet biztos\u00edt azoknak, akik h\u00fcvelykujj feletti markolattal l\u0151nek. A Carpenter 158-as ac\u00e9lb\u00f3l k\u00e9sz\u00fclt, Melonite\u00ae kivitel\u0171 z\u00e1rszerkezet maxim\u00e1lis megb\u00edzhat\u00f3s\u00e1got biztos\u00edt. A fels\u0151 \u00e9s als\u00f3 vev\u0151k\u00e9sz\u00fcl\u00e9k kov\u00e1csolt 7075 T6 alum\u00edniumb\u00f3l k\u00e9sz\u00fclt, kem\u00e9ny elox\u00e1lt III-as t\u00edpus\u00fa kivitelben. Pr\u00e9mium nikkel \u00e9s b\u00f3r bevonat\u00fa lapos ravasz. K\u00e9tkezes biztos\u00edt\u00e9k. Az \u00fajonnan tervezett torkolatf\u00e9k kik\u00fcsz\u00f6b\u00f6li a cs\u0151 mozg\u00e1s\u00e1t \u00e9s enyh\u00edti a visszar\u00fag\u00e1st. Hossz\u00e1ban \u00e1ll\u00edthat\u00f3 sz\u00e1r \u00e9s rug\u00f3ac\u00e9l c\u00e9lz\u00f3k\u00e9sz\u00fcl\u00e9k. Tart\u00f3s B5 SYSTEMS SOPMOD \u00e1llom\u00e1ny integr\u00e1lt QD hevederr\u00f6gz\u00edt\u0151vel \u00e9s cs\u00fasz\u00e1smentes h\u00e1ts\u00f3 r\u00e9sz\u00e9vel. A B5 SYSTEMS TYPE 23 P-GRIP pisztolymarkolat meredekebb fog\u00e1ssz\u00f6get biztos\u00edt. Tartalmaz egy 10 l\u00f6v\u00e9ses Magpul PMAG\u00ae t\u00e1rat, z\u00e1rat \u00e9s pisztolyt\u00e1sk\u00e1t.<\/p>","protected":false},"featured_media":11925,"template":"","meta":{"_gspb_post_css":""},"product_brand":[],"product_cat":[1821,2175,2173,1820],"product_tag":[],"class_list":{"0":"post-15245","1":"product","2":"type-product","3":"status-publish","4":"has-post-thumbnail","6":"product_cat-gulovnice-zbrane-b-c","7":"product_cat-saint-victor","8":"product_cat-springfield-armory","9":"product_cat-zbrane-b-c","11":"first","12":"outofstock","13":"taxable","14":"shipping-taxable","15":"purchasable","16":"product-type-simple"},"ct_brands":[],"_links":{"self":[{"href":"https:\/\/zbranebudai.sk\/hu\/wp-json\/wp\/v2\/product\/15245","targetHints":{"allow":["GET"]}}],"collection":[{"href":"https:\/\/zbranebudai.sk\/hu\/wp-json\/wp\/v2\/product"}],"about":[{"href":"https:\/\/zbranebudai.sk\/hu\/wp-json\/wp\/v2\/types\/product"}],"wp:featuredmedia":[{"embeddable":true,"href":"https:\/\/zbranebudai.sk\/hu\/wp-json\/wp\/v2\/media\/11925"}],"wp:attachment":[{"href":"https:\/\/zbranebudai.sk\/hu\/wp-json\/wp\/v2\/media?parent=15245"}],"wp:term":[{"taxonomy":"product_brand","embeddable":true,"href":"https:\/\/zbranebudai.sk\/hu\/wp-json\/wp\/v2\/product_brand?post=15245"},{"taxonomy":"product_cat","embeddable":true,"href":"https:\/\/zbranebudai.sk\/hu\/wp-json\/wp\/v2\/product_cat?post=15245"},{"taxonomy":"product_tag","embeddable":true,"href":"https:\/\/zbranebudai.sk\/hu\/wp-json\/wp\/v2\/product_tag?post=15245"}],"curies":[{"name":"wp","href":"https:\/\/api.w.org\/{rel}","templated":true}]}}