{"id":15242,"date":"2025-02-17T17:58:48","date_gmt":"2025-02-17T15:58:48","guid":{"rendered":"https:\/\/zbranebudai.sk\/product\/zasobnik-1911-45acp-7-nabojov\/"},"modified":"2026-04-09T02:30:54","modified_gmt":"2026-04-09T00:30:54","slug":"tar-1911-45acp-7-tar","status":"publish","type":"product","link":"https:\/\/zbranebudai.sk\/hu\/product\/zasobnik-1911-45acp-7-nabojov\/","title":{"rendered":"1911-es t\u00e1r, .45ACP, 7 t\u00f6lt\u00e9ny"},"content":{"rendered":"","protected":false},"excerpt":{"rendered":"<p>A t\u00e1r kompatibilis az \u00f6sszes Springfield Armory 1911-es pisztollyal, cal. .45ACP, kiv\u00e9ve az 1911 DS PRODIGY.<\/p>","protected":false},"featured_media":11919,"template":"","meta":{"_gspb_post_css":""},"product_brand":[],"product_cat":[1864,2043,2033,2230,1820],"product_tag":[],"class_list":{"0":"post-15242","1":"product","2":"type-product","3":"status-publish","4":"has-post-thumbnail","6":"product_cat-pistole-zbrane-b-c","7":"product_cat-prislusenstvo-springfield-armory","8":"product_cat-springfield-armory-hs-produkt","9":"product_cat-zasobniky-prislusenstvo-springfield-armory","10":"product_cat-zbrane-b-c","12":"first","13":"outofstock","14":"taxable","15":"shipping-taxable","16":"purchasable","17":"product-type-simple"},"ct_brands":[],"_links":{"self":[{"href":"https:\/\/zbranebudai.sk\/hu\/wp-json\/wp\/v2\/product\/15242","targetHints":{"allow":["GET"]}}],"collection":[{"href":"https:\/\/zbranebudai.sk\/hu\/wp-json\/wp\/v2\/product"}],"about":[{"href":"https:\/\/zbranebudai.sk\/hu\/wp-json\/wp\/v2\/types\/product"}],"wp:featuredmedia":[{"embeddable":true,"href":"https:\/\/zbranebudai.sk\/hu\/wp-json\/wp\/v2\/media\/11919"}],"wp:attachment":[{"href":"https:\/\/zbranebudai.sk\/hu\/wp-json\/wp\/v2\/media?parent=15242"}],"wp:term":[{"taxonomy":"product_brand","embeddable":true,"href":"https:\/\/zbranebudai.sk\/hu\/wp-json\/wp\/v2\/product_brand?post=15242"},{"taxonomy":"product_cat","embeddable":true,"href":"https:\/\/zbranebudai.sk\/hu\/wp-json\/wp\/v2\/product_cat?post=15242"},{"taxonomy":"product_tag","embeddable":true,"href":"https:\/\/zbranebudai.sk\/hu\/wp-json\/wp\/v2\/product_tag?post=15242"}],"curies":[{"name":"wp","href":"https:\/\/api.w.org\/{rel}","templated":true}]}}