{"id":15237,"date":"2025-02-17T17:58:47","date_gmt":"2025-02-17T15:58:47","guid":{"rendered":"https:\/\/zbranebudai.sk\/product\/saint-edge-16-5-56-nato-223rem-ste916556blc\/"},"modified":"2026-04-16T05:15:12","modified_gmt":"2026-04-16T03:15:12","slug":"saint-edge-16-5-56-nato-223rem-ste916556blc","status":"publish","type":"product","link":"https:\/\/zbranebudai.sk\/hu\/product\/saint-edge-16-5-56-nato-223rem-ste916556blc\/","title":{"rendered":"SAINT EDGE 16\u2033, 5.56 NATO\/223Rem. (STE916556BLC)"},"content":{"rendered":"<p>PARAM\u00c9TEREK:<\/p>\n<p>Cs\u0151hossz: 406 mm (16\u2033)<br \/>\nTeljes hossz: 825-908 mm<br \/>\nA tart\u00e1ly kapacit\u00e1sa: 10<br \/>\nCs\u0151oszt\u00e1s: 1:8\u2033<br \/>\nPicatinny s\u00edn: Igen<br \/>\nA hord\u00f3: LW Profile CMV, Melonite\u00ae.<br \/>\n\u00cdg\u00e9ret: BCMGUNFIGHTER\u2122 Mod 0 SOPMOD<br \/>\nS\u00faly: 2,8 kg<\/p>","protected":false},"excerpt":{"rendered":"<p>A Springfield Armory SAINT\u00ae Edge a SAINT sorozat cs\u00facsmodellje, amely olyan pr\u00e9mium min\u0151s\u00e9g\u0171 alkatr\u00e9szekkel rendelkezik, mint a t\u00f6bb \u00fczemm\u00f3d\u00fa GAS blokk, a szabadalmaztatott Springfield Armory\u00ae Modular Match egyfokozat\u00fa ravasz r\u00f6vid vissza\u00e1ll\u00edt\u00e1ssal \u00e9s Melonite\u00ae kivitelben, a nagy teljes\u00edtm\u00e9ny\u0171 ravaszv\u00e9d\u0151, az M-Lock alum\u00ednium szabadon lebeg\u0151 markolat, a Bravo Mod 2 pisztolymarkolat \u00e9s a Bravo Mod 0 SopMod hatpoz\u00edci\u00f3s l\u00f6v\u00e9sz\u00e1r. A III-as t\u00edpus\u00fa kem\u00e9nyen elox\u00e1lt 7075 T6 kov\u00e1csolt alum\u00edniumb\u00f3l k\u00e9sz\u00fclt kem\u00e9nyen elox\u00e1lt z\u00e1rszerkezet az M16 pr\u00e9mium kateg\u00f3ri\u00e1s z\u00e1rszerkezeten alapul. Tavaszi ac\u00e9l c\u00e9lz\u00f3k\u00e9sz\u00fcl\u00e9k, k\u00e9tkezes k\u00e9zi biztos\u00edt\u00e9k, integr\u00e1lt QD hevederfelcsatol\u00e1si rendszer, valamint kit\u00e1g\u00edtott \u00e9s megn\u00f6velt sug\u00e1r a k\u00e9nyelmes keszty\u0171s l\u00f6v\u00e9szethez. Tartalmaz egy 10 l\u00f6v\u00e9ses PMAG\u00ae t\u00e1rat, z\u00e1rat \u00e9s fegyvert\u00e1sk\u00e1t.<\/p>","protected":false},"featured_media":11909,"template":"","meta":{"_gspb_post_css":""},"product_brand":[],"product_cat":[1821,2176,2173,1820],"product_tag":[],"class_list":{"0":"post-15237","1":"product","2":"type-product","3":"status-publish","4":"has-post-thumbnail","6":"product_cat-gulovnice-zbrane-b-c","7":"product_cat-saint-edge","8":"product_cat-springfield-armory","9":"product_cat-zbrane-b-c","11":"first","12":"outofstock","13":"taxable","14":"shipping-taxable","15":"purchasable","16":"product-type-simple"},"ct_brands":[],"_links":{"self":[{"href":"https:\/\/zbranebudai.sk\/hu\/wp-json\/wp\/v2\/product\/15237","targetHints":{"allow":["GET"]}}],"collection":[{"href":"https:\/\/zbranebudai.sk\/hu\/wp-json\/wp\/v2\/product"}],"about":[{"href":"https:\/\/zbranebudai.sk\/hu\/wp-json\/wp\/v2\/types\/product"}],"wp:featuredmedia":[{"embeddable":true,"href":"https:\/\/zbranebudai.sk\/hu\/wp-json\/wp\/v2\/media\/11909"}],"wp:attachment":[{"href":"https:\/\/zbranebudai.sk\/hu\/wp-json\/wp\/v2\/media?parent=15237"}],"wp:term":[{"taxonomy":"product_brand","embeddable":true,"href":"https:\/\/zbranebudai.sk\/hu\/wp-json\/wp\/v2\/product_brand?post=15237"},{"taxonomy":"product_cat","embeddable":true,"href":"https:\/\/zbranebudai.sk\/hu\/wp-json\/wp\/v2\/product_cat?post=15237"},{"taxonomy":"product_tag","embeddable":true,"href":"https:\/\/zbranebudai.sk\/hu\/wp-json\/wp\/v2\/product_tag?post=15237"}],"curies":[{"name":"wp","href":"https:\/\/api.w.org\/{rel}","templated":true}]}}