{"id":15234,"date":"2025-02-17T17:58:47","date_gmt":"2025-02-17T15:58:47","guid":{"rendered":"https:\/\/zbranebudai.sk\/product\/zasobnik-1911-emp-9x19-9-nabojov-slam-pad-nerez\/"},"modified":"2026-04-23T07:52:17","modified_gmt":"2026-04-23T05:52:17","slug":"1911-emp-9x19-9-tar-9-koros-slam-pad-rozsdamentes-acel","status":"publish","type":"product","link":"https:\/\/zbranebudai.sk\/hu\/product\/zasobnik-1911-emp-9x19-9-nabojov-slam-pad-nerez\/","title":{"rendered":"1911 EMP t\u00e1r, 9\u00d719, 9 t\u00f6lt\u00e9ny, Slam Pad, rozsdamentes ac\u00e9l"},"content":{"rendered":"","protected":false},"excerpt":{"rendered":"<p>A t\u00e1r kompatibilis a Springfield Armory 1911 RONIN EMP \u00e9s 1911 EMISSARY pisztolyokkal, cal. 9\u00d719. A Slam Pad v\u00e9delmet ny\u00fajt a leejt\u00e9sb\u0151l ered\u0151 s\u00e9r\u00fcl\u00e9sek ellen.<\/p>","protected":false},"featured_media":11903,"template":"","meta":{"_gspb_post_css":""},"product_brand":[],"product_cat":[1864,2043,2033,2230,1820],"product_tag":[],"class_list":{"0":"post-15234","1":"product","2":"type-product","3":"status-publish","4":"has-post-thumbnail","6":"product_cat-pistole-zbrane-b-c","7":"product_cat-prislusenstvo-springfield-armory","8":"product_cat-springfield-armory-hs-produkt","9":"product_cat-zasobniky-prislusenstvo-springfield-armory","10":"product_cat-zbrane-b-c","12":"first","13":"instock","14":"taxable","15":"shipping-taxable","16":"purchasable","17":"product-type-simple"},"ct_brands":[],"_links":{"self":[{"href":"https:\/\/zbranebudai.sk\/hu\/wp-json\/wp\/v2\/product\/15234","targetHints":{"allow":["GET"]}}],"collection":[{"href":"https:\/\/zbranebudai.sk\/hu\/wp-json\/wp\/v2\/product"}],"about":[{"href":"https:\/\/zbranebudai.sk\/hu\/wp-json\/wp\/v2\/types\/product"}],"wp:featuredmedia":[{"embeddable":true,"href":"https:\/\/zbranebudai.sk\/hu\/wp-json\/wp\/v2\/media\/11903"}],"wp:attachment":[{"href":"https:\/\/zbranebudai.sk\/hu\/wp-json\/wp\/v2\/media?parent=15234"}],"wp:term":[{"taxonomy":"product_brand","embeddable":true,"href":"https:\/\/zbranebudai.sk\/hu\/wp-json\/wp\/v2\/product_brand?post=15234"},{"taxonomy":"product_cat","embeddable":true,"href":"https:\/\/zbranebudai.sk\/hu\/wp-json\/wp\/v2\/product_cat?post=15234"},{"taxonomy":"product_tag","embeddable":true,"href":"https:\/\/zbranebudai.sk\/hu\/wp-json\/wp\/v2\/product_tag?post=15234"}],"curies":[{"name":"wp","href":"https:\/\/api.w.org\/{rel}","templated":true}]}}