{"id":15229,"date":"2025-02-17T17:58:46","date_gmt":"2025-02-17T15:58:46","guid":{"rendered":"https:\/\/zbranebudai.sk\/product\/pistol-1911-emissary-5-45acp-px9220l\/"},"modified":"2026-04-09T02:29:54","modified_gmt":"2026-04-09T00:29:54","slug":"pisztoly-1911-emissary-5-45acp-px9220l-px9220l","status":"publish","type":"product","link":"https:\/\/zbranebudai.sk\/hu\/product\/pistol-1911-emissary-5-45acp-px9220l\/","title":{"rendered":"Pisztoly 1911 EMISSARY 5\u2033, .45ACP (PX9220L)"},"content":{"rendered":"<p>PARAM\u00c9TEREK:<\/p>\n<p>T\u00e1lcakapacit\u00e1s: 8<br \/>\nCs\u0151hossz: 127 mm (5\u2033)<br \/>\nMagass\u00e1g: 133 mm<br \/>\nTeljes hossz: 213 mm<br \/>\nA cs\u0151 furat\u00e1nak oszt\u00e1sa: 1:16\u2033.<br \/>\nKiold\u00f3 ellen\u00e1ll\u00e1s: 2,0 kg<br \/>\nS\u00faly: 1,13 kg<\/p>","protected":false},"excerpt":{"rendered":"<p>A Springfield Armory 1911 Emissary egy 1911-es platformra \u00e9p\u00fcl\u0151, pr\u00e9mium min\u0151s\u00e9g\u0171 taktikai pisztoly, pr\u00e9mium min\u0151s\u00e9g\u0171 kezel\u0151szervekkel. A kov\u00e1csolt v\u00e1z \u00e9s cs\u00faszda, amely minden Springfield Armory 1911-es pisztoly sz\u00edve \u00e9s lelke, megk\u00fcl\u00f6nb\u00f6zteti ezt a pisztolyt a versenyt\u00e1rsak \u00f6nt\u00f6tt modelljeit\u0151l, mivel mind szil\u00e1rds\u00e1gban, mind tart\u00f3ss\u00e1gban fel\u00fclm\u00falja azokat. A pisztoly gy\u00f6ny\u00f6r\u0171 k\u00e9tt\u00f3nus\u00fa kivitelben, fekete sz\u00e9nac\u00e9l cs\u00faszd\u00e1val \u00e9s rozsdamentes ac\u00e9l v\u00e1zzal, sz\u00f6gletes ravaszv\u00e9d\u0151vel rendelkezik. A \"Tri-Top\" bar\u00e1zd\u00e1k st\u00edlusosabb\u00e1 teszik a pisztolyt, m\u00edg a cs\u00faszda tetej\u00e9n l\u00e9v\u0151 finom fogaz\u00e1sok sz\u00f3rj\u00e1k a f\u00e9nyt \u00e9s cs\u00f6kkentik a t\u00fckr\u00f6z\u0151d\u00e9st. Az 5\u2033-es neh\u00e9z cs\u0151, maxim\u00e1lis pontoss\u00e1got biztos\u00edt \u00e9s cs\u00f6kkenti az \u00e9rezhet\u0151 visszar\u00fag\u00e1st. K\u00e9zi biztos\u00edt\u00e9k \u00e9s teny\u00e9rbiztos\u00edt\u00e1s. J\u00f3l l\u00e1that\u00f3 tr\u00edcium ir\u00e1nyz\u00e9k \u00e9s \"U\" alak\u00fa retikulum kiemelt feh\u00e9r peremmel. Csontv\u00e1zas \u00fct\u0151kakas \u00e9s pikatinny s\u00edn. Tartalmaz k\u00e9t 8 l\u00f6v\u00e9ses t\u00e1rat, hordt\u00e1sk\u00e1t \u00e9s fegyverz\u00e1rat.<\/p>","protected":false},"featured_media":11893,"template":"","meta":{"_gspb_post_css":""},"product_brand":[],"product_cat":[2172,1864,2033,1820],"product_tag":[],"class_list":{"0":"post-15229","1":"product","2":"type-product","3":"status-publish","4":"has-post-thumbnail","6":"product_cat-2172","7":"product_cat-pistole-zbrane-b-c","8":"product_cat-springfield-armory-hs-produkt","9":"product_cat-zbrane-b-c","11":"first","12":"instock","13":"taxable","14":"shipping-taxable","15":"purchasable","16":"product-type-simple"},"ct_brands":[],"_links":{"self":[{"href":"https:\/\/zbranebudai.sk\/hu\/wp-json\/wp\/v2\/product\/15229","targetHints":{"allow":["GET"]}}],"collection":[{"href":"https:\/\/zbranebudai.sk\/hu\/wp-json\/wp\/v2\/product"}],"about":[{"href":"https:\/\/zbranebudai.sk\/hu\/wp-json\/wp\/v2\/types\/product"}],"wp:featuredmedia":[{"embeddable":true,"href":"https:\/\/zbranebudai.sk\/hu\/wp-json\/wp\/v2\/media\/11893"}],"wp:attachment":[{"href":"https:\/\/zbranebudai.sk\/hu\/wp-json\/wp\/v2\/media?parent=15229"}],"wp:term":[{"taxonomy":"product_brand","embeddable":true,"href":"https:\/\/zbranebudai.sk\/hu\/wp-json\/wp\/v2\/product_brand?post=15229"},{"taxonomy":"product_cat","embeddable":true,"href":"https:\/\/zbranebudai.sk\/hu\/wp-json\/wp\/v2\/product_cat?post=15229"},{"taxonomy":"product_tag","embeddable":true,"href":"https:\/\/zbranebudai.sk\/hu\/wp-json\/wp\/v2\/product_tag?post=15229"}],"curies":[{"name":"wp","href":"https:\/\/api.w.org\/{rel}","templated":true}]}}