{"id":15227,"date":"2025-02-17T17:58:46","date_gmt":"2025-02-17T15:58:46","guid":{"rendered":"https:\/\/zbranebudai.sk\/product\/saint-16-5-56-nato-223rem-st916556bmlc\/"},"modified":"2026-04-23T07:52:17","modified_gmt":"2026-04-23T05:52:17","slug":"saint-16-5-56-nato-223rem-st916556bmlc","status":"publish","type":"product","link":"https:\/\/zbranebudai.sk\/hu\/product\/saint-16-5-56-nato-223rem-st916556bmlc\/","title":{"rendered":"SAINT 16\u2033, 5.56 NATO\/223Rem. (ST916556BMLC)"},"content":{"rendered":"<p>PARAM\u00c9TEREK:<\/p>\n<p>Cs\u0151hossz: 406 mm (16\u2033)<br \/>\nTeljes hossz: 820-902 mm<br \/>\nA tart\u00e1ly kapacit\u00e1sa: 10<br \/>\nCs\u0151oszt\u00e1s: 1:8\u2033<br \/>\nPicatinny s\u00edn: Igen<br \/>\nA hord\u00f3: CMV, Melonite\u00ae<br \/>\n\u00cdg\u00e9ret: BCMGUNFIGHTER\u2122 Mod 0<br \/>\nS\u00faly: 3,0 kg<\/p>","protected":false},"excerpt":{"rendered":"<p>A Springfield Armory SAINT\u00ae egy modern, \u00f6nt\u00f6lt\u0151 AR-15 t\u00edpus\u00fa puska, amelyet sportl\u00f6v\u00e9szetre terveztek. A SAINT\u00ae sz\u00e1mos olyan tulajdons\u00e1ggal rendelkezik, amelyek n\u00f6velik a haszn\u00e1lat k\u00e9nyelm\u00e9t, kiv\u00e1l\u00f3 min\u0151s\u00e9g\u0171 anyagokb\u00f3l k\u00e9sz\u00fclt \u00e9s pr\u00e9mium alkatr\u00e9szekkel van felszerelve, ami a megb\u00edzhat\u00f3s\u00e1gban \u00e9s a teljes\u00edtm\u00e9nyben is megmutatkozik. A Bravo Company bels\u0151 h\u0151v\u00e9d\u0151 pajzzsal ell\u00e1tott alkarja a k\u00f6nny\u0171 s\u00falyt fel\u00fclm\u00falhatatlan robusztuss\u00e1ggal \u00f6tv\u00f6zi, M-Lok kompatibilis \u00e9s b\u0151s\u00e9ges helyet biztos\u00edt a tartoz\u00e9kok sz\u00e1m\u00e1ra. A Carpenter 158 ac\u00e9lb\u00f3l k\u00e9sz\u00fclt, Melonite\u00ae kivitel\u0171 z\u00e1rszerkezet maxim\u00e1lis megb\u00edzhat\u00f3s\u00e1got biztos\u00edt. A fels\u0151 \u00e9s az als\u00f3 vev\u0151k\u00e9sz\u00fcl\u00e9k kov\u00e1csolt 7075 T6 alum\u00edniumb\u00f3l k\u00e9sz\u00fclt, kem\u00e9ny elox\u00e1lt III-as t\u00edpus\u00fa kivitelben. A nikkel \u00e9s b\u00f3r bevonat\u00fa ravasz selymesen sima fel\u00fcletet biztos\u00edt a SAINT\u00ae sz\u00e1m\u00e1ra. Az integr\u00e1lt pikatinny s\u00ednnel ell\u00e1tott GAS blokkot a maxim\u00e1lis teljes\u00edtm\u00e9nyre \u00e9s a minim\u00e1lis m\u00e9retre optimaliz\u00e1lt\u00e1k. A hossz\u00e1ban \u00e1ll\u00edthat\u00f3 sz\u00e1r \u00e9s a felhajthat\u00f3 ac\u00e9l c\u00e9lz\u00f3k\u00e9sz\u00fcl\u00e9k alapfelszerelts\u00e9g. Tartalmaz egy 10 t\u00f6lt\u00e9nyes t\u00e1rat, z\u00e1rat \u00e9s fegyvert\u00e1sk\u00e1t.<\/p>","protected":false},"featured_media":11889,"template":"","meta":{"_gspb_post_css":""},"product_brand":[],"product_cat":[1821,2174,2173,1820],"product_tag":[],"class_list":{"0":"post-15227","1":"product","2":"type-product","3":"status-publish","4":"has-post-thumbnail","6":"product_cat-gulovnice-zbrane-b-c","7":"product_cat-saint","8":"product_cat-springfield-armory","9":"product_cat-zbrane-b-c","11":"first","12":"outofstock","13":"taxable","14":"shipping-taxable","15":"purchasable","16":"product-type-simple"},"ct_brands":[],"_links":{"self":[{"href":"https:\/\/zbranebudai.sk\/hu\/wp-json\/wp\/v2\/product\/15227","targetHints":{"allow":["GET"]}}],"collection":[{"href":"https:\/\/zbranebudai.sk\/hu\/wp-json\/wp\/v2\/product"}],"about":[{"href":"https:\/\/zbranebudai.sk\/hu\/wp-json\/wp\/v2\/types\/product"}],"wp:featuredmedia":[{"embeddable":true,"href":"https:\/\/zbranebudai.sk\/hu\/wp-json\/wp\/v2\/media\/11889"}],"wp:attachment":[{"href":"https:\/\/zbranebudai.sk\/hu\/wp-json\/wp\/v2\/media?parent=15227"}],"wp:term":[{"taxonomy":"product_brand","embeddable":true,"href":"https:\/\/zbranebudai.sk\/hu\/wp-json\/wp\/v2\/product_brand?post=15227"},{"taxonomy":"product_cat","embeddable":true,"href":"https:\/\/zbranebudai.sk\/hu\/wp-json\/wp\/v2\/product_cat?post=15227"},{"taxonomy":"product_tag","embeddable":true,"href":"https:\/\/zbranebudai.sk\/hu\/wp-json\/wp\/v2\/product_tag?post=15227"}],"curies":[{"name":"wp","href":"https:\/\/api.w.org\/{rel}","templated":true}]}}