{"id":15226,"date":"2025-02-17T17:58:46","date_gmt":"2025-02-17T15:58:46","guid":{"rendered":"https:\/\/zbranebudai.sk\/product\/pistol-1911-operator-5-45acp-po9230\/"},"modified":"2026-04-16T05:13:07","modified_gmt":"2026-04-16T03:13:07","slug":"pisztoly-1911-operator-5-45acp-po9230","status":"publish","type":"product","link":"https:\/\/zbranebudai.sk\/hu\/product\/pistol-1911-operator-5-45acp-po9230\/","title":{"rendered":"Pisztoly 1911 OPERATOR 5\u2033, .45ACP (PO9230)"},"content":{"rendered":"<p>PARAM\u00c9TEREK:<\/p>\n<p>T\u00e1lcakapacit\u00e1s: 8<br \/>\nCs\u0151hossz: 127 mm (5\u2033)<br \/>\nMagass\u00e1g: 133 mm<br \/>\nTeljes hossz: 218 mm<br \/>\nA cs\u0151 furat\u00e1nak oszt\u00e1sa: 1:16\u2033.<br \/>\nKiold\u00f3 ellen\u00e1ll\u00e1s: 2,5 kg<br \/>\nS\u00faly: 1,2 kg<\/p>","protected":false},"excerpt":{"rendered":"<p>A Springfield Armory 1911 Operator\u00ae egy 1911-es platformra \u00e9p\u00fcl\u0151, pr\u00e9mium kateg\u00f3ri\u00e1s kezel\u0151szervekkel ell\u00e1tott taktikai pisztoly. A kov\u00e1csolt v\u00e1z \u00e9s cs\u00faszda, amely minden Springfield Armory 1911-es pisztoly sz\u00edve \u00e9s lelke, megk\u00fcl\u00f6nb\u00f6zteti ezt a pisztolyt a versenyt\u00e1rsak \u00f6nt\u00f6tt modelljeit\u0151l, mivel mind szil\u00e1rds\u00e1gban, mind tart\u00f3ss\u00e1gban fel\u00fclm\u00falja azokat. A match-grade 5\u2033-es cs\u0151, amely kov\u00e1csolt rozsdamentes ac\u00e9lb\u00f3l k\u00e9sz\u00fclt a maxim\u00e1lis tart\u00f3ss\u00e1g \u00e9s robusztuss\u00e1g \u00e9rdek\u00e9ben, maxim\u00e1lis tart\u00f3ss\u00e1got \u00e9s teljes\u00edtm\u00e9nyt biztos\u00edt. A VZ Grips\u00ae G10 markolatok, vonz\u00f3 megjelen\u00e9st kombin\u00e1lnak a maxim\u00e1lis szil\u00e1rd \u00e9rintkez\u00e9st biztos\u00edt\u00f3 m\u00e9ly bord\u00e1z\u00e1ssal. K\u00e9tkezes k\u00e9zi biztos\u00edt\u00e9k \u00e9s teny\u00e9rbiztos\u00edt\u00e1s. J\u00f3l l\u00e1that\u00f3 tr\u00edcium retikula \u00e9s c\u00e9lkereszt kiemelt feh\u00e9r pontokkal. Cerakote\u00ae pr\u00e9mium kivitel. Szkeletoniz\u00e1lt \u00fct\u0151kakas \u00e9s pikatinny s\u00edn. Tartalmaz k\u00e9t 8 l\u00f6v\u00e9ses t\u00e1rat, hordt\u00e1sk\u00e1t \u00e9s fegyverz\u00e1rat.<\/p>","protected":false},"featured_media":11887,"template":"","meta":{"_gspb_post_css":""},"product_brand":[],"product_cat":[2172,1864,2033,1820],"product_tag":[],"class_list":{"0":"post-15226","1":"product","2":"type-product","3":"status-publish","4":"has-post-thumbnail","6":"product_cat-2172","7":"product_cat-pistole-zbrane-b-c","8":"product_cat-springfield-armory-hs-produkt","9":"product_cat-zbrane-b-c","11":"first","12":"outofstock","13":"taxable","14":"shipping-taxable","15":"purchasable","16":"product-type-simple"},"ct_brands":[],"_links":{"self":[{"href":"https:\/\/zbranebudai.sk\/hu\/wp-json\/wp\/v2\/product\/15226","targetHints":{"allow":["GET"]}}],"collection":[{"href":"https:\/\/zbranebudai.sk\/hu\/wp-json\/wp\/v2\/product"}],"about":[{"href":"https:\/\/zbranebudai.sk\/hu\/wp-json\/wp\/v2\/types\/product"}],"wp:featuredmedia":[{"embeddable":true,"href":"https:\/\/zbranebudai.sk\/hu\/wp-json\/wp\/v2\/media\/11887"}],"wp:attachment":[{"href":"https:\/\/zbranebudai.sk\/hu\/wp-json\/wp\/v2\/media?parent=15226"}],"wp:term":[{"taxonomy":"product_brand","embeddable":true,"href":"https:\/\/zbranebudai.sk\/hu\/wp-json\/wp\/v2\/product_brand?post=15226"},{"taxonomy":"product_cat","embeddable":true,"href":"https:\/\/zbranebudai.sk\/hu\/wp-json\/wp\/v2\/product_cat?post=15226"},{"taxonomy":"product_tag","embeddable":true,"href":"https:\/\/zbranebudai.sk\/hu\/wp-json\/wp\/v2\/product_tag?post=15226"}],"curies":[{"name":"wp","href":"https:\/\/api.w.org\/{rel}","templated":true}]}}