{"id":15219,"date":"2025-02-17T17:58:45","date_gmt":"2025-02-17T15:58:45","guid":{"rendered":"https:\/\/zbranebudai.sk\/product\/sako-90-peak-kal-65x55se-ns-dm-st-ss-fl-mb-22-4in-mt15x1\/"},"modified":"2026-04-01T23:52:03","modified_gmt":"2026-04-01T21:52:03","slug":"kabat-90-peak-cal-65x55se-ns-dm-st-ss-ss-fl-mb-22-4in-mt15x1","status":"publish","type":"product","link":"https:\/\/zbranebudai.sk\/hu\/product\/sako-90-peak-kal-65x55se-ns-dm-st-ss-fl-mb-22-4in-mt15x1\/","title":{"rendered":"Sako 90 Peak, cal. 6,5x55SE (NS DM ST SS FL MB 22.4in MT15x1)"},"content":{"rendered":"<p>PARAM\u00c9TEREK:<\/p>\n<p>Cs\u0151hossz: 570 mm (22.4\u2033)<br \/>\nTeljes hossz: 1065 mm<br \/>\nT\u00e1lcakapacit\u00e1s: 5<br \/>\nCs\u0151oszt\u00e1s: 1:10\u2033<br \/>\nPicatinny s\u00edn: Igen<br \/>\nA hord\u00f3: Rozsdamentes<br \/>\n\u00cdg\u00e9ret: Sz\u00e9n<br \/>\nS\u00faly: 2,7 kg<\/p>","protected":false},"excerpt":{"rendered":"<p>A 90 Peak az egyik legk\u00f6nnyebb ism\u00e9tl\u0151puska a piacon! Azoknak a v\u00e9gs\u0151 f\u00e9rfiaknak \u00e9s n\u0151knek tervezt\u00e9k, akiknek szenved\u00e9lye a hossz\u00fa t\u00far\u00e1k \u00e9s a nagy magass\u00e1gok. Az innovat\u00edv Carbonlight platformra \u00e9p\u00fcl, a Sako 90-es sorozat kiv\u00e1l\u00f3 teljes\u00edtm\u00e9ny\u00e9vel \u00e9s technol\u00f3gi\u00e1j\u00e1val. Ultrak\u00f6nny\u0171, RTM technol\u00f3gi\u00e1val k\u00e9sz\u00fclt, textur\u00e1lt fel\u00fclet\u0171 sz\u00e9nsz\u00e1las \u00e1llom\u00e1ny. Hidegen kov\u00e1csolt, rozsdamentes ac\u00e9lb\u00f3l k\u00e9sz\u00fclt, szat\u00e9n matt fel\u00fclet\u0171 cs\u0151, amely a leg\u00fajabb Sako technol\u00f3gia szerint k\u00e9sz\u00fclt. A furat \u00e9s a pitch minden kaliberhez \u00fagy van kiv\u00e1lasztva, hogy optimaliz\u00e1lja a l\u00f6v\u00e9si teljes\u00edtm\u00e9nyt \u00e9s a pontoss\u00e1got. A rozsdamentes ac\u00e9lb\u00f3l k\u00e9sz\u00fclt k\u00e9tsoros t\u00e1r a kil\u00f6v\u0151ny\u00edl\u00e1son kereszt\u00fcl is t\u00f6lthet\u0151. Az egyed\u00fcl\u00e1ll\u00f3 reteszkiold\u00f3 gomb lehet\u0151v\u00e9 teszi a l\u0151szer behelyez\u00e9s\u00e9t vagy elt\u00e1vol\u00edt\u00e1s\u00e1t a t\u00e1rb\u00f3l akkor is, ha a fegyver z\u00e1rva van. \u00c1ll\u00edthat\u00f3 ravaszellen\u00e1ll\u00e1s. Kiv\u00e1l\u00f3 ergon\u00f3mia maxim\u00e1lis pontoss\u00e1ggal, megb\u00edzhat\u00f3s\u00e1ggal \u00e9s a piacon el\u00e9rhet\u0151 legsim\u00e1bb m\u0171k\u00f6d\u00e9ssel. A t\u00f6k\u00e9letes eszk\u00f6zt keres\u0151 v\u00e9gs\u0151 term\u00e9szetj\u00e1r\u00f3 sz\u00e1m\u00e1ra tervezt\u00e9k a hossz\u00fa t\u00far\u00e1khoz \u00e9s hegym\u00e1sz\u00e1sokhoz. \u00dct\u0151f\u00e9k mell\u00e9kelve.<\/p>","protected":false},"featured_media":11861,"template":"","meta":{"_gspb_post_css":""},"product_brand":[],"product_cat":[2148,1821,1822,2143,1820],"product_tag":[],"class_list":{"0":"post-15219","1":"product","2":"type-product","3":"status-publish","4":"has-post-thumbnail","6":"product_cat-90-peak","7":"product_cat-gulovnice-zbrane-b-c","8":"product_cat-sako","9":"product_cat-sako-90","10":"product_cat-zbrane-b-c","12":"first","13":"instock","14":"taxable","15":"shipping-taxable","16":"purchasable","17":"product-type-simple"},"ct_brands":[],"_links":{"self":[{"href":"https:\/\/zbranebudai.sk\/hu\/wp-json\/wp\/v2\/product\/15219","targetHints":{"allow":["GET"]}}],"collection":[{"href":"https:\/\/zbranebudai.sk\/hu\/wp-json\/wp\/v2\/product"}],"about":[{"href":"https:\/\/zbranebudai.sk\/hu\/wp-json\/wp\/v2\/types\/product"}],"wp:featuredmedia":[{"embeddable":true,"href":"https:\/\/zbranebudai.sk\/hu\/wp-json\/wp\/v2\/media\/11861"}],"wp:attachment":[{"href":"https:\/\/zbranebudai.sk\/hu\/wp-json\/wp\/v2\/media?parent=15219"}],"wp:term":[{"taxonomy":"product_brand","embeddable":true,"href":"https:\/\/zbranebudai.sk\/hu\/wp-json\/wp\/v2\/product_brand?post=15219"},{"taxonomy":"product_cat","embeddable":true,"href":"https:\/\/zbranebudai.sk\/hu\/wp-json\/wp\/v2\/product_cat?post=15219"},{"taxonomy":"product_tag","embeddable":true,"href":"https:\/\/zbranebudai.sk\/hu\/wp-json\/wp\/v2\/product_tag?post=15219"}],"curies":[{"name":"wp","href":"https:\/\/api.w.org\/{rel}","templated":true}]}}