{"id":15211,"date":"2025-02-17T17:58:44","date_gmt":"2025-02-17T15:58:44","guid":{"rendered":"https:\/\/zbranebudai.sk\/product\/tippmann-m4-22-redline-m-lok-16-kal-22lr-a101118\/"},"modified":"2026-04-30T10:33:22","modified_gmt":"2026-04-30T08:33:22","slug":"tippmann-m4-22-redline-m-lok-16-cal-22lr-a101118","status":"publish","type":"product","link":"https:\/\/zbranebudai.sk\/hu\/product\/tippmann-m4-22-redline-m-lok-16-kal-22lr-a101118\/","title":{"rendered":"Tippmann M4-22 REDLINE M-Lok 16\u2033, cal. .22LR (A101118)"},"content":{"rendered":"<p>PARAM\u00c9TEREK:<\/p>\n<p>Cs\u0151hossz: 406 mm (16 in)<br \/>\nMenet a hord\u00f3 sz\u00e1j\u00e1n: 1\/2 x 28<br \/>\nTeljes hossz: 794 - 876 mm<br \/>\nA tart\u00e1ly kapacit\u00e1sa: 10\u00a0<br \/>\nHord\u00f3nagys\u00e1g: 1:16<br \/>\nPicatinny s\u00edn: igen<br \/>\nRakt\u00e1rk\u00e9szlet: polimer<br \/>\nCs\u0151: 4150-es ac\u00e9l, Duracote bevonattal<br \/>\nS\u00faly: 2,58 kg<\/p>\n<p>CSOMAG TARTALMA:<\/p>\n<p>1x Tippmann M4-22 REDLINE<br \/>\n1x Impact Brake Game Changer Pro<br \/>\n1x polimer t\u00e1r 10 t\u00f6lt\u00e9nyre porv\u00e9d\u0151vel<br \/>\n1x fegyverz\u00e1r<br \/>\n1x z\u00e1szl\u00f3 a kamar\u00e1hoz<\/p>","protected":false},"excerpt":{"rendered":"<p>Az \u00faj M4-22 REDLINE sorozat a Tippmann Arms \u00e9s a tuning specialist\u00e1k, a Tandemkross k\u00f6z\u00f6s egy\u00fcttm\u0171k\u00f6d\u00e9se, hogy az M4-22-t versenyk\u00e9sz konfigur\u00e1ci\u00f3ban k\u00edn\u00e1lj\u00e1k. A Redline modellek cs\u00f6ve piros Duracote bevonattal rendelkezik, \u00e9s a fegyver \u00e9s a markolat hasonl\u00f3 sz\u00edn\u0171 r\u00e9szeivel egy\u00fctt rendk\u00edv\u00fcl felt\u0171n\u0151 kombin\u00e1ci\u00f3t alkotnak! Az M4-22 REDLINE 16\u2033-es lebeg\u0151 cs\u0151vel rendelkezik Duracote kivitelben, polimer markolattal M-LOK r\u00f6gz\u00edt\u0151furatokkal, TK hiveGrip pisztolymarkolattal, teleszk\u00f3pos sz\u00e1rral, felhajthat\u00f3 c\u00e9lz\u00f3kkal \u00e9s Game Changer Pro torkolatf\u00e9kkel a Tandemkross-t\u00f3l. A Mil-Spec szabv\u00e1ny biztos\u00edtja a kompatibilit\u00e1st az AR-15 platformokhoz kaphat\u00f3 legt\u00f6bb opcion\u00e1lis alkatr\u00e9sszel, c\u00e9lz\u00f3k\u00e9sz\u00fcl\u00e9kkel \u00e9s tartoz\u00e9kkal.<\/p>","protected":false},"featured_media":11833,"template":"","meta":{"_gspb_post_css":""},"product_brand":[],"product_cat":[1821,2082,2081,1820],"product_tag":[],"class_list":{"0":"post-15211","1":"product","2":"type-product","3":"status-publish","4":"has-post-thumbnail","6":"product_cat-gulovnice-zbrane-b-c","7":"product_cat-gulovnice-tippmann","8":"product_cat-tippmann-arms","9":"product_cat-zbrane-b-c","11":"first","12":"instock","13":"taxable","14":"shipping-taxable","15":"purchasable","16":"product-type-simple"},"ct_brands":[],"_links":{"self":[{"href":"https:\/\/zbranebudai.sk\/hu\/wp-json\/wp\/v2\/product\/15211","targetHints":{"allow":["GET"]}}],"collection":[{"href":"https:\/\/zbranebudai.sk\/hu\/wp-json\/wp\/v2\/product"}],"about":[{"href":"https:\/\/zbranebudai.sk\/hu\/wp-json\/wp\/v2\/types\/product"}],"wp:featuredmedia":[{"embeddable":true,"href":"https:\/\/zbranebudai.sk\/hu\/wp-json\/wp\/v2\/media\/11833"}],"wp:attachment":[{"href":"https:\/\/zbranebudai.sk\/hu\/wp-json\/wp\/v2\/media?parent=15211"}],"wp:term":[{"taxonomy":"product_brand","embeddable":true,"href":"https:\/\/zbranebudai.sk\/hu\/wp-json\/wp\/v2\/product_brand?post=15211"},{"taxonomy":"product_cat","embeddable":true,"href":"https:\/\/zbranebudai.sk\/hu\/wp-json\/wp\/v2\/product_cat?post=15211"},{"taxonomy":"product_tag","embeddable":true,"href":"https:\/\/zbranebudai.sk\/hu\/wp-json\/wp\/v2\/product_tag?post=15211"}],"curies":[{"name":"wp","href":"https:\/\/api.w.org\/{rel}","templated":true}]}}