{"id":15206,"date":"2025-02-17T17:58:43","date_gmt":"2025-02-17T15:58:43","guid":{"rendered":"https:\/\/zbranebudai.sk\/product\/ruger-sfar-5614-kal-308win\/"},"modified":"2026-01-17T14:24:32","modified_gmt":"2026-01-17T12:24:32","slug":"ruger-sfar-5614-kal-308win","status":"publish","type":"product","link":"https:\/\/zbranebudai.sk\/hu\/product\/ruger-sfar-5614-kal-308win\/","title":{"rendered":"Ruger SFAR 5614, cal. .308Win."},"content":{"rendered":"<p>PARAM\u00c9TEREK:<\/p>\n<p>Cs\u0151hossz: 409 mm (16.1\u2033)<br \/>\nTeljes hossz: 864-946 mm<br \/>\nA tart\u00e1ly kapacit\u00e1sa: 10<br \/>\nCs\u0151oszt\u00e1s: 1:10\u2033 RH<br \/>\nPicatinny s\u00edn: Igen<br \/>\nA hord\u00f3: 4140 kr\u00f3m-molibd\u00e9n ac\u00e9l.<br \/>\n\u00cdg\u00e9ret: Magpul\u00ae MOE SL\u00ae<br \/>\nS\u00faly: 3,1 kg<\/p>","protected":false},"excerpt":{"rendered":"<p>A pontos \u00e9s megb\u00edzhat\u00f3 Ruger SFAR 5615 \u00f6nt\u00f6lt\u0151 csigapuska egy egyed\u00fcl\u00e1ll\u00f3 M4-es t\u00edpus\u00fa fegyver, amely egyes\u00edti a nagy kaliber\u0171 .308 Win. kompakt m\u00e9ret\u00e9vel \u00e9s k\u00f6nny\u0171 s\u00faly\u00e1val. DLC bevonat\u00fa tit\u00e1n gy\u00fajt\u00f3szeg a lehet\u0151 leghosszabb \u00e9lettartam \u00e9rdek\u00e9ben. Hidegen kov\u00e1csolt 4140-es kr\u00f3m-molibd\u00e9n ac\u00e9lcs\u0151 ultraprec\u00edz 5R huzallal \u00e9s vonz\u00f3 fekete nitrid bevonattal. A Ruger Elite 452\u00ae ravasz sima \u00e9s \u00e9les, 2 fokozat\u00fa ravaszh\u00faz\u00e1st biztos\u00edt 2 font s\u00faly mellett. A Ruger\u00ae Boomer k\u00e9tny\u00edl\u00e1s\u00fa ravasz nagy, egym\u00e1sra mer\u0151leges fel\u00fcletekkel rendelkezik a g\u00e1zok \u00e1tir\u00e1ny\u00edt\u00e1sa \u00e9s a visszar\u00fag\u00e1s \u00e9rz\u00e9kelhet\u0151 cs\u00f6kkent\u00e9se \u00e9rdek\u00e9ben. Magpul\u00ae MOE\u00ae foganty\u00fa \u00e9s alum\u00ednium markolat a Magpul\u00ae \u00e9s M-LOK\u00ae tartoz\u00e9kok r\u00f6gz\u00edt\u00e9s\u00e9re szolg\u00e1l\u00f3 lyukakkal, fels\u0151 pikatinny s\u00ednnel. Sportl\u00f6v\u00e9szethez ide\u00e1lis fegyver, amely kiv\u00e1l\u00f3 t\u00e1vols\u00e1gi teljes\u00edtm\u00e9nyt ny\u00fajt. Pontos \u00e9s megb\u00edzhat\u00f3, az USA-ban k\u00e9sz\u00fclt.<\/p>","protected":false},"featured_media":11821,"template":"","meta":{"_gspb_post_css":""},"product_brand":[],"product_cat":[1821,1837,2166,1820],"product_tag":[],"class_list":{"0":"post-15206","1":"product","2":"type-product","3":"status-publish","4":"has-post-thumbnail","6":"product_cat-gulovnice-zbrane-b-c","7":"product_cat-ruger","8":"product_cat-sfar","9":"product_cat-zbrane-b-c","11":"first","12":"outofstock","13":"taxable","14":"shipping-taxable","15":"purchasable","16":"product-type-simple"},"ct_brands":[],"_links":{"self":[{"href":"https:\/\/zbranebudai.sk\/hu\/wp-json\/wp\/v2\/product\/15206","targetHints":{"allow":["GET"]}}],"collection":[{"href":"https:\/\/zbranebudai.sk\/hu\/wp-json\/wp\/v2\/product"}],"about":[{"href":"https:\/\/zbranebudai.sk\/hu\/wp-json\/wp\/v2\/types\/product"}],"wp:featuredmedia":[{"embeddable":true,"href":"https:\/\/zbranebudai.sk\/hu\/wp-json\/wp\/v2\/media\/11821"}],"wp:attachment":[{"href":"https:\/\/zbranebudai.sk\/hu\/wp-json\/wp\/v2\/media?parent=15206"}],"wp:term":[{"taxonomy":"product_brand","embeddable":true,"href":"https:\/\/zbranebudai.sk\/hu\/wp-json\/wp\/v2\/product_brand?post=15206"},{"taxonomy":"product_cat","embeddable":true,"href":"https:\/\/zbranebudai.sk\/hu\/wp-json\/wp\/v2\/product_cat?post=15206"},{"taxonomy":"product_tag","embeddable":true,"href":"https:\/\/zbranebudai.sk\/hu\/wp-json\/wp\/v2\/product_tag?post=15206"}],"curies":[{"name":"wp","href":"https:\/\/api.w.org\/{rel}","templated":true}]}}