{"id":15204,"date":"2025-02-17T17:58:43","date_gmt":"2025-02-17T15:58:43","guid":{"rendered":"https:\/\/zbranebudai.sk\/product\/sako-quad-heavy-barrel-kal-22lr-ns-st-22in-mt1-2-20-unf\/"},"modified":"2026-04-16T05:10:08","modified_gmt":"2026-04-16T03:10:08","slug":"jacket-quad-heavy-barrel-kal-22lr-ns-st-22in-mt1-2-20-unf","status":"publish","type":"product","link":"https:\/\/zbranebudai.sk\/hu\/product\/sako-quad-heavy-barrel-kal-22lr-ns-st-22in-mt1-2-20-unf\/","title":{"rendered":"QUAD Heavy Barrel jacket, cal. .22LR (NS ST 22in MT1\/2-20 UNF)"},"content":{"rendered":"<p>PARAM\u00c9TEREK:<\/p>\n<p>Cs\u0151hossz: 560 mm (22\u2033)<br \/>\nTeljes hossz: 1007 mm<br \/>\nT\u00e1lcakapacit\u00e1s: 5<br \/>\nCs\u0151emelked\u00e9s: 1:16.5<br \/>\nPicatinny s\u00edn: nem<br \/>\nA hord\u00f3: ac\u00e9l: Feket\u00e9re festett ac\u00e9l<br \/>\n\u00cdg\u00e9ret: Szintetikus<br \/>\nS\u00faly: 2,8 kg<\/p>","protected":false},"excerpt":{"rendered":"<p>A Sako Quad neh\u00e9zcs\u00f6v\u0171 puska egy robusztus, kis kaliber\u0171, ism\u00e9tl\u0151d\u0151 l\u00f6v\u00e9szetre tervezett puska. Az \u00e1llom\u00e1ny t\u00e1vtart\u00f3kkal meghosszabb\u00edthat\u00f3, \u00e9s a fekete szintetikus \u00e1llom\u00e1nyon l\u00e9v\u0151 Monte Carlo-st\u00edlus\u00fa orrpofa nagyszer\u0171 l\u0151poz\u00edci\u00f3t biztos\u00edt t\u00e1maszt\u00e9kkal. A massz\u00edv cs\u0151 b\u00edrja az ism\u00e9telt t\u00fczel\u00e9st an\u00e9lk\u00fcl, hogy t\u00fals\u00e1gosan felmelegedne.<\/p>","protected":false},"featured_media":11817,"template":"","meta":{"_gspb_post_css":""},"product_brand":[],"product_cat":[1821,1822,1823,1820],"product_tag":[],"class_list":{"0":"post-15204","1":"product","2":"type-product","3":"status-publish","4":"has-post-thumbnail","6":"product_cat-gulovnice-zbrane-b-c","7":"product_cat-sako","8":"product_cat-sako-quad","9":"product_cat-zbrane-b-c","11":"first","12":"outofstock","13":"taxable","14":"shipping-taxable","15":"purchasable","16":"product-type-simple"},"ct_brands":[],"_links":{"self":[{"href":"https:\/\/zbranebudai.sk\/hu\/wp-json\/wp\/v2\/product\/15204","targetHints":{"allow":["GET"]}}],"collection":[{"href":"https:\/\/zbranebudai.sk\/hu\/wp-json\/wp\/v2\/product"}],"about":[{"href":"https:\/\/zbranebudai.sk\/hu\/wp-json\/wp\/v2\/types\/product"}],"wp:featuredmedia":[{"embeddable":true,"href":"https:\/\/zbranebudai.sk\/hu\/wp-json\/wp\/v2\/media\/11817"}],"wp:attachment":[{"href":"https:\/\/zbranebudai.sk\/hu\/wp-json\/wp\/v2\/media?parent=15204"}],"wp:term":[{"taxonomy":"product_brand","embeddable":true,"href":"https:\/\/zbranebudai.sk\/hu\/wp-json\/wp\/v2\/product_brand?post=15204"},{"taxonomy":"product_cat","embeddable":true,"href":"https:\/\/zbranebudai.sk\/hu\/wp-json\/wp\/v2\/product_cat?post=15204"},{"taxonomy":"product_tag","embeddable":true,"href":"https:\/\/zbranebudai.sk\/hu\/wp-json\/wp\/v2\/product_tag?post=15204"}],"curies":[{"name":"wp","href":"https:\/\/api.w.org\/{rel}","templated":true}]}}