{"id":15199,"date":"2025-02-17T17:58:42","date_gmt":"2025-02-17T15:58:42","guid":{"rendered":"https:\/\/zbranebudai.sk\/product\/stalon-xs149-1-2-28-max-kal-9x19\/"},"modified":"2026-04-01T23:49:07","modified_gmt":"2026-04-01T21:49:07","slug":"stalon-xs149-1-2-28-max-cal-9x19","status":"publish","type":"product","link":"https:\/\/zbranebudai.sk\/hu\/product\/stalon-xs149-1-2-28-max-kal-9x19\/","title":{"rendered":"Stalon XS149, 1\/2-28, max. kal. 9\u00d719"},"content":{"rendered":"<p>X-sorozat<\/p>\n<p>Az X sorozat hat egyedi modellb\u0151l \u00e1ll XS108, XS149, X108, X149, XE108, XE108, XE149, amelyek hossza, s\u00falya \u00e9s teljes\u00edtm\u00e9nye v\u00e1ltoz\u00f3. Minden modell teleszk\u00f3pos kialak\u00edt\u00e1s\u00fa, \u00e9s k\u00f6z\u00f6s jellemz\u0151j\u00fck a cser\u00e9lhet\u0151 frontok (\"Front 108\" \/ \"Front 149\"), ami azt jelenti, hogy a front k\u00f6nnyen cser\u00e9lhet\u0151 vagy hosszabbra\/r\u00f6videbbre cser\u00e9lhet\u0151, de m\u00e1s kaliberhez is igaz\u00edthat\u00f3.  P\u00e9ld\u00e1ul: a Stalon X108 \u00e1talak\u00edthat\u00f3 X149-re, ha csak az el\u00fcls\u0151 r\u00e9szt cser\u00e9lj\u00fck \"Front 108\"-r\u00f3l \"Front 149\"-re (a sorozatsz\u00e1m csak a h\u00e1ts\u00f3 r\u00e9szen van bev\u00e9sve). A cser\u00e9lhet\u0151 frontr\u00e9szek el\u0151nyei v\u00e9gtelenek, \u00e9s ez egy nagyszer\u0171 m\u00f3dja annak, hogy k\u00f6nnyen optimaliz\u00e1ljon egy hangtomp\u00edt\u00f3t a vad\u00e1szat \u00e9s a c\u00e9ll\u00f6v\u00e9szet minden st\u00edlus\u00e1hoz.<\/p>\n<p>PARAM\u00c9TEREK:<\/p>\n<p>Maxim\u00e1lis kaliber: 9\u00d719<br \/>\nMax. Cs\u0151\u00e1tm\u00e9r\u0151: 22,5 mm<br \/>\nZajcsillap\u00edt\u00e1s: -30,5 dBc (0,308)<br \/>\n\u00c1tm\u00e9r\u0151: 49,1 mm<br \/>\nHossz: 237,5 mm (88,5 mm \u00fcltet\u00e9s \/ 149 mm cs\u0151hosszabb\u00edt\u00e1s)<br \/>\nAnyag - test: elox\u00e1lt, kiv\u00e1l\u00f3 min\u0151s\u00e9g\u0171 alum\u00ednium<br \/>\nAnyag - menet: tit\u00e1n<br \/>\nAnyag - els\u0151 terel\u0151lap: rozsdamentes ac\u00e9l<br \/>\nAnyag - egy\u00e9b v\u00e1laszfalak: elox\u00e1lt kiv\u00e1l\u00f3 min\u0151s\u00e9g\u0171 alum\u00ednium<br \/>\nSz\u00edn: arany gy\u0171r\u0171vel a k\u00f6zep\u00e9n<br \/>\nS\u00faly: 344 g<\/p>","protected":false},"excerpt":{"rendered":"<p>A Stalon XS149 egy kis m\u00e9ret\u0171 hangtomp\u00edt\u00f3, r\u00f6vid teleszk\u00f3pos h\u00e1ts\u00f3 r\u00e9sszel (over-barrel) \u00e9s hosszabb els\u0151 r\u00e9sszel. A .222-es kalibert\u0151l a .45-\u00f6s kaliberig haszn\u00e1lhat\u00f3, de a kisebb kaliberekhez (.222-t\u0151l a 308Win. kaliberig) optimaliz\u00e1lt\u00e1k. M\u00e9ret\u00e9b\u0151l ad\u00f3d\u00f3an figyelemre m\u00e9lt\u00f3, -30,5 dBc (0,308) csillap\u00edt\u00e1st biztos\u00edt, \u00e9s kiv\u00e1l\u00f3 v\u00e1laszt\u00e1s kombin\u00e1lt vad\u00e1szathoz (spot \u00e9s move).<\/p>","protected":false},"featured_media":11805,"template":"","meta":{"_gspb_post_css":""},"product_brand":[],"product_cat":[2113,2107,2124,2165,1820],"product_tag":[],"class_list":{"0":"post-15199","1":"product","2":"type-product","3":"status-publish","4":"has-post-thumbnail","6":"product_cat-stalon","7":"product_cat-tlmice-zbrane-b-c","8":"product_cat-x-series","9":"product_cat-xs149","10":"product_cat-zbrane-b-c","12":"first","13":"instock","14":"taxable","15":"shipping-taxable","16":"purchasable","17":"product-type-simple"},"ct_brands":[],"_links":{"self":[{"href":"https:\/\/zbranebudai.sk\/hu\/wp-json\/wp\/v2\/product\/15199","targetHints":{"allow":["GET"]}}],"collection":[{"href":"https:\/\/zbranebudai.sk\/hu\/wp-json\/wp\/v2\/product"}],"about":[{"href":"https:\/\/zbranebudai.sk\/hu\/wp-json\/wp\/v2\/types\/product"}],"wp:featuredmedia":[{"embeddable":true,"href":"https:\/\/zbranebudai.sk\/hu\/wp-json\/wp\/v2\/media\/11805"}],"wp:attachment":[{"href":"https:\/\/zbranebudai.sk\/hu\/wp-json\/wp\/v2\/media?parent=15199"}],"wp:term":[{"taxonomy":"product_brand","embeddable":true,"href":"https:\/\/zbranebudai.sk\/hu\/wp-json\/wp\/v2\/product_brand?post=15199"},{"taxonomy":"product_cat","embeddable":true,"href":"https:\/\/zbranebudai.sk\/hu\/wp-json\/wp\/v2\/product_cat?post=15199"},{"taxonomy":"product_tag","embeddable":true,"href":"https:\/\/zbranebudai.sk\/hu\/wp-json\/wp\/v2\/product_tag?post=15199"}],"curies":[{"name":"wp","href":"https:\/\/api.w.org\/{rel}","templated":true}]}}