{"id":15191,"date":"2025-02-17T17:58:41","date_gmt":"2025-02-17T15:58:41","guid":{"rendered":"https:\/\/zbranebudai.sk\/product\/gulovnica-hs-vhs-2s-20-kal-5-56-nato-223rem\/"},"modified":"2026-03-17T12:18:39","modified_gmt":"2026-03-17T10:18:39","slug":"hs-vhs-2s-20-cal-5-56-nato-223rem","status":"publish","type":"product","link":"https:\/\/zbranebudai.sk\/hu\/product\/gulovnica-hs-vhs-2s-20-kal-5-56-nato-223rem\/","title":{"rendered":"Puska HS VHS-2s 20\u2033, cal. 5.56 NATO\/.223Rem."},"content":{"rendered":"<p>Els\u0151 oszt\u00e1ly\u00fa ergon\u00f3mia, 5 poz\u00edci\u00f3ban \u00e1ll\u00edthat\u00f3 sz\u00e1r, 6 szem a gyorsv\u00e1lt\u00f3 QD hevederhurok r\u00f6gz\u00edt\u00e9s\u00e9hez. Az alkaron a 3, 6 \u00e9s 9 \u00f3r\u00e1s poz\u00edci\u00f3ban l\u00e9v\u0151 M-lock ny\u00edl\u00e1sok lehet\u0151v\u00e9 teszik sz\u00e1mos tartoz\u00e9k r\u00f6gz\u00edt\u00e9s\u00e9t. A VHS-2s fel van szerelve egy pikatinny s\u00ednes hordoz\u00f3foganty\u00faval, amely csukl\u00f3s ac\u00e9l c\u00e9lz\u00f3k\u00e9sz\u00fcl\u00e9kkel van felszerelve. A BCM Gunfighter \u00e1ltal gy\u00e1rtott pisztolymarkolat az egyik legfejlettebb ergonomikus markolat. Az alj\u00e1n l\u00e9v\u0151 fed\u00e9lnek k\u00f6sz\u00f6nhet\u0151en kisebb tartoz\u00e9kok, p\u00e9ld\u00e1ul f\u00fcldug\u00f3k, szersz\u00e1mok, elemek, tiszt\u00edt\u00f3szerek stb. t\u00e1rol\u00e1s\u00e1ra alkalmas. A pisztolymarkolat cser\u00e9lhet\u0151 b\u00e1rmely AR-15 markolattal.<\/p>\n<p>A 10 t\u00f6lt\u00e9nyes t\u00e1rak tart\u00f3s, f\u00e9lig \u00e1tl\u00e1tsz\u00f3 polimerb\u0151l k\u00e9sz\u00fcltek, \u00edgy gyorsan l\u00e1that\u00f3v\u00e1 v\u00e1lik a t\u00e1rban l\u00e9v\u0151 t\u00f6lt\u00e9nyek sz\u00e1ma. A kompenz\u00e1torral ell\u00e1tott cs\u0151 lehet\u0151v\u00e9 teszi a hangtomp\u00edt\u00f3k felszerel\u00e9s\u00e9t. K\u00e9t\u00e1ll\u00e1s\u00fa g\u00e1znyom\u00e1s-be\u00e1ll\u00edt\u00e1s a fojt\u00f3sz\u00e1ras\/fojt\u00f3sz\u00e1r n\u00e9lk\u00fcli t\u00fczel\u00e9si m\u00f3dhoz. Az \u00f6sszes funkci\u00f3 kombin\u00e1ci\u00f3ja a VHS-2s-t rugalmas, felhaszn\u00e1l\u00f3bar\u00e1t \u00e9s sokoldal\u00fa fegyverr\u00e9 teszi.<\/p>\n<p>PARAM\u00c9TEREK:<\/p>\n<p>Cs\u0151hossz: 510 mm (20 in)<br \/>\nTeljes hossz: 810 - 860 mm<br \/>\nSz\u00e9less\u00e9g: 76 mm<br \/>\nMagass\u00e1g: 222 mm<br \/>\nA tart\u00e1ly kapacit\u00e1sa: 10<br \/>\nA cs\u0151 furat\u00e1nak oszt\u00e1sa: 1:7<br \/>\nPicatinny s\u00edn: igen<br \/>\n\u00cdg\u00e9ret: Fekete, szintetikus<br \/>\nS\u00faly: 3,6 kg<br \/>\nMenet: 1\/2\u00d728<\/p>\n<p>CSOMAG TARTALMA:<\/p>\n<p>Puska: 1 darab<br \/>\nT\u00e1lca: 3 db<br \/>\nTiszt\u00edt\u00f3 k\u00e9szlet: 1 darab<br \/>\ntok: 1 db<\/p>","protected":false},"excerpt":{"rendered":"<p>VHS-2s - a horv\u00e1t hadsereg fegyvere polg\u00e1ri v\u00e1ltozatban, 20\u2033-es cs\u0151vel. Jelenleg a legfejlettebb f\u00e9lautomata bullpup puska 5.56 NATO \/ .223 Remington kaliberben a piacon, amelyet vil\u00e1gszerte hadseregek, k\u00fcl\u00f6nleges katonai \u00e9s rend\u0151ri egys\u00e9gek haszn\u00e1lnak. Nagyon n\u00e9pszer\u0171 az USA-ban, ahol Springfield Hellion n\u00e9ven ismert. A Bullpup modul\u00e1ris platformra tervezt\u00e9k, amely kompakt, mind\u00f6ssze 81 cm-es m\u00e9retet k\u00edn\u00e1l, ugyanakkor megtartja a hosszabb cs\u0151 (51 cm\/20\") pontoss\u00e1g\u00e1t, torkolati sebess\u00e9g\u00e9t \u00e9s minden ballisztikai el\u0151ny\u00e9t. A mindk\u00e9t oldalon el\u00e9rhet\u0151 kezel\u0151szervekkel \u00e9s a t\u00f6lt\u00e9ny kil\u00f6v\u00e9s\u00e9nek balra vagy jobbra t\u00f6rt\u00e9n\u0151 egyszer\u0171 be\u00e1ll\u00edt\u00e1s\u00e1nak lehet\u0151s\u00e9g\u00e9vel a VHS-2s teljesen m\u0171k\u00f6d\u0151k\u00e9pes mind a jobb-, mind a balkezes l\u00f6v\u00e9szek sz\u00e1m\u00e1ra. AR-15 t\u00e1rakhoz megv\u00e1s\u00e1rolhat\u00f3 egy t\u00e1rny\u00edl\u00e1s (67051).<\/p>","protected":false},"featured_media":11789,"template":"","meta":{"_gspb_post_css":""},"product_brand":[],"product_cat":[1821,2092,2091,1820],"product_tag":[],"class_list":{"0":"post-15191","1":"product","2":"type-product","3":"status-publish","4":"has-post-thumbnail","6":"product_cat-gulovnice-zbrane-b-c","7":"product_cat-gulovnice-hs-produkt","8":"product_cat-hs-produkt","9":"product_cat-zbrane-b-c","11":"first","12":"outofstock","13":"taxable","14":"shipping-taxable","15":"purchasable","16":"product-type-simple"},"ct_brands":[],"_links":{"self":[{"href":"https:\/\/zbranebudai.sk\/hu\/wp-json\/wp\/v2\/product\/15191","targetHints":{"allow":["GET"]}}],"collection":[{"href":"https:\/\/zbranebudai.sk\/hu\/wp-json\/wp\/v2\/product"}],"about":[{"href":"https:\/\/zbranebudai.sk\/hu\/wp-json\/wp\/v2\/types\/product"}],"wp:featuredmedia":[{"embeddable":true,"href":"https:\/\/zbranebudai.sk\/hu\/wp-json\/wp\/v2\/media\/11789"}],"wp:attachment":[{"href":"https:\/\/zbranebudai.sk\/hu\/wp-json\/wp\/v2\/media?parent=15191"}],"wp:term":[{"taxonomy":"product_brand","embeddable":true,"href":"https:\/\/zbranebudai.sk\/hu\/wp-json\/wp\/v2\/product_brand?post=15191"},{"taxonomy":"product_cat","embeddable":true,"href":"https:\/\/zbranebudai.sk\/hu\/wp-json\/wp\/v2\/product_cat?post=15191"},{"taxonomy":"product_tag","embeddable":true,"href":"https:\/\/zbranebudai.sk\/hu\/wp-json\/wp\/v2\/product_tag?post=15191"}],"curies":[{"name":"wp","href":"https:\/\/api.w.org\/{rel}","templated":true}]}}