{"id":15189,"date":"2025-02-17T17:58:41","date_gmt":"2025-02-17T15:58:41","guid":{"rendered":"https:\/\/zbranebudai.sk\/product\/ustova-brzda-klymax-fast-lock-16x1-k-e-kfl-m16x1\/"},"modified":"2026-04-16T05:09:04","modified_gmt":"2026-04-16T03:09:04","slug":"szajfek-klymax-gyorszar-16x1-k-e-kfl-m16x1","status":"publish","type":"product","link":"https:\/\/zbranebudai.sk\/hu\/product\/ustova-brzda-klymax-fast-lock-16x1-k-e-kfl-m16x1\/","title":{"rendered":"Klymax Fast Lock 16\u00d71 (K-E-KFL-M16x1)"},"content":{"rendered":"","protected":false},"excerpt":{"rendered":"<p>A Klymax Fast Lock \"KFL\" egy egyed\u00fcl\u00e1ll\u00f3 szabadalmaztatott gyorskiold\u00f3 rendszer, amelyet a Klymax leng\u00e9scsillap\u00edt\u00f3k gyors felszerel\u00e9s\u00e9re haszn\u00e1lnak. Abszol\u00fat prec\u00edz \u00e9s garant\u00e1lja a maxim\u00e1lis biztons\u00e1got \u00e9s leforr\u00e1zhat\u00f3s\u00e1got. A KFL f\u00e9k nemcsak a leng\u00e9scsillap\u00edt\u00f3k gyors felszerel\u00e9s\u00e9t szolg\u00e1lja, hanem a visszar\u00fag\u00e1st is cs\u00f6kkenti ak\u00e1r -60% \u00e9rt\u00e9kkel.<\/p>","protected":false},"featured_media":11783,"template":"","meta":{"_gspb_post_css":""},"product_brand":[],"product_cat":[2156,2157,2107,1820],"product_tag":[],"class_list":{"0":"post-15189","1":"product","2":"type-product","3":"status-publish","4":"has-post-thumbnail","6":"product_cat-klymax","7":"product_cat-prislusenstvo-klymax","8":"product_cat-tlmice-zbrane-b-c","9":"product_cat-zbrane-b-c","11":"first","12":"outofstock","13":"taxable","14":"shipping-taxable","15":"purchasable","16":"product-type-simple"},"ct_brands":[],"_links":{"self":[{"href":"https:\/\/zbranebudai.sk\/hu\/wp-json\/wp\/v2\/product\/15189","targetHints":{"allow":["GET"]}}],"collection":[{"href":"https:\/\/zbranebudai.sk\/hu\/wp-json\/wp\/v2\/product"}],"about":[{"href":"https:\/\/zbranebudai.sk\/hu\/wp-json\/wp\/v2\/types\/product"}],"wp:featuredmedia":[{"embeddable":true,"href":"https:\/\/zbranebudai.sk\/hu\/wp-json\/wp\/v2\/media\/11783"}],"wp:attachment":[{"href":"https:\/\/zbranebudai.sk\/hu\/wp-json\/wp\/v2\/media?parent=15189"}],"wp:term":[{"taxonomy":"product_brand","embeddable":true,"href":"https:\/\/zbranebudai.sk\/hu\/wp-json\/wp\/v2\/product_brand?post=15189"},{"taxonomy":"product_cat","embeddable":true,"href":"https:\/\/zbranebudai.sk\/hu\/wp-json\/wp\/v2\/product_cat?post=15189"},{"taxonomy":"product_tag","embeddable":true,"href":"https:\/\/zbranebudai.sk\/hu\/wp-json\/wp\/v2\/product_tag?post=15189"}],"curies":[{"name":"wp","href":"https:\/\/api.w.org\/{rel}","templated":true}]}}