{"id":15186,"date":"2025-02-17T17:58:41","date_gmt":"2025-02-17T15:58:41","guid":{"rendered":"https:\/\/zbranebudai.sk\/product\/pero-spuste-pre-spielberg-brno-200f-kal-6mm-me-flobert-court\/"},"modified":"2026-04-30T10:05:16","modified_gmt":"2026-04-30T08:05:16","slug":"ravasz-toll-spielberg-brno-200f-cal-6mm-me-flobert-courthoz","status":"publish","type":"product","link":"https:\/\/zbranebudai.sk\/hu\/product\/pero-spuste-pre-spielberg-brno-200f-kal-6mm-me-flobert-court\/","title":{"rendered":"Ravasz toll Spielberg Brno 200F, cal. 6mm ME Flobert b\u00edr\u00f3s\u00e1g"},"content":{"rendered":"","protected":false},"excerpt":{"rendered":"","protected":false},"featured_media":11777,"template":"","meta":{"_gspb_post_css":""},"product_brand":[],"product_cat":[1880,2011,1881,1824],"product_tag":[],"class_list":{"0":"post-15186","1":"product","2":"type-product","3":"status-publish","4":"has-post-thumbnail","6":"product_cat-flobertky","7":"product_cat-prislusenstvo-spielberg-brno","8":"product_cat-spielberg-brno","9":"product_cat-zbrane-18-d","11":"first","12":"outofstock","13":"taxable","14":"shipping-taxable","15":"purchasable","16":"product-type-simple"},"ct_brands":[],"_links":{"self":[{"href":"https:\/\/zbranebudai.sk\/hu\/wp-json\/wp\/v2\/product\/15186","targetHints":{"allow":["GET"]}}],"collection":[{"href":"https:\/\/zbranebudai.sk\/hu\/wp-json\/wp\/v2\/product"}],"about":[{"href":"https:\/\/zbranebudai.sk\/hu\/wp-json\/wp\/v2\/types\/product"}],"wp:featuredmedia":[{"embeddable":true,"href":"https:\/\/zbranebudai.sk\/hu\/wp-json\/wp\/v2\/media\/11777"}],"wp:attachment":[{"href":"https:\/\/zbranebudai.sk\/hu\/wp-json\/wp\/v2\/media?parent=15186"}],"wp:term":[{"taxonomy":"product_brand","embeddable":true,"href":"https:\/\/zbranebudai.sk\/hu\/wp-json\/wp\/v2\/product_brand?post=15186"},{"taxonomy":"product_cat","embeddable":true,"href":"https:\/\/zbranebudai.sk\/hu\/wp-json\/wp\/v2\/product_cat?post=15186"},{"taxonomy":"product_tag","embeddable":true,"href":"https:\/\/zbranebudai.sk\/hu\/wp-json\/wp\/v2\/product_tag?post=15186"}],"curies":[{"name":"wp","href":"https:\/\/api.w.org\/{rel}","templated":true}]}}