{"id":15184,"date":"2025-02-17T17:58:40","date_gmt":"2025-02-17T15:58:40","guid":{"rendered":"https:\/\/zbranebudai.sk\/product\/sako-90-adventure-kal-8x57is-ns-h237-dm-std-ss-20in-mt15x1\/"},"modified":"2026-04-16T05:08:09","modified_gmt":"2026-04-16T03:08:09","slug":"kabat-90-kal-kal-8x57is-ns-h237-dm-std-ss-20in-mt15x1","status":"publish","type":"product","link":"https:\/\/zbranebudai.sk\/hu\/product\/sako-90-adventure-kal-8x57is-ns-h237-dm-std-ss-20in-mt15x1\/","title":{"rendered":"Sako 90 Adventure, cal. 8x57IS (NS H237 DM STD SS 20in MT15x1)"},"content":{"rendered":"<p>PARAM\u00c9TEREK:<\/p>\n<p>Cs\u0151hossz: 510 mm (20\u2033)<br \/>\nTeljes hossz: 1040 mm<br \/>\nT\u00e1lcakapacit\u00e1s: 5<br \/>\nCs\u0151oszt\u00e1s: 1:9,5<br \/>\nPicatinny s\u00edn: Igen<br \/>\nA hord\u00f3: Tungsten Cerakote<br \/>\n\u00cdg\u00e9ret: Szintetikus<br \/>\nS\u00faly: 3,0 kg<\/p>","protected":false},"excerpt":{"rendered":"<p>Jacket 90 Adventure - Ez a tart\u00f3s \u00e9s rendk\u00edv\u00fcl megb\u00edzhat\u00f3 ism\u00e9tl\u0151puska \u00faj szintre emeli a haszn\u00e1lhat\u00f3s\u00e1got \u00e9s a praktikumot. Az \u00e1ll\u00edthat\u00f3 \u00fcvegsz\u00e1las sz\u00e1r \u00e9s a Tungsten Cerakote bevonat\u00fa, rozsdamentes ac\u00e9lb\u00f3l k\u00e9sz\u00fclt z\u00e1rszerkezet \u00e9s cs\u0151 minden k\u00f6r\u00fclm\u00e9nyek k\u00f6z\u00f6tt tart\u00f3ss\u00e1 teszi a pusk\u00e1t, \u00e9s magas szint\u0171 ergon\u00f3mi\u00e1t k\u00edn\u00e1l sz\u00e1mos vad\u00e1szati szak\u00e1gban. A cs\u0151 \u00e9s az emelked\u00e9s minden kaliberhez \u00fagy lett kiv\u00e1lasztva, hogy optimaliz\u00e1lja a teljes\u00edtm\u00e9nyt \u00e9s a l\u00f6v\u00e9spontoss\u00e1got. A rozsdamentes ac\u00e9lb\u00f3l k\u00e9sz\u00fclt k\u00e9tsoros t\u00e1r a kil\u00f6v\u0151ny\u00edl\u00e1son kereszt\u00fcl is t\u00f6lthet\u0151. Az egyed\u00fcl\u00e1ll\u00f3 z\u00e1rkiold\u00f3 gomb lehet\u0151v\u00e9 teszi a l\u0151szer behelyez\u00e9s\u00e9t vagy elt\u00e1vol\u00edt\u00e1s\u00e1t a t\u00e1rb\u00f3l akkor is, ha a fegyver z\u00e1rva van. \u00c1ll\u00edthat\u00f3 ravaszellen\u00e1ll\u00e1s. A sz\u00e9les kaliberv\u00e1laszt\u00e9k a legt\u00f6bb vadhoz haszn\u00e1lhat\u00f3v\u00e1 teszi, az alkalmazott anyag \u00e9s technol\u00f3giai megold\u00e1sok pedig b\u00e1rmilyen k\u00f6rnyezetben biztos\u00edtj\u00e1k a megb\u00edzhat\u00f3s\u00e1got. Kezd\u0151 \u00e9s tapasztalt vad\u00e1szok sz\u00e1m\u00e1ra k\u00e9sz\u00fclt, akik k\u00f6nny\u0171, maxim\u00e1lis tart\u00f3ss\u00e1g\u00fa \u00e9s k\u00f6nnyen karbantarthat\u00f3 pusk\u00e1t keresnek!<\/p>","protected":false},"featured_media":11773,"template":"","meta":{"_gspb_post_css":""},"product_brand":[],"product_cat":[2146,1821,1822,2143,1820],"product_tag":[],"class_list":{"0":"post-15184","1":"product","2":"type-product","3":"status-publish","4":"has-post-thumbnail","6":"product_cat-90-adventure","7":"product_cat-gulovnice-zbrane-b-c","8":"product_cat-sako","9":"product_cat-sako-90","10":"product_cat-zbrane-b-c","12":"first","13":"instock","14":"taxable","15":"shipping-taxable","16":"purchasable","17":"product-type-simple"},"ct_brands":[],"_links":{"self":[{"href":"https:\/\/zbranebudai.sk\/hu\/wp-json\/wp\/v2\/product\/15184","targetHints":{"allow":["GET"]}}],"collection":[{"href":"https:\/\/zbranebudai.sk\/hu\/wp-json\/wp\/v2\/product"}],"about":[{"href":"https:\/\/zbranebudai.sk\/hu\/wp-json\/wp\/v2\/types\/product"}],"wp:featuredmedia":[{"embeddable":true,"href":"https:\/\/zbranebudai.sk\/hu\/wp-json\/wp\/v2\/media\/11773"}],"wp:attachment":[{"href":"https:\/\/zbranebudai.sk\/hu\/wp-json\/wp\/v2\/media?parent=15184"}],"wp:term":[{"taxonomy":"product_brand","embeddable":true,"href":"https:\/\/zbranebudai.sk\/hu\/wp-json\/wp\/v2\/product_brand?post=15184"},{"taxonomy":"product_cat","embeddable":true,"href":"https:\/\/zbranebudai.sk\/hu\/wp-json\/wp\/v2\/product_cat?post=15184"},{"taxonomy":"product_tag","embeddable":true,"href":"https:\/\/zbranebudai.sk\/hu\/wp-json\/wp\/v2\/product_tag?post=15184"}],"curies":[{"name":"wp","href":"https:\/\/api.w.org\/{rel}","templated":true}]}}