{"id":15178,"date":"2025-02-17T17:58:39","date_gmt":"2025-02-17T15:58:39","guid":{"rendered":"https:\/\/zbranebudai.sk\/product\/kruzok-vymedzovaci-pre-termoizolacny-navlek-na-tlmic-mps-45\/"},"modified":"2026-04-16T05:08:08","modified_gmt":"2026-04-16T03:08:08","slug":"gyuru-hoszigetelo-lengescsillapito-burkolathoz-mps-45","status":"publish","type":"product","link":"https:\/\/zbranebudai.sk\/hu\/product\/kruzok-vymedzovaci-pre-termoizolacny-navlek-na-tlmic-mps-45\/","title":{"rendered":"Meghat\u00e1roz\u00f3 gy\u0171r\u0171 az MPS 45 hangtomp\u00edt\u00f3 h\u0151szigetel\u0151 h\u00fcvely\u00e9hez"},"content":{"rendered":"","protected":false},"excerpt":{"rendered":"","protected":false},"featured_media":11749,"template":"","meta":{"_gspb_post_css":""},"product_brand":[],"product_cat":[2156,2157,2107,1820],"product_tag":[],"class_list":{"0":"post-15178","1":"product","2":"type-product","3":"status-publish","4":"has-post-thumbnail","6":"product_cat-klymax","7":"product_cat-prislusenstvo-klymax","8":"product_cat-tlmice-zbrane-b-c","9":"product_cat-zbrane-b-c","11":"first","12":"instock","13":"taxable","14":"shipping-taxable","15":"purchasable","16":"product-type-simple"},"ct_brands":[],"_links":{"self":[{"href":"https:\/\/zbranebudai.sk\/hu\/wp-json\/wp\/v2\/product\/15178","targetHints":{"allow":["GET"]}}],"collection":[{"href":"https:\/\/zbranebudai.sk\/hu\/wp-json\/wp\/v2\/product"}],"about":[{"href":"https:\/\/zbranebudai.sk\/hu\/wp-json\/wp\/v2\/types\/product"}],"wp:featuredmedia":[{"embeddable":true,"href":"https:\/\/zbranebudai.sk\/hu\/wp-json\/wp\/v2\/media\/11749"}],"wp:attachment":[{"href":"https:\/\/zbranebudai.sk\/hu\/wp-json\/wp\/v2\/media?parent=15178"}],"wp:term":[{"taxonomy":"product_brand","embeddable":true,"href":"https:\/\/zbranebudai.sk\/hu\/wp-json\/wp\/v2\/product_brand?post=15178"},{"taxonomy":"product_cat","embeddable":true,"href":"https:\/\/zbranebudai.sk\/hu\/wp-json\/wp\/v2\/product_cat?post=15178"},{"taxonomy":"product_tag","embeddable":true,"href":"https:\/\/zbranebudai.sk\/hu\/wp-json\/wp\/v2\/product_tag?post=15178"}],"curies":[{"name":"wp","href":"https:\/\/api.w.org\/{rel}","templated":true}]}}