{"id":15175,"date":"2025-02-17T17:58:39","date_gmt":"2025-02-17T15:58:39","guid":{"rendered":"https:\/\/zbranebudai.sk\/product\/klymax-mps-55-aluminium-max-kal-6-7mm\/"},"modified":"2026-04-16T05:08:08","modified_gmt":"2026-04-16T03:08:08","slug":"klymax-mps-55-aluminium-max-cal-6-7mm","status":"publish","type":"product","link":"https:\/\/zbranebudai.sk\/hu\/product\/klymax-mps-55-aluminium-max-kal-6-7mm\/","title":{"rendered":"Klymax MPS 55 Alum\u00ednium, max. cal. 6-7mm"},"content":{"rendered":"<p>PARAM\u00c9TEREK:<\/p>\n<p>Max. kaliber: 6-7 mm (243Win, 6.5x55SE, 6.5CRMR, 6.5PRC, 270WSM, 270Win)<br \/>\nZajcsillap\u00edt\u00e1s: 41-46 db<br \/>\n\u00c1tm\u00e9r\u0151: 55 mm<br \/>\nHossz\u00fas\u00e1g: 289 mm (140 mm \u00fcltet\u00e9s \/ 149 mm cs\u0151hosszabb\u00edt\u00e1s)<br \/>\nAnyag: Alum\u00ednium: Kiv\u00e1l\u00f3 min\u0151s\u00e9g\u0171 alum\u00ednium<br \/>\nSz\u00edn: Fekete<br \/>\nS\u00faly: 740 g<\/p>","protected":false},"excerpt":{"rendered":"<p>A Klymax MPS 55 olyan l\u00f6v\u00e9szek sz\u00e1m\u00e1ra lett kifejlesztve, akiknek fontos a kiv\u00e1l\u00f3 modularit\u00e1s \u00e9s a maxim\u00e1lis zajcs\u00f6kkent\u00e9s. A hangtomp\u00edt\u00f3 r\u00f6vid\u00edthet\u0151 vagy hosszabb\u00edthat\u00f3 az egyes szegmensek elt\u00e1vol\u00edt\u00e1s\u00e1val\/ hozz\u00e1ad\u00e1s\u00e1val. A felszerel\u00e9s a megfelel\u0151 menettel rendelkez\u0151 Klymax KFL fesz\u00edt\u0151f\u00e9kkel t\u00f6rt\u00e9nik. Ennek a megold\u00e1snak az el\u0151nye a teljes\u00edtm\u00e9ny nagyfok\u00fa sk\u00e1l\u00e1zhat\u00f3s\u00e1ga \u00e9s egyetlen hangtomp\u00edt\u00f3 alkalmazhat\u00f3s\u00e1ga k\u00fcl\u00f6nb\u00f6z\u0151 helyzetekben \u00e9s k\u00fcl\u00f6nb\u00f6z\u0151 fegyvereken. Az MPS 55 sorozat\u00fa hangtomp\u00edt\u00f3k 55 mm \u00e1tm\u00e9r\u0151j\u0171ek, 5 modulb\u00f3l \u00e1llnak, \u00e9s tetsz\u00e9s szerint r\u00f6vid\u00edthet\u0151k vagy hosszabb\u00edthat\u00f3k. A KFL gyorskiold\u00f3val kombin\u00e1lva t\u00f6k\u00e9letes t\u00e1rs minden szakember sz\u00e1m\u00e1ra.<\/p>","protected":false},"featured_media":11743,"template":"","meta":{"_gspb_post_css":""},"product_brand":[],"product_cat":[2156,2232,2107,1820],"product_tag":[],"class_list":{"0":"post-15175","1":"product","2":"type-product","3":"status-publish","4":"has-post-thumbnail","6":"product_cat-klymax","7":"product_cat-mps-55","8":"product_cat-tlmice-zbrane-b-c","9":"product_cat-zbrane-b-c","11":"first","12":"instock","13":"taxable","14":"shipping-taxable","15":"purchasable","16":"product-type-simple"},"ct_brands":[],"_links":{"self":[{"href":"https:\/\/zbranebudai.sk\/hu\/wp-json\/wp\/v2\/product\/15175","targetHints":{"allow":["GET"]}}],"collection":[{"href":"https:\/\/zbranebudai.sk\/hu\/wp-json\/wp\/v2\/product"}],"about":[{"href":"https:\/\/zbranebudai.sk\/hu\/wp-json\/wp\/v2\/types\/product"}],"wp:featuredmedia":[{"embeddable":true,"href":"https:\/\/zbranebudai.sk\/hu\/wp-json\/wp\/v2\/media\/11743"}],"wp:attachment":[{"href":"https:\/\/zbranebudai.sk\/hu\/wp-json\/wp\/v2\/media?parent=15175"}],"wp:term":[{"taxonomy":"product_brand","embeddable":true,"href":"https:\/\/zbranebudai.sk\/hu\/wp-json\/wp\/v2\/product_brand?post=15175"},{"taxonomy":"product_cat","embeddable":true,"href":"https:\/\/zbranebudai.sk\/hu\/wp-json\/wp\/v2\/product_cat?post=15175"},{"taxonomy":"product_tag","embeddable":true,"href":"https:\/\/zbranebudai.sk\/hu\/wp-json\/wp\/v2\/product_tag?post=15175"}],"curies":[{"name":"wp","href":"https:\/\/api.w.org\/{rel}","templated":true}]}}