{"id":15158,"date":"2025-02-17T17:58:37","date_gmt":"2025-02-17T15:58:37","guid":{"rendered":"https:\/\/zbranebudai.sk\/product\/transfer-bar-for-ruger-blackhawk-kmr07200\/"},"modified":"2026-04-09T02:26:54","modified_gmt":"2026-04-09T00:26:54","slug":"atvezeto-rud-a-ruger-blackhawk-kmr07200-hoz","status":"publish","type":"product","link":"https:\/\/zbranebudai.sk\/hu\/product\/transfer-bar-for-ruger-blackhawk-kmr07200\/","title":{"rendered":"\u00c1tvezet\u0151 r\u00fad Ruger Blackhawkhoz (KMR07200)"},"content":{"rendered":"","protected":false},"excerpt":{"rendered":"","protected":false},"featured_media":11709,"template":"","meta":{"_gspb_post_css":""},"product_brand":[],"product_cat":[1864,1898,1877,1820],"product_tag":[],"class_list":{"0":"post-15158","1":"product","2":"type-product","3":"status-publish","4":"has-post-thumbnail","6":"product_cat-pistole-zbrane-b-c","7":"product_cat-prislusenstvo-ruger-ruger-pistole-zbrane-b-c","8":"product_cat-ruger-pistole-zbrane-b-c","9":"product_cat-zbrane-b-c","11":"first","12":"outofstock","13":"taxable","14":"shipping-taxable","15":"purchasable","16":"product-type-simple"},"ct_brands":[],"_links":{"self":[{"href":"https:\/\/zbranebudai.sk\/hu\/wp-json\/wp\/v2\/product\/15158","targetHints":{"allow":["GET"]}}],"collection":[{"href":"https:\/\/zbranebudai.sk\/hu\/wp-json\/wp\/v2\/product"}],"about":[{"href":"https:\/\/zbranebudai.sk\/hu\/wp-json\/wp\/v2\/types\/product"}],"wp:featuredmedia":[{"embeddable":true,"href":"https:\/\/zbranebudai.sk\/hu\/wp-json\/wp\/v2\/media\/11709"}],"wp:attachment":[{"href":"https:\/\/zbranebudai.sk\/hu\/wp-json\/wp\/v2\/media?parent=15158"}],"wp:term":[{"taxonomy":"product_brand","embeddable":true,"href":"https:\/\/zbranebudai.sk\/hu\/wp-json\/wp\/v2\/product_brand?post=15158"},{"taxonomy":"product_cat","embeddable":true,"href":"https:\/\/zbranebudai.sk\/hu\/wp-json\/wp\/v2\/product_cat?post=15158"},{"taxonomy":"product_tag","embeddable":true,"href":"https:\/\/zbranebudai.sk\/hu\/wp-json\/wp\/v2\/product_tag?post=15158"}],"curies":[{"name":"wp","href":"https:\/\/api.w.org\/{rel}","templated":true}]}}