{"id":15155,"date":"2025-02-17T17:58:37","date_gmt":"2025-02-17T15:58:37","guid":{"rendered":"https:\/\/zbranebudai.sk\/product\/sako-trg-42-kal-338lapuamag-green-2010-ns-m08-27in-mt18x1\/"},"modified":"2026-04-16T05:09:05","modified_gmt":"2026-04-16T03:09:05","slug":"zako-negyzet-42-cal-338lapuamag-zold-2010-ns-m08-27in-mt18x1","status":"publish","type":"product","link":"https:\/\/zbranebudai.sk\/hu\/product\/sako-trg-42-kal-338lapuamag-green-2010-ns-m08-27in-mt18x1\/","title":{"rendered":"Sako TRG 42, cal. .338LapuaMag., z\u00f6ld (2010 NS M08 27in MT18x1)"},"content":{"rendered":"<p>PARAM\u00c9TEREK:<\/p>\n<p>Cs\u0151hossz: 690 mm (27 in)<br \/>\nCs\u0151\u00e1tm\u00e9r\u0151: 22 mm<br \/>\nTeljes hossz: 1200 mm<br \/>\nT\u00e1lcakapacit\u00e1s: 5<br \/>\nHord\u00f3 oszt\u00e1s: 1:10<br \/>\nPicatinny s\u00edn: nem<br \/>\nAnyag: feket\u00e9re festett ac\u00e9l<br \/>\nS\u00faly: 5,3 kg<\/p>\n<p>CSOMAG TARTALMA:<\/p>\n<p>1x kab\u00e1t TRG 42<br \/>\n1x m\u0171anyag pisztolyt\u00e1ska<br \/>\n1x F\u00e9m sapka a cs\u0151menethez<br \/>\n1x Sz\u00e9tszerel\u0151 szersz\u00e1m<br \/>\n1x zsan\u00e9r sz\u00e9tszerel\u0151 szersz\u00e1m<br \/>\n2x heveder hurok<br \/>\n2x Bet\u00e9t a k\u00e9szletb\u0151v\u00edt\u00e9shez<\/p>\n<p>B\u0151vebben a www.sako.fi\/rifles\/sako-trg\/trg-42 oldalon.<\/p>","protected":false},"excerpt":{"rendered":"<p>A SAKO TRG 42 egy igaz\u00e1n prec\u00edzi\u00f3s m\u0171szer, amelyet hossz\u00fa t\u00e1v\u00fa versenyekre, valamint rend\u0151rs\u00e9gi \u00e9s katonai szakemberek sz\u00e1m\u00e1ra terveztek. A fegyver sz\u00e1mos tartoz\u00e9kkal felszerelhet\u0151, hogy a legig\u00e9nyesebb k\u00f6vetelm\u00e9nyeknek is megfeleljen. Teljesen \u00e1ll\u00edthat\u00f3, high-tech alum\u00edniummal meger\u0151s\u00edtett sz\u00e1r. Be\u00e9p\u00edtett szerel\u0151s\u00ednek 17 mm-es tengelyt\u00e1vols\u00e1ggal, be\u00e9p\u00edtett visszar\u00fag\u00e1sg\u00e1tl\u00f3kkal. A tov\u00e1bbfejlesztett ravaszmechanizmus ergonomikusan elhelyezett biztos\u00edt\u00e9kot tartalmaz a k\u00f6nny\u0171 \u00e9s gyors m\u0171k\u00f6dtet\u00e9s \u00e9rdek\u00e9ben. A tov\u00e1bbfejlesztett reteszfoganty\u00fa r\u00f6gz\u00edt\u00e9s lehet\u0151v\u00e9 teszi a legdurv\u00e1bb kezel\u00e9st is.<\/p>","protected":false},"featured_media":11704,"template":"","meta":{"_gspb_post_css":""},"product_brand":[],"product_cat":[1821,1822,1968,2129,1820],"product_tag":[],"class_list":{"0":"post-15155","1":"product","2":"type-product","3":"status-publish","4":"has-post-thumbnail","6":"product_cat-gulovnice-zbrane-b-c","7":"product_cat-sako","8":"product_cat-sako-trg","9":"product_cat-trg-42","10":"product_cat-zbrane-b-c","12":"first","13":"outofstock","14":"taxable","15":"shipping-taxable","16":"purchasable","17":"product-type-simple"},"ct_brands":[],"_links":{"self":[{"href":"https:\/\/zbranebudai.sk\/hu\/wp-json\/wp\/v2\/product\/15155","targetHints":{"allow":["GET"]}}],"collection":[{"href":"https:\/\/zbranebudai.sk\/hu\/wp-json\/wp\/v2\/product"}],"about":[{"href":"https:\/\/zbranebudai.sk\/hu\/wp-json\/wp\/v2\/types\/product"}],"wp:featuredmedia":[{"embeddable":true,"href":"https:\/\/zbranebudai.sk\/hu\/wp-json\/wp\/v2\/media\/11704"}],"wp:attachment":[{"href":"https:\/\/zbranebudai.sk\/hu\/wp-json\/wp\/v2\/media?parent=15155"}],"wp:term":[{"taxonomy":"product_brand","embeddable":true,"href":"https:\/\/zbranebudai.sk\/hu\/wp-json\/wp\/v2\/product_brand?post=15155"},{"taxonomy":"product_cat","embeddable":true,"href":"https:\/\/zbranebudai.sk\/hu\/wp-json\/wp\/v2\/product_cat?post=15155"},{"taxonomy":"product_tag","embeddable":true,"href":"https:\/\/zbranebudai.sk\/hu\/wp-json\/wp\/v2\/product_tag?post=15155"}],"curies":[{"name":"wp","href":"https:\/\/api.w.org\/{rel}","templated":true}]}}