{"id":15151,"date":"2025-02-17T17:58:36","date_gmt":"2025-02-17T15:58:36","guid":{"rendered":"https:\/\/zbranebudai.sk\/product\/marlin-1895-sbl-70478-kal-45-70-gov\/"},"modified":"2026-04-16T05:10:54","modified_gmt":"2026-04-16T03:10:54","slug":"marlin-1895-sbl-70478-cal-45-70-gov","status":"publish","type":"product","link":"https:\/\/zbranebudai.sk\/hu\/product\/marlin-1895-sbl-70478-kal-45-70-gov\/","title":{"rendered":"Marlin 1895 SBL (70478), cal. .45-70 Gov."},"content":{"rendered":"<p>PARAM\u00c9TEREK:<\/p>\n<p>Cs\u0151hossz: 485 mm (19.1\u2033)<br \/>\nTeljes hossz: 946 mm<br \/>\nKapacit\u00e1s: 6<br \/>\nCs\u0151oszt\u00e1s: 1:20\u2033 RH<br \/>\nPicatinny s\u00edn: Igen<br \/>\nA hord\u00f3: Rozsdamentes ac\u00e9l szat\u00e9n bevonattal<br \/>\nK\u00e9szlet: sz\u00fcrke lamin\u00e1lt<br \/>\nS\u00faly: 3,3 kg<\/p>","protected":false},"excerpt":{"rendered":"<p>A Marlin 1895 SBL egy kiv\u00e1l\u00f3 min\u0151s\u00e9g\u0171, vonz\u00f3, amerikai karos ism\u00e9tl\u0151puska, amelyet a r\u00e9szletekre val\u00f3 odafigyel\u00e9ssel k\u00e9sz\u00edtettek. A szat\u00e9n rozsdamentes ac\u00e9lb\u00f3l k\u00e9sz\u00fclt kivitel biztos\u00edtja az alacsony t\u00fckr\u00f6z\u0151d\u00e9st a terepen, \u00e9s az \u00fajratervezett, v\u00e9konyabb alkarral ell\u00e1tott sz\u00e1rforma jav\u00edtja az eszt\u00e9tik\u00e1t \u00e9s az ergon\u00f3mi\u00e1t. A Picatinny-\u00e1llom\u00e1ny a stabil t\u00e1vcs\u0151felszerel\u00e9shez \u00e9s a spir\u00e1lhornyokkal ell\u00e1tott pol\u00edrozott z\u00e1rszerkezet jellegzetes, karcs\u00fa megjelen\u00e9st \u00e9s sim\u00e1bb akci\u00f3t biztos\u00edt. A Ghost gy\u0171r\u0171s h\u00e1ts\u00f3 c\u00e9lkereszt forgathat\u00f3 \u00e9s \u00e1ll\u00edthat\u00f3 magass\u00e1g\u00fa, a tr\u00edcium f\u00e9nyvezet\u0151 retikula pedig m\u00e9g gyenge f\u00e9nyviszonyok k\u00f6z\u00f6tt is j\u00f3 l\u00e1that\u00f3s\u00e1got biztos\u00edt. Ez a western st\u00edlus\u00fa karos puska remek\u00fcl n\u00e9z ki \u00e9s remek\u00fcl l\u0151. Okt\u00f3ber \u00e9s november folyam\u00e1n tov\u00e1bbi 10 db-ot fogunk rakt\u00e1rozni - ezek az Artemis Kom\u00e1rno, Hubert Lov Trebi\u0161ov, DaVaArms BA, Tius \u017dilina, Mr. Milata Nov\u00e9 Mesto n. V\u00e1hom c\u00e9gekhez ker\u00fclnek.<\/p>","protected":false},"featured_media":11696,"template":"","meta":{"_gspb_post_css":""},"product_brand":[],"product_cat":[1821,2155,1820],"product_tag":[],"class_list":{"0":"post-15151","1":"product","2":"type-product","3":"status-publish","4":"has-post-thumbnail","6":"product_cat-gulovnice-zbrane-b-c","7":"product_cat-marlin","8":"product_cat-zbrane-b-c","10":"first","11":"instock","12":"taxable","13":"shipping-taxable","14":"purchasable","15":"product-type-simple"},"ct_brands":[],"_links":{"self":[{"href":"https:\/\/zbranebudai.sk\/hu\/wp-json\/wp\/v2\/product\/15151","targetHints":{"allow":["GET"]}}],"collection":[{"href":"https:\/\/zbranebudai.sk\/hu\/wp-json\/wp\/v2\/product"}],"about":[{"href":"https:\/\/zbranebudai.sk\/hu\/wp-json\/wp\/v2\/types\/product"}],"wp:featuredmedia":[{"embeddable":true,"href":"https:\/\/zbranebudai.sk\/hu\/wp-json\/wp\/v2\/media\/11696"}],"wp:attachment":[{"href":"https:\/\/zbranebudai.sk\/hu\/wp-json\/wp\/v2\/media?parent=15151"}],"wp:term":[{"taxonomy":"product_brand","embeddable":true,"href":"https:\/\/zbranebudai.sk\/hu\/wp-json\/wp\/v2\/product_brand?post=15151"},{"taxonomy":"product_cat","embeddable":true,"href":"https:\/\/zbranebudai.sk\/hu\/wp-json\/wp\/v2\/product_cat?post=15151"},{"taxonomy":"product_tag","embeddable":true,"href":"https:\/\/zbranebudai.sk\/hu\/wp-json\/wp\/v2\/product_tag?post=15151"}],"curies":[{"name":"wp","href":"https:\/\/api.w.org\/{rel}","templated":true}]}}