{"id":15148,"date":"2025-02-17T17:58:35","date_gmt":"2025-02-17T15:58:35","guid":{"rendered":"https:\/\/zbranebudai.sk\/product\/pazba-zadna-sako-s20-precision-true-timber-strata\/"},"modified":"2026-04-09T02:26:54","modified_gmt":"2026-04-09T00:26:54","slug":"s20-precizios-precizios-fureszaru-retegelt-fureszaru","status":"publish","type":"product","link":"https:\/\/zbranebudai.sk\/hu\/product\/pazba-zadna-sako-s20-precision-true-timber-strata\/","title":{"rendered":"H\u00e1ts\u00f3 rakt\u00e1rk\u00e9szlet S20 Precision True Timber Strata"},"content":{"rendered":"","protected":false},"excerpt":{"rendered":"","protected":false},"featured_media":11666,"template":"","meta":{"_gspb_post_css":""},"product_brand":[],"product_cat":[1821,2038,1928,1822,1820],"product_tag":[],"class_list":{"0":"post-15148","1":"product","2":"type-product","3":"status-publish","4":"has-post-thumbnail","6":"product_cat-gulovnice-zbrane-b-c","7":"product_cat-pazby-prislusenstvo-sako","8":"product_cat-prislusenstvo-sako","9":"product_cat-sako","10":"product_cat-zbrane-b-c","12":"first","13":"outofstock","14":"taxable","15":"shipping-taxable","16":"purchasable","17":"product-type-simple"},"ct_brands":[],"_links":{"self":[{"href":"https:\/\/zbranebudai.sk\/hu\/wp-json\/wp\/v2\/product\/15148","targetHints":{"allow":["GET"]}}],"collection":[{"href":"https:\/\/zbranebudai.sk\/hu\/wp-json\/wp\/v2\/product"}],"about":[{"href":"https:\/\/zbranebudai.sk\/hu\/wp-json\/wp\/v2\/types\/product"}],"wp:featuredmedia":[{"embeddable":true,"href":"https:\/\/zbranebudai.sk\/hu\/wp-json\/wp\/v2\/media\/11666"}],"wp:attachment":[{"href":"https:\/\/zbranebudai.sk\/hu\/wp-json\/wp\/v2\/media?parent=15148"}],"wp:term":[{"taxonomy":"product_brand","embeddable":true,"href":"https:\/\/zbranebudai.sk\/hu\/wp-json\/wp\/v2\/product_brand?post=15148"},{"taxonomy":"product_cat","embeddable":true,"href":"https:\/\/zbranebudai.sk\/hu\/wp-json\/wp\/v2\/product_cat?post=15148"},{"taxonomy":"product_tag","embeddable":true,"href":"https:\/\/zbranebudai.sk\/hu\/wp-json\/wp\/v2\/product_tag?post=15148"}],"curies":[{"name":"wp","href":"https:\/\/api.w.org\/{rel}","templated":true}]}}