{"id":15142,"date":"2025-02-17T17:58:34","date_gmt":"2025-02-17T15:58:34","guid":{"rendered":"https:\/\/zbranebudai.sk\/product\/sako-90-quest-ultra-kal-65-creedmoor-ns-h237-dm-cf-std-ss-24in-mt5-8x24\/"},"modified":"2026-04-23T07:46:16","modified_gmt":"2026-04-23T05:46:16","slug":"kabat-90-quest-ultra-cal-65-creedmoor-ns-h237-dm-cf-std-ss-24in-mt5-8x24","status":"publish","type":"product","link":"https:\/\/zbranebudai.sk\/hu\/product\/sako-90-quest-ultra-kal-65-creedmoor-ns-h237-dm-cf-std-ss-24in-mt5-8x24\/","title":{"rendered":"Sako 90 Quest Ultra, cal. 6,5 Creedmoor (NS H237 DM CF STD SS 24in MT5\/8\u00d724)"},"content":{"rendered":"<p>PARAM\u00c9TEREK:<\/p>\n<p>Cs\u0151hossz: 610 mm (24\u2033)<br \/>\nT\u00e1lcakapacit\u00e1s: 5<br \/>\nPicatinny s\u00edn: Igen<br \/>\nA hord\u00f3: Sz\u00e9n<br \/>\n\u00cdg\u00e9ret: Sz\u00e9n<\/p>","protected":false},"excerpt":{"rendered":"<p>A 90 Quest Ultra a legfejlettebb vad\u00e1szpuska, rendk\u00edv\u00fcl er\u0151s \u00e9s k\u00f6nny\u0171 karbon t\u00f6rzs\u00e9vel \u00e9s cs\u00f6v\u00e9vel. Az ac\u00e9lcs\u0151 vastags\u00e1g\u00e1nak nagy r\u00e9sz\u00e9t sz\u00e9nsz\u00e1las konstrukci\u00f3ra cser\u00e9lt\u00e9k, amely maxim\u00e1lis pontoss\u00e1got, rendk\u00edv\u00fcl er\u0151s konstrukci\u00f3t \u00e9s jelent\u0151sen alacsonyabb cs\u0151t\u00f6meget biztos\u00edt, ami a s\u00falypontot k\u00f6zelebb helyezi a puska k\u00f6z\u00e9ppontj\u00e1hoz, jav\u00edtva a c\u00e9lz\u00e1st \u00e9s a kezelhet\u0151s\u00e9get. Magass\u00e1gban \u00e9s hosszir\u00e1nyban \u00e1ll\u00edthat\u00f3 sz\u00e1r teljes text\u00far\u00e1zott fel\u00fclettel a t\u00f6k\u00e9letes fog\u00e1s\u00e9rt minden k\u00f6r\u00fclm\u00e9nyek k\u00f6z\u00f6tt. \u00daj reteszh\u00e1z \u00e9s a legmodernebb SAKO ravaszmechanizmus k\u00f6nnyen \u00e1ll\u00edthat\u00f3 kezel\u0151szervekkel. Legend\u00e1s vad\u00e1sz\u00e9lm\u00e9ny maxim\u00e1lis pontoss\u00e1ggal, megb\u00edzhat\u00f3s\u00e1ggal \u00e9s a legsim\u00e1bb m\u0171k\u00f6d\u00e9ssel a piacon.<\/p>","protected":false},"featured_media":11592,"template":"","meta":{"_gspb_post_css":""},"product_brand":[],"product_cat":[2154,1821,1822,2143,1820],"product_tag":[],"class_list":{"0":"post-15142","1":"product","2":"type-product","3":"status-publish","4":"has-post-thumbnail","6":"product_cat-90-quest-ultra","7":"product_cat-gulovnice-zbrane-b-c","8":"product_cat-sako","9":"product_cat-sako-90","10":"product_cat-zbrane-b-c","12":"first","13":"instock","14":"taxable","15":"shipping-taxable","16":"purchasable","17":"product-type-simple"},"ct_brands":[],"_links":{"self":[{"href":"https:\/\/zbranebudai.sk\/hu\/wp-json\/wp\/v2\/product\/15142","targetHints":{"allow":["GET"]}}],"collection":[{"href":"https:\/\/zbranebudai.sk\/hu\/wp-json\/wp\/v2\/product"}],"about":[{"href":"https:\/\/zbranebudai.sk\/hu\/wp-json\/wp\/v2\/types\/product"}],"wp:featuredmedia":[{"embeddable":true,"href":"https:\/\/zbranebudai.sk\/hu\/wp-json\/wp\/v2\/media\/11592"}],"wp:attachment":[{"href":"https:\/\/zbranebudai.sk\/hu\/wp-json\/wp\/v2\/media?parent=15142"}],"wp:term":[{"taxonomy":"product_brand","embeddable":true,"href":"https:\/\/zbranebudai.sk\/hu\/wp-json\/wp\/v2\/product_brand?post=15142"},{"taxonomy":"product_cat","embeddable":true,"href":"https:\/\/zbranebudai.sk\/hu\/wp-json\/wp\/v2\/product_cat?post=15142"},{"taxonomy":"product_tag","embeddable":true,"href":"https:\/\/zbranebudai.sk\/hu\/wp-json\/wp\/v2\/product_tag?post=15142"}],"curies":[{"name":"wp","href":"https:\/\/api.w.org\/{rel}","templated":true}]}}