{"id":15141,"date":"2025-02-17T17:58:34","date_gmt":"2025-02-17T15:58:34","guid":{"rendered":"https:\/\/zbranebudai.sk\/product\/sako-90-quest-kal-7mmremmag-ns-h416-dm-std-ss-fl-24-3in-mt5-8x24\/"},"modified":"2026-04-16T05:07:17","modified_gmt":"2026-04-16T03:07:17","slug":"kopeny-90-quest-kal-7mmremmag-ns-h416-dm-std-ss-fl-24-3in-mt5-8x24","status":"publish","type":"product","link":"https:\/\/zbranebudai.sk\/hu\/product\/sako-90-quest-kal-7mmremmag-ns-h416-dm-std-ss-fl-24-3in-mt5-8x24\/","title":{"rendered":"Sako 90 Quest, cal. 7mmRemMag (NS H416 DM STD SS FL 24.3in MT5\/8\u00d724)"},"content":{"rendered":"<p>PARAM\u00c9TEREK:<\/p>\n<p>Cs\u0151hossz: 620 mm (24.3\u2033)<br \/>\nTeljes hossz: 1134 mm<br \/>\nT\u00e1lcakapacit\u00e1s: 4<br \/>\nHord\u00f3 oszt\u00e1s: 1:9<br \/>\nPicatinny s\u00edn: Igen<br \/>\nA hord\u00f3: Cerakote Graphite Black<br \/>\n\u00cdg\u00e9ret: Sz\u00e9n<br \/>\nS\u00faly: 3,0 kg<\/p>","protected":false},"excerpt":{"rendered":"<p>A Sako 90 Quest folytatja el\u0151dje, a Sako Carbon Wolf sikert\u00f6rt\u00e9net\u00e9t. Fejlett vad\u00e1szpuska rendk\u00edv\u00fcl er\u0151s \u00e9s k\u00f6nny\u0171 sz\u00e9nsz\u00e1las, magass\u00e1g\u00e1ban \u00e9s hossz\u00e1ban \u00e1ll\u00edthat\u00f3, teljes text\u00far\u00e1j\u00fa fel\u00fclettel ell\u00e1tott, minden k\u00f6r\u00fclm\u00e9nyek k\u00f6z\u00f6tt t\u00f6k\u00e9letes fog\u00e1st biztos\u00edt\u00f3 sz\u00e9nsz\u00e1las sz\u00e1rral. Az RTM technol\u00f3gia biztos\u00edtja a m\u00e9retpontos \u00e9s hat\u00e9konyan csillap\u00edtott sz\u00e1r kialak\u00edt\u00e1s\u00e1t, hogy b\u00e1rhol t\u00f6k\u00e9letes l\u00f6v\u00e9st biztos\u00edtson. A Cerakoted bevonat\u00fa rozsdamentes ac\u00e9l cs\u0151 \u00e9s a z\u00e1rszerkezet biztos\u00edtja, hogy a pusk\u00e1ja minden alkalommal k\u00e9szen \u00e1lljon a cselekv\u00e9sre, a v\u00e9gs\u0151 pontoss\u00e1g, megb\u00edzhat\u00f3s\u00e1g \u00e9s a piacon kaphat\u00f3 legsim\u00e1bb fut\u00e1s\u00fa akci\u00f3 mellett.<\/p>","protected":false},"featured_media":11590,"template":"","meta":{"_gspb_post_css":""},"product_brand":[],"product_cat":[2153,1821,1822,2143,1820],"product_tag":[],"class_list":{"0":"post-15141","1":"product","2":"type-product","3":"status-publish","4":"has-post-thumbnail","6":"product_cat-90-quest","7":"product_cat-gulovnice-zbrane-b-c","8":"product_cat-sako","9":"product_cat-sako-90","10":"product_cat-zbrane-b-c","12":"first","13":"outofstock","14":"taxable","15":"shipping-taxable","16":"purchasable","17":"product-type-simple"},"ct_brands":[],"_links":{"self":[{"href":"https:\/\/zbranebudai.sk\/hu\/wp-json\/wp\/v2\/product\/15141","targetHints":{"allow":["GET"]}}],"collection":[{"href":"https:\/\/zbranebudai.sk\/hu\/wp-json\/wp\/v2\/product"}],"about":[{"href":"https:\/\/zbranebudai.sk\/hu\/wp-json\/wp\/v2\/types\/product"}],"wp:featuredmedia":[{"embeddable":true,"href":"https:\/\/zbranebudai.sk\/hu\/wp-json\/wp\/v2\/media\/11590"}],"wp:attachment":[{"href":"https:\/\/zbranebudai.sk\/hu\/wp-json\/wp\/v2\/media?parent=15141"}],"wp:term":[{"taxonomy":"product_brand","embeddable":true,"href":"https:\/\/zbranebudai.sk\/hu\/wp-json\/wp\/v2\/product_brand?post=15141"},{"taxonomy":"product_cat","embeddable":true,"href":"https:\/\/zbranebudai.sk\/hu\/wp-json\/wp\/v2\/product_cat?post=15141"},{"taxonomy":"product_tag","embeddable":true,"href":"https:\/\/zbranebudai.sk\/hu\/wp-json\/wp\/v2\/product_tag?post=15141"}],"curies":[{"name":"wp","href":"https:\/\/api.w.org\/{rel}","templated":true}]}}