{"id":15129,"date":"2025-02-17T17:58:32","date_gmt":"2025-02-17T15:58:32","guid":{"rendered":"https:\/\/zbranebudai.sk\/product\/sako-90-bavarian-kal-7mmremmag-ns-dm-st-24-5in-mt15x1\/"},"modified":"2026-04-16T05:10:08","modified_gmt":"2026-04-16T03:10:08","slug":"jacket-90-bavarian-kal-7mmremmag-ns-dm-st-24-5in-mt15x1","status":"publish","type":"product","link":"https:\/\/zbranebudai.sk\/hu\/product\/sako-90-bavarian-kal-7mmremmag-ns-dm-st-24-5in-mt15x1\/","title":{"rendered":"Sako 90 Bavarian, cal. 7mmRemMag. (NS DM ST 24.5in MT15x1)"},"content":{"rendered":"<p>PARAM\u00c9TEREK:<\/p>\n<p>Cs\u0151hossz: 620 mm (24.5\u2033)<br \/>\nTeljes hossz: 1146 mm<br \/>\nT\u00e1lcakapacit\u00e1s: 4<br \/>\nCs\u0151oszt\u00e1s: 1:9,5<br \/>\nPicatinny s\u00edn: Nem<br \/>\nA hord\u00f3: ac\u00e9l: Feket\u00e9re festett ac\u00e9l<br \/>\n\u00cdg\u00e9ret: F\u00e1b\u00f3l k\u00e9sz\u00fclt<br \/>\nS\u00faly: 3,8 kg<\/p>","protected":false},"excerpt":{"rendered":"<p>A Sako 90 Hunter a hagyom\u00e1nyos fa kialak\u00edt\u00e1st \u00f6tv\u00f6zi a Sako 90-es sorozat kiemelked\u0151 teljes\u00edtm\u00e9ny\u00e9vel \u00e9s technol\u00f3gi\u00e1j\u00e1val.A sokoldal\u00fa vad\u00e1szathoz eleg\u00e1ns di\u00f3fa sz\u00e1r kombin\u00e1lhat\u00f3 feket\u00e9re festett vagy rozsdamentes ac\u00e9l cs\u0151vel. A befeket\u00edtett cs\u0151vel ell\u00e1tott v\u00e1ltozathoz klasszikus c\u00e9lz\u00f3k\u00e9sz\u00fcl\u00e9k is rendelhet\u0151, amely a gyors reakci\u00f3t ig\u00e9nyl\u0151 vad\u00e1szati helyzetekben elengedhetetlen. Az Optilok bar\u00e1zd\u00e1lt kivitel\u0171 z\u00e1r\u00f3cs\u0151h\u00e1z biztos\u00edtja az ir\u00e1nyz\u00e9kok tiszta kil\u00e1t\u00e1s\u00e1t. Hidegen kov\u00e1csolt cs\u0151 rozsdamentes, matt szat\u00e9n bevonattal, a leg\u00fajabb Sako technol\u00f3gia szerint gy\u00e1rtva. A furat \u00e9s a cs\u0151oszt\u00e1s minden kaliberhez \u00fagy van kiv\u00e1lasztva, hogy optimaliz\u00e1lja a teljes\u00edtm\u00e9nyt \u00e9s a l\u00f6ved\u00e9k pontoss\u00e1g\u00e1t. A rozsdamentes ac\u00e9lb\u00f3l k\u00e9sz\u00fclt k\u00e9tsoros t\u00e1r a kil\u00f6v\u0151ny\u00edl\u00e1son kereszt\u00fcl is t\u00f6lthet\u0151. Az egyed\u00fcl\u00e1ll\u00f3 reteszkiold\u00f3 gomb lehet\u0151v\u00e9 teszi a l\u0151szerek behelyez\u00e9s\u00e9t vagy elt\u00e1vol\u00edt\u00e1s\u00e1t a t\u00e1rb\u00f3l akkor is, ha a fegyver z\u00e1rva van. \u00c1ll\u00edthat\u00f3 ravaszellen\u00e1ll\u00e1s. Kiv\u00e1l\u00f3 ergon\u00f3mia maxim\u00e1lis pontoss\u00e1ggal, megb\u00edzhat\u00f3s\u00e1ggal \u00e9s a legsim\u00e1bb m\u0171k\u00f6d\u00e9ssel a piacon. Ide\u00e1lis a vad\u00e1szok sz\u00e1m\u00e1ra, akik klasszikus modellt keresnek hagyom\u00e1nyos vad\u00e1szatra.<\/p>","protected":false},"featured_media":11566,"template":"","meta":{"_gspb_post_css":""},"product_brand":[],"product_cat":[2147,1821,1822,2143,1820],"product_tag":[],"class_list":{"0":"post-15129","1":"product","2":"type-product","3":"status-publish","4":"has-post-thumbnail","6":"product_cat-90-bavarian","7":"product_cat-gulovnice-zbrane-b-c","8":"product_cat-sako","9":"product_cat-sako-90","10":"product_cat-zbrane-b-c","12":"first","13":"outofstock","14":"taxable","15":"shipping-taxable","16":"purchasable","17":"product-type-simple"},"ct_brands":[],"_links":{"self":[{"href":"https:\/\/zbranebudai.sk\/hu\/wp-json\/wp\/v2\/product\/15129","targetHints":{"allow":["GET"]}}],"collection":[{"href":"https:\/\/zbranebudai.sk\/hu\/wp-json\/wp\/v2\/product"}],"about":[{"href":"https:\/\/zbranebudai.sk\/hu\/wp-json\/wp\/v2\/types\/product"}],"wp:featuredmedia":[{"embeddable":true,"href":"https:\/\/zbranebudai.sk\/hu\/wp-json\/wp\/v2\/media\/11566"}],"wp:attachment":[{"href":"https:\/\/zbranebudai.sk\/hu\/wp-json\/wp\/v2\/media?parent=15129"}],"wp:term":[{"taxonomy":"product_brand","embeddable":true,"href":"https:\/\/zbranebudai.sk\/hu\/wp-json\/wp\/v2\/product_brand?post=15129"},{"taxonomy":"product_cat","embeddable":true,"href":"https:\/\/zbranebudai.sk\/hu\/wp-json\/wp\/v2\/product_cat?post=15129"},{"taxonomy":"product_tag","embeddable":true,"href":"https:\/\/zbranebudai.sk\/hu\/wp-json\/wp\/v2\/product_tag?post=15129"}],"curies":[{"name":"wp","href":"https:\/\/api.w.org\/{rel}","templated":true}]}}