{"id":15119,"date":"2025-02-17T17:58:30","date_gmt":"2025-02-17T15:58:30","guid":{"rendered":"https:\/\/zbranebudai.sk\/product\/ruger-american-rifle-hunter-26993-kal-308win\/"},"modified":"2025-09-06T09:54:38","modified_gmt":"2025-09-06T07:54:38","slug":"ruger-amerikai-puska-vadasz-26993-cal-308win","status":"publish","type":"product","link":"https:\/\/zbranebudai.sk\/hu\/product\/ruger-american-rifle-hunter-26993-kal-308win\/","title":{"rendered":"Ruger American Rifle Hunter 26993, cal. .308Win."},"content":{"rendered":"<p>PARAM\u00c9TEREK:<\/p>\n<p>Hossz\u00fas\u00e1g: 51 cm (20 in)<br \/>\nTeljes hossz: 105-110 cm<br \/>\nT\u00e1lcakapacit\u00e1s: 5<br \/>\nHord\u00f3 oszt\u00e1s: 1:10<br \/>\nPicatinny s\u00edn: igen<br \/>\nAnyag: ac\u00e9l<br \/>\nStock: Sz\u00fcrke Magpul \u00ae Hunter American<br \/>\nS\u00faly: 4,2 kg<\/p>","protected":false},"excerpt":{"rendered":"<p>Ruger American Rifle Hunter 26993, cal. .308Win. teljesen \u00e1ll\u00edthat\u00f3 sz\u00fcrke Magpul\u00ae Hunter American l\u00f6v\u00e9sz\u00e1rral \u00e9s 1,3 kg-t\u00f3l 2,3 kg-ig \u00e1ll\u00edthat\u00f3 Ruger Marksman\u2122 ravaszzal. A 21,5 mm-es cs\u0151 (a torkolatn\u00e1l) Ruger Precision \u00ae Rifle hibrid torkolatf\u00e9kkel van felszerelve, amely hat\u00e9konyan cs\u00f6kkenti a visszar\u00fag\u00e1st, mik\u00f6zben minimaliz\u00e1lja a zajt \u00e9s az oldalir\u00e1ny\u00fa mozg\u00e1st.<\/p>","protected":false},"featured_media":11524,"template":"","meta":{"_gspb_post_css":""},"product_brand":[],"product_cat":[1821,2152,1837,1873,1820],"product_tag":[],"class_list":{"0":"post-15119","1":"product","2":"type-product","3":"status-publish","4":"has-post-thumbnail","6":"product_cat-gulovnice-zbrane-b-c","7":"product_cat-hunter","8":"product_cat-ruger","9":"product_cat-ruger-american-rifle","10":"product_cat-zbrane-b-c","12":"first","13":"outofstock","14":"taxable","15":"shipping-taxable","16":"purchasable","17":"product-type-simple"},"ct_brands":[],"_links":{"self":[{"href":"https:\/\/zbranebudai.sk\/hu\/wp-json\/wp\/v2\/product\/15119","targetHints":{"allow":["GET"]}}],"collection":[{"href":"https:\/\/zbranebudai.sk\/hu\/wp-json\/wp\/v2\/product"}],"about":[{"href":"https:\/\/zbranebudai.sk\/hu\/wp-json\/wp\/v2\/types\/product"}],"wp:featuredmedia":[{"embeddable":true,"href":"https:\/\/zbranebudai.sk\/hu\/wp-json\/wp\/v2\/media\/11524"}],"wp:attachment":[{"href":"https:\/\/zbranebudai.sk\/hu\/wp-json\/wp\/v2\/media?parent=15119"}],"wp:term":[{"taxonomy":"product_brand","embeddable":true,"href":"https:\/\/zbranebudai.sk\/hu\/wp-json\/wp\/v2\/product_brand?post=15119"},{"taxonomy":"product_cat","embeddable":true,"href":"https:\/\/zbranebudai.sk\/hu\/wp-json\/wp\/v2\/product_cat?post=15119"},{"taxonomy":"product_tag","embeddable":true,"href":"https:\/\/zbranebudai.sk\/hu\/wp-json\/wp\/v2\/product_tag?post=15119"}],"curies":[{"name":"wp","href":"https:\/\/api.w.org\/{rel}","templated":true}]}}