{"id":15116,"date":"2025-02-17T17:58:30","date_gmt":"2025-02-17T15:58:30","guid":{"rendered":"https:\/\/zbranebudai.sk\/product\/sako-trg-22-kal-308win-black-standard-stock-2010-ns-m08-26in-mt5-8-24\/"},"modified":"2026-04-16T05:06:00","modified_gmt":"2026-04-16T03:06:00","slug":"jacket-square-22-cal-308win-fekete-standard-stock-2010-ns-m08-26in-mt5-8-24","status":"publish","type":"product","link":"https:\/\/zbranebudai.sk\/hu\/product\/sako-trg-22-kal-308win-black-standard-stock-2010-ns-m08-26in-mt5-8-24\/","title":{"rendered":"Sako TRG 22, cal. .308Win., Fekete Standard Stock (2010 NS M08 26in MT5\/8-24)"},"content":{"rendered":"<p>PARAM\u00c9TEREK:<\/p>\n<p>Cs\u0151hossz: 660 mm (26 in)<br \/>\nCs\u0151\u00e1tm\u00e9r\u0151: 22 mm<br \/>\nTeljes hossz: 1150 mm<br \/>\nA tart\u00e1ly kapacit\u00e1sa: 10<br \/>\nCs\u0151oszt\u00e1s: 1:10\u2033<br \/>\nPicatinny s\u00edn: nem<br \/>\nCs\u0151: feket\u00e9re festett ac\u00e9l<br \/>\nS\u00faly: 4,9 kg<\/p>\n<p>CSOMAG TARTALMA:<\/p>\n<p>1x Jacket TRG 22 z\u00f6ld<br \/>\n1x m\u0171anyag pisztolyt\u00e1ska<br \/>\n1x F\u00e9m sapka a cs\u0151menethez<br \/>\n1x Sz\u00e9tszerel\u0151 szersz\u00e1m<br \/>\n1x zsan\u00e9r sz\u00e9tszerel\u0151 szersz\u00e1m<br \/>\n2x heveder hurok<br \/>\n2x Bet\u00e9t a k\u00e9szletb\u0151v\u00edt\u00e9shez<\/p>\n<p>B\u0151vebben a www.sako.fi\/rifles\/sako-trg\/trg-22 oldalon.<\/p>","protected":false},"excerpt":{"rendered":"<p>A SAKO TRG 22 sz\u00e1mos korm\u00e1nynak szolg\u00e1l els\u0151dleges mesterl\u00f6v\u00e9szpuskak\u00e9nt. Kiv\u00e1l\u00f3an alkalmas a nagy hat\u00f3t\u00e1vols\u00e1g\u00fa prec\u00edzi\u00f3s l\u00f6v\u00e9szetre. A tov\u00e1bbfejlesztett ravaszmechanizmus ergonomikusan elhelyezett biztos\u00edt\u00e9kot tartalmaz a k\u00f6nny\u0171 \u00e9s gyors m\u0171k\u00f6dtet\u00e9s \u00e9rdek\u00e9ben. A tov\u00e1bbfejlesztett z\u00e1rszerkezet\u0171 markolat illeszked\u00e9se lehet\u0151v\u00e9 teszi a legdurv\u00e1bb kezel\u00e9st is. A TRG 22 zak\u00f3 egy teljes \u00e9rt\u00e9k\u0171 ISSF versenypuska, \u00e9s t\u00f6bbsz\u00f6r\u00f6s CISM versenygy\u0151ztes.<\/p>","protected":false},"featured_media":11516,"template":"","meta":{"_gspb_post_css":""},"product_brand":[],"product_cat":[1821,1822,1968,2151,1820],"product_tag":[],"class_list":{"0":"post-15116","1":"product","2":"type-product","3":"status-publish","4":"has-post-thumbnail","6":"product_cat-gulovnice-zbrane-b-c","7":"product_cat-sako","8":"product_cat-sako-trg","9":"product_cat-trg-22","10":"product_cat-zbrane-b-c","12":"first","13":"outofstock","14":"taxable","15":"shipping-taxable","16":"purchasable","17":"product-type-simple"},"ct_brands":[],"_links":{"self":[{"href":"https:\/\/zbranebudai.sk\/hu\/wp-json\/wp\/v2\/product\/15116","targetHints":{"allow":["GET"]}}],"collection":[{"href":"https:\/\/zbranebudai.sk\/hu\/wp-json\/wp\/v2\/product"}],"about":[{"href":"https:\/\/zbranebudai.sk\/hu\/wp-json\/wp\/v2\/types\/product"}],"wp:featuredmedia":[{"embeddable":true,"href":"https:\/\/zbranebudai.sk\/hu\/wp-json\/wp\/v2\/media\/11516"}],"wp:attachment":[{"href":"https:\/\/zbranebudai.sk\/hu\/wp-json\/wp\/v2\/media?parent=15116"}],"wp:term":[{"taxonomy":"product_brand","embeddable":true,"href":"https:\/\/zbranebudai.sk\/hu\/wp-json\/wp\/v2\/product_brand?post=15116"},{"taxonomy":"product_cat","embeddable":true,"href":"https:\/\/zbranebudai.sk\/hu\/wp-json\/wp\/v2\/product_cat?post=15116"},{"taxonomy":"product_tag","embeddable":true,"href":"https:\/\/zbranebudai.sk\/hu\/wp-json\/wp\/v2\/product_tag?post=15116"}],"curies":[{"name":"wp","href":"https:\/\/api.w.org\/{rel}","templated":true}]}}