{"id":15109,"date":"2025-02-17T17:58:29","date_gmt":"2025-02-17T15:58:29","guid":{"rendered":"https:\/\/zbranebudai.sk\/product\/puska-co2-heckler-koch-hk416-a5-kal-45mm-bb\/"},"modified":"2026-04-30T10:27:18","modified_gmt":"2026-04-30T08:27:18","slug":"heckler-koch-hk416-a5-cal-45mm-bb","status":"publish","type":"product","link":"https:\/\/zbranebudai.sk\/hu\/product\/puska-co2-heckler-koch-hk416-a5-kal-45mm-bb\/","title":{"rendered":"CO2 puska Heckler &amp; Koch HK416 A5, cal. 4.5mm BB"},"content":{"rendered":"<p>PARAM\u00c9TEREK:<\/p>\n<p>Teljes hossz: 725-800 mm<br \/>\nA tart\u00e1ly kapacit\u00e1sa: 32\/600<br \/>\n\u00dct\u00e9si energia: 3 J<br \/>\nRak\u00e9ta sebess\u00e9ge: 130 m\/s<br \/>\nK\u00e9t CO\u2082-bomb\u00e1ra jut\u00f3 l\u00f6v\u00e9sek sz\u00e1ma: 370<br \/>\nS\u00faly: 1,8 kg<\/p>","protected":false},"excerpt":{"rendered":"<p>A sikeres Heckler &amp; Koch HK416 t\u00e1mad\u00f3fegyver 5. gener\u00e1ci\u00f3j\u00e1nak licencelt m\u00e1solata. Ez a polimer l\u00e9gpuska szorosan k\u00f6veti a sikeres \u00e9les modell kialak\u00edt\u00e1s\u00e1t, \u00e9s 2x12g-os CO2 bomb\u00e1kkal, 36 t\u00e1rral \u00e9s 600 ac\u00e9l BB goly\u00f3 el\u0151t\u00f6lt\u0151vel hossz\u00fa ideig tart\u00f3 sz\u00f3rakoz\u00e1st \u00e9s l\u00f6v\u00f6ld\u00f6z\u00e9si \u00e9lm\u00e9nyt ny\u00fajt. A pontoss\u00e1got a 300 mm hossz\u00fa, sima ac\u00e9l bels\u0151 cs\u0151 garant\u00e1lja. Flip-up ir\u00e1nyz\u00e9k \u00e9s Picatinny s\u00edn a kollim\u00e1tor, c\u00e9lt\u00e1vcs\u0151 vagy egy\u00e9b kieg\u00e9sz\u00edt\u0151k felszerel\u00e9s\u00e9hez. Megford\u00edthat\u00f3 els\u00fct\u00e9skapcsol\u00f3 \u00e9s 5 fokozatban kih\u00fazhat\u00f3 sz\u00e1r, mint az eredetiben. A Hecker Koch 416 A5 k\u00e9t\u00e1ll\u00e1s\u00fa t\u00fczel\u00e9si m\u00f3dkapcsol\u00f3val van felszerelve, nevezetesen: z\u00e1rolt \u00e9s egyl\u00f6vet\u0171 t\u00fczel\u00e9s. Az els\u0151 l\u00f6v\u00e9s lead\u00e1sa el\u0151tt meg kell h\u00fazni a kalap\u00e1csot, hogy a fegyvert el\u0151k\u00e9sz\u00edts\u00fck a t\u00fczel\u00e9sre, majd ezt k\u00f6vet\u0151en a t\u00fczel\u00e9s megism\u00e9tl\u00e9se csak a ravasz megnyom\u00e1s\u00e1val lehets\u00e9ges.<\/p>","protected":false},"featured_media":11494,"template":"","meta":{"_gspb_post_css":""},"product_brand":[],"product_cat":[1938,1824,1828],"product_tag":[],"class_list":{"0":"post-15109","1":"product","2":"type-product","3":"status-publish","4":"has-post-thumbnail","6":"product_cat-dlhe-zbrane-na-co2","7":"product_cat-zbrane-18-d","8":"product_cat-zbrane-na-co2","10":"first","11":"instock","12":"taxable","13":"shipping-taxable","14":"purchasable","15":"product-type-simple"},"ct_brands":[],"_links":{"self":[{"href":"https:\/\/zbranebudai.sk\/hu\/wp-json\/wp\/v2\/product\/15109","targetHints":{"allow":["GET"]}}],"collection":[{"href":"https:\/\/zbranebudai.sk\/hu\/wp-json\/wp\/v2\/product"}],"about":[{"href":"https:\/\/zbranebudai.sk\/hu\/wp-json\/wp\/v2\/types\/product"}],"wp:featuredmedia":[{"embeddable":true,"href":"https:\/\/zbranebudai.sk\/hu\/wp-json\/wp\/v2\/media\/11494"}],"wp:attachment":[{"href":"https:\/\/zbranebudai.sk\/hu\/wp-json\/wp\/v2\/media?parent=15109"}],"wp:term":[{"taxonomy":"product_brand","embeddable":true,"href":"https:\/\/zbranebudai.sk\/hu\/wp-json\/wp\/v2\/product_brand?post=15109"},{"taxonomy":"product_cat","embeddable":true,"href":"https:\/\/zbranebudai.sk\/hu\/wp-json\/wp\/v2\/product_cat?post=15109"},{"taxonomy":"product_tag","embeddable":true,"href":"https:\/\/zbranebudai.sk\/hu\/wp-json\/wp\/v2\/product_tag?post=15109"}],"curies":[{"name":"wp","href":"https:\/\/api.w.org\/{rel}","templated":true}]}}