{"id":15108,"date":"2025-02-17T17:58:29","date_gmt":"2025-02-17T15:58:29","guid":{"rendered":"https:\/\/zbranebudai.sk\/product\/puska-co2-t4e-ts-hds-68-kal-68-16-j\/"},"modified":"2025-08-31T10:01:52","modified_gmt":"2025-08-31T08:01:52","slug":"co2-t4e-ts-hds-68-cal-68-16-j","status":"publish","type":"product","link":"https:\/\/zbranebudai.sk\/hu\/product\/puska-co2-t4e-ts-hds-68-kal-68-16-j\/","title":{"rendered":"CO2 puska T4E TS HDS 68, cal. .68, 16 J"},"content":{"rendered":"","protected":false},"excerpt":{"rendered":"<p>A HDS 68 duplacs\u00f6v\u0171 taktikai s\u00f6r\u00e9tes puska a gyorsas\u00e1got \u00e9s a kompromisszumok n\u00e9lk\u00fcli, ak\u00e1r 16 Joule teljes\u00edtm\u00e9nyt \u00f6tv\u00f6zi. A Quick-Piercing rendszernek k\u00f6sz\u00f6nhet\u0151en b\u00e1rmikor haszn\u00e1latra k\u00e9sz. Csak enyh\u00e9n \u00fcsse meg a markolat alj\u00e1t a CO2-patron \u00e1tsz\u00far\u00e1s\u00e1hoz, \u00e9s az optikai \u00e9s tapinthat\u00f3 nyom\u00e1sjelz\u0151 jelzi, hogy k\u00e9szen \u00e1ll a t\u00fczel\u00e9sre. Egy nagy billen\u0151kar seg\u00edts\u00e9g\u00e9vel v\u00e1laszthat, hogy mindk\u00e9t cs\u00f6vet k\u00fcl\u00f6n-k\u00fcl\u00f6n vagy egyszerre l\u00f6vi ki. A cs\u0151 alatti pikatinny s\u00edn lehet\u0151v\u00e9 teszi k\u00fcl\u00f6nb\u00f6z\u0151 tartoz\u00e9kok, p\u00e9ld\u00e1ul l\u00e9zeres c\u00e9lz\u00f3k\u00e9sz\u00fcl\u00e9k vagy LED-es megvil\u00e1g\u00edt\u00e1s felszerel\u00e9s\u00e9t. A nagy .68-as kaliber lehet\u0151v\u00e9 teszi a T4E l\u0151szerek teljes v\u00e1laszt\u00e9k\u00e1nak haszn\u00e1lat\u00e1t cal. .68.<\/p>","protected":false},"featured_media":11492,"template":"","meta":{"_gspb_post_css":""},"product_brand":[],"product_cat":[1824,1828,2070],"product_tag":[],"class_list":{"0":"post-15108","1":"product","2":"type-product","3":"status-publish","4":"has-post-thumbnail","6":"product_cat-zbrane-18-d","7":"product_cat-zbrane-na-co2","8":"product_cat-zbrane-t4e","10":"first","11":"outofstock","12":"taxable","13":"shipping-taxable","14":"purchasable","15":"product-type-simple"},"ct_brands":[],"_links":{"self":[{"href":"https:\/\/zbranebudai.sk\/hu\/wp-json\/wp\/v2\/product\/15108","targetHints":{"allow":["GET"]}}],"collection":[{"href":"https:\/\/zbranebudai.sk\/hu\/wp-json\/wp\/v2\/product"}],"about":[{"href":"https:\/\/zbranebudai.sk\/hu\/wp-json\/wp\/v2\/types\/product"}],"wp:featuredmedia":[{"embeddable":true,"href":"https:\/\/zbranebudai.sk\/hu\/wp-json\/wp\/v2\/media\/11492"}],"wp:attachment":[{"href":"https:\/\/zbranebudai.sk\/hu\/wp-json\/wp\/v2\/media?parent=15108"}],"wp:term":[{"taxonomy":"product_brand","embeddable":true,"href":"https:\/\/zbranebudai.sk\/hu\/wp-json\/wp\/v2\/product_brand?post=15108"},{"taxonomy":"product_cat","embeddable":true,"href":"https:\/\/zbranebudai.sk\/hu\/wp-json\/wp\/v2\/product_cat?post=15108"},{"taxonomy":"product_tag","embeddable":true,"href":"https:\/\/zbranebudai.sk\/hu\/wp-json\/wp\/v2\/product_tag?post=15108"}],"curies":[{"name":"wp","href":"https:\/\/api.w.org\/{rel}","templated":true}]}}