{"id":15107,"date":"2025-02-17T17:58:29","date_gmt":"2025-02-17T15:58:29","guid":{"rendered":"https:\/\/zbranebudai.sk\/product\/bombicky-co2-8g-umarex-10-ks\/"},"modified":"2026-04-23T07:44:17","modified_gmt":"2026-04-23T05:44:17","slug":"co2-bombak-8g-umarex-10-db","status":"publish","type":"product","link":"https:\/\/zbranebudai.sk\/hu\/product\/bombicky-co2-8g-umarex-10-ks\/","title":{"rendered":"CO2 8g-os Umarex bomb\u00e1k, 10 db"},"content":{"rendered":"","protected":false},"excerpt":{"rendered":"<p>M\u00e9retre cs\u00f6kkentett 8 g-os CO2 g\u00e1zpatron a HDP 50 Compact meghajt\u00e1s\u00e1hoz. A patron nem haszn\u00e1lhat\u00f3 m\u00e1s CO2-pisztolyokban a szabv\u00e1nyos 12 g-os patronokkal!<\/p>","protected":false},"featured_media":11490,"template":"","meta":{"_gspb_post_css":""},"product_brand":[],"product_cat":[1833,1824,1828],"product_tag":[],"class_list":{"0":"post-15107","1":"product","2":"type-product","3":"status-publish","4":"has-post-thumbnail","6":"product_cat-co2-prislusenstvo","7":"product_cat-zbrane-18-d","8":"product_cat-zbrane-na-co2","10":"first","11":"instock","12":"taxable","13":"shipping-taxable","14":"purchasable","15":"product-type-simple"},"ct_brands":[],"_links":{"self":[{"href":"https:\/\/zbranebudai.sk\/hu\/wp-json\/wp\/v2\/product\/15107","targetHints":{"allow":["GET"]}}],"collection":[{"href":"https:\/\/zbranebudai.sk\/hu\/wp-json\/wp\/v2\/product"}],"about":[{"href":"https:\/\/zbranebudai.sk\/hu\/wp-json\/wp\/v2\/types\/product"}],"wp:featuredmedia":[{"embeddable":true,"href":"https:\/\/zbranebudai.sk\/hu\/wp-json\/wp\/v2\/media\/11490"}],"wp:attachment":[{"href":"https:\/\/zbranebudai.sk\/hu\/wp-json\/wp\/v2\/media?parent=15107"}],"wp:term":[{"taxonomy":"product_brand","embeddable":true,"href":"https:\/\/zbranebudai.sk\/hu\/wp-json\/wp\/v2\/product_brand?post=15107"},{"taxonomy":"product_cat","embeddable":true,"href":"https:\/\/zbranebudai.sk\/hu\/wp-json\/wp\/v2\/product_cat?post=15107"},{"taxonomy":"product_tag","embeddable":true,"href":"https:\/\/zbranebudai.sk\/hu\/wp-json\/wp\/v2\/product_tag?post=15107"}],"curies":[{"name":"wp","href":"https:\/\/api.w.org\/{rel}","templated":true}]}}