{"id":15105,"date":"2025-02-17T17:58:29","date_gmt":"2025-02-17T15:58:29","guid":{"rendered":"https:\/\/zbranebudai.sk\/product\/pistol-co2-t4e-tp-50-compact-kal-50-11-j\/"},"modified":"2025-07-12T16:53:35","modified_gmt":"2025-07-12T14:53:35","slug":"co2-pisztoly-t4e-tp-50-kompakt-cal-50-11-j","status":"publish","type":"product","link":"https:\/\/zbranebudai.sk\/hu\/product\/pistol-co2-t4e-tp-50-compact-kal-50-11-j\/","title":{"rendered":"CO2 pisztoly T4E TP 50 Compact, cal. .50, 11 J"},"content":{"rendered":"<p>A l\u0151szerk\u00edn\u00e1lat sz\u00e9les v\u00e1laszt\u00e9kot k\u00edn\u00e1l a klasszikus gumil\u00f6ved\u00e9kt\u0151l a gyakorl\u00f3 l\u00f6v\u00e9szethez, az RBI, POB \u00e9s PLB l\u00f6ved\u00e9kekig \u00f6nv\u00e9delemhez \u00e9s rombol\u00f3 l\u00f6v\u00e9szethez, a PB l\u0151szerek szintetikus f\u0171szeres t\u00f6ltettel \u00f6nv\u00e9delemhez, a MAB jel\u00f6l\u0151fest\u00e9k vagy foszfor l\u0151szerek \u00e9jszakai l\u00f6v\u00e9szethez \u00e9s m\u00e9g sok minden m\u00e1shoz.<\/p>\n<p>PARAM\u00c9TEREK:<\/p>\n<p>Teljes hossz: 183 mm<br \/>\nT\u00e1lcakapacit\u00e1s: 4<br \/>\n\u00dct\u00e9si energia: 11,0 J<br \/>\nRak\u00e9ta sebess\u00e9ge: 135 m\/s<br \/>\nA l\u00f6v\u00e9sek sz\u00e1ma CO\u2082 bomb\u00e1nk\u00e9nt: 8<br \/>\nS\u00faly: 585 g<\/p>","protected":false},"excerpt":{"rendered":"<p>A T4E TP 50 Compact a T4E sorozat legkompaktabb fegyvere. A szem\u00e9ly- \u00e9s vagyonv\u00e9delem \u00faj, hat\u00e9kony m\u00f3dszere .50 kaliber\u0171 gumil\u00f6ved\u00e9kek kil\u00f6v\u00e9s\u00e9vel. Figyelemre m\u00e9lt\u00f3, hogy az Umarexnek siker\u00fclt ezt a nagy .50 kaliber\u0171 (12,7 mm) l\u00f6ved\u00e9ket ilyen kis m\u00e9retben felhaszn\u00e1lni. A 4 l\u00f6ved\u00e9k kapacit\u00e1s\u00fa t\u00e1r \u00e9sszer\u0171 kompromisszumot jelent a hat\u00e9konys\u00e1g \u00e9s a m\u00e9ret k\u00f6z\u00f6tt. \u00d6nv\u00e9delemhez t\u00f6bb l\u00f6ved\u00e9k kombin\u00e1ci\u00f3ja a legjobb - p\u00e9ld\u00e1ul gumi-met\u00e1l \u00e9s bors l\u00f6ved\u00e9kek. A t\u00e1r a cs\u0151 alatt tal\u00e1lhat\u00f3, \u00e9s egy hagyom\u00e1nyos nyom\u00f3rug\u00f3val m\u0171k\u00f6dik. A fejlett Quick-Piercing funkci\u00f3nak k\u00f6sz\u00f6nhet\u0151en a t\u00f6lt\u00e9ny nem azonnal a behelyez\u00e9skor aktiv\u00e1l\u00f3dik, hanem csak a markolat alj\u00e1ra adott k\u00f6nny\u0171 \u00fct\u00e9ssel, \u00edgy a fegyver mindig k\u00e9szen \u00e1ll \u00e9s gyorsan haszn\u00e1lhat\u00f3.<\/p>","protected":false},"featured_media":11486,"template":"","meta":{"_gspb_post_css":""},"product_brand":[],"product_cat":[1824,1828,2070],"product_tag":[],"class_list":{"0":"post-15105","1":"product","2":"type-product","3":"status-publish","4":"has-post-thumbnail","6":"product_cat-zbrane-18-d","7":"product_cat-zbrane-na-co2","8":"product_cat-zbrane-t4e","10":"first","11":"outofstock","12":"taxable","13":"shipping-taxable","14":"purchasable","15":"product-type-simple"},"ct_brands":[],"_links":{"self":[{"href":"https:\/\/zbranebudai.sk\/hu\/wp-json\/wp\/v2\/product\/15105","targetHints":{"allow":["GET"]}}],"collection":[{"href":"https:\/\/zbranebudai.sk\/hu\/wp-json\/wp\/v2\/product"}],"about":[{"href":"https:\/\/zbranebudai.sk\/hu\/wp-json\/wp\/v2\/types\/product"}],"wp:featuredmedia":[{"embeddable":true,"href":"https:\/\/zbranebudai.sk\/hu\/wp-json\/wp\/v2\/media\/11486"}],"wp:attachment":[{"href":"https:\/\/zbranebudai.sk\/hu\/wp-json\/wp\/v2\/media?parent=15105"}],"wp:term":[{"taxonomy":"product_brand","embeddable":true,"href":"https:\/\/zbranebudai.sk\/hu\/wp-json\/wp\/v2\/product_brand?post=15105"},{"taxonomy":"product_cat","embeddable":true,"href":"https:\/\/zbranebudai.sk\/hu\/wp-json\/wp\/v2\/product_cat?post=15105"},{"taxonomy":"product_tag","embeddable":true,"href":"https:\/\/zbranebudai.sk\/hu\/wp-json\/wp\/v2\/product_tag?post=15105"}],"curies":[{"name":"wp","href":"https:\/\/api.w.org\/{rel}","templated":true}]}}