{"id":15104,"date":"2025-02-17T17:58:29","date_gmt":"2025-02-17T15:58:29","guid":{"rendered":"https:\/\/zbranebudai.sk\/product\/pistol-co2-smith-wesson-mp9-m2-0-kal-45mm-bb\/"},"modified":"2026-04-30T10:27:18","modified_gmt":"2026-04-30T08:27:18","slug":"co2-pisztoly-smith-wesson-mp9-m2-0-kaliber-45mm-bb","status":"publish","type":"product","link":"https:\/\/zbranebudai.sk\/hu\/product\/pistol-co2-smith-wesson-mp9-m2-0-kal-45mm-bb\/","title":{"rendered":"CO2 pisztoly Smith &amp; Wesson M&amp;P9 M2.0, cal. 4.5mm BB"},"content":{"rendered":"<p>PARAM\u00c9TEREK:<\/p>\n<p>Teljes hossz: 185 mm<br \/>\nA tart\u00e1ly kapacit\u00e1sa: 18<br \/>\n\u00dct\u00e9si energia: 3,0 J<br \/>\nRak\u00e9ta sebess\u00e9ge: 112 m\/s<br \/>\nA l\u00f6v\u00e9sek sz\u00e1ma CO\u2082 bomb\u00e1nk\u00e9nt: 50<br \/>\nS\u00faly: 660 g<\/p>","protected":false},"excerpt":{"rendered":"<p>A Smith &amp; Wesson M&amp;P9 M2.0 pisztoly licencelt CO2 m\u00e1solata - a katonai \u00e9s rend\u0151rs\u00e9gi k\u00edn\u00e1latb\u00f3l sz\u00e1rmaz\u00f3, szem\u00e9lyes \u00e9s professzion\u00e1lis haszn\u00e1latra optimaliz\u00e1lt modell. Az eredetihez hasonl\u00f3an k\u00fcl\u00f6n\u00f6sen durva text\u00far\u00e1j\u00fa markolattal rendelkezik a biztons\u00e1gos kezel\u00e9s \u00e9s a gyors t\u00fczel\u00e9s \u00e9rdek\u00e9ben. A BlowBack rendszer biztos\u00edtja a tol\u00f3cs\u00faszda val\u00f3s\u00e1gh\u0171 h\u00e1trafel\u00e9 ir\u00e1nyul\u00f3 mozg\u00e1s\u00e1t t\u00fczel\u00e9s k\u00f6zben, ami cs\u00f6kkenti a visszar\u00fag\u00e1st \u00e9s maximaliz\u00e1lja a pontoss\u00e1got.<\/p>","protected":false},"featured_media":11484,"template":"","meta":{"_gspb_post_css":""},"product_brand":[],"product_cat":[1829,1902,1824,1828],"product_tag":[],"class_list":{"0":"post-15104","1":"product","2":"type-product","3":"status-publish","4":"has-post-thumbnail","6":"product_cat-pistole-na-co2","7":"product_cat-smith-wesson-pistole-na-co2","8":"product_cat-zbrane-18-d","9":"product_cat-zbrane-na-co2","11":"first","12":"instock","13":"taxable","14":"shipping-taxable","15":"purchasable","16":"product-type-simple"},"ct_brands":[],"_links":{"self":[{"href":"https:\/\/zbranebudai.sk\/hu\/wp-json\/wp\/v2\/product\/15104","targetHints":{"allow":["GET"]}}],"collection":[{"href":"https:\/\/zbranebudai.sk\/hu\/wp-json\/wp\/v2\/product"}],"about":[{"href":"https:\/\/zbranebudai.sk\/hu\/wp-json\/wp\/v2\/types\/product"}],"wp:featuredmedia":[{"embeddable":true,"href":"https:\/\/zbranebudai.sk\/hu\/wp-json\/wp\/v2\/media\/11484"}],"wp:attachment":[{"href":"https:\/\/zbranebudai.sk\/hu\/wp-json\/wp\/v2\/media?parent=15104"}],"wp:term":[{"taxonomy":"product_brand","embeddable":true,"href":"https:\/\/zbranebudai.sk\/hu\/wp-json\/wp\/v2\/product_brand?post=15104"},{"taxonomy":"product_cat","embeddable":true,"href":"https:\/\/zbranebudai.sk\/hu\/wp-json\/wp\/v2\/product_cat?post=15104"},{"taxonomy":"product_tag","embeddable":true,"href":"https:\/\/zbranebudai.sk\/hu\/wp-json\/wp\/v2\/product_tag?post=15104"}],"curies":[{"name":"wp","href":"https:\/\/api.w.org\/{rel}","templated":true}]}}