{"id":15103,"date":"2025-02-17T17:58:29","date_gmt":"2025-02-17T15:58:29","guid":{"rendered":"https:\/\/zbranebudai.sk\/product\/pistol-co2-smith-wesson-mp45-m2-0-kal-45mm-diabolo\/"},"modified":"2026-05-07T13:10:24","modified_gmt":"2026-05-07T11:10:24","slug":"co2-pisztoly-smith-wesson-mp45-m2-0-cal-45mm-diabolo","status":"publish","type":"product","link":"https:\/\/zbranebudai.sk\/hu\/product\/pistol-co2-smith-wesson-mp45-m2-0-kal-45mm-diabolo\/","title":{"rendered":"CO2 pisztoly Smith &amp; Wesson M&amp;P45 M2.0, cal. 4.5mm diabolo"},"content":{"rendered":"<p>PARAM\u00c9TEREK:<\/p>\n<p>Teljes hossz: 202 mm<br \/>\nT\u00e1lcakapacit\u00e1s: 8<br \/>\n\u00dct\u00e9si energia: 3,0 J<br \/>\nRak\u00e9ta sebess\u00e9ge: 120 m\/s<br \/>\nL\u00f6v\u00e9sek sz\u00e1ma CO\u2082 bomb\u00e1nk\u00e9nt: 60<br \/>\nS\u00faly: 655 g<\/p>","protected":false},"excerpt":{"rendered":"<p>Az M&amp;P a Smith &amp; Wesson for Military &amp; Police r\u00f6vid\u00edt\u00e9se, amely sorozat hossz\u00fa \u00e9vek \u00f3ta tartalmaz nagy teljes\u00edtm\u00e9ny\u0171 \u00e9s megb\u00edzhat\u00f3 fegyvereket taktikai c\u00e9lokra \u00e9s \u00f6nv\u00e9delemre. A Smith &amp; Wesson MP 45 M2 l\u00e9gpisztoly prec\u00edzi\u00f3s huzalozott cs\u0151vel rendelkezik, \u00e9s nyolc t\u00f6lt\u00e9nyes t\u00e1rat haszn\u00e1l, amely l\u00f6v\u00e9skor gyorsan \u00e9s egyszer\u0171en kicser\u00e9lhet\u0151 l\u0151szerrel t\u00f6lt\u00f6tt t\u00e1rra.<\/p>","protected":false},"featured_media":11482,"template":"","meta":{"_gspb_post_css":""},"product_brand":[],"product_cat":[1829,1902,1824,1828],"product_tag":[],"class_list":{"0":"post-15103","1":"product","2":"type-product","3":"status-publish","4":"has-post-thumbnail","6":"product_cat-pistole-na-co2","7":"product_cat-smith-wesson-pistole-na-co2","8":"product_cat-zbrane-18-d","9":"product_cat-zbrane-na-co2","11":"first","12":"instock","13":"taxable","14":"shipping-taxable","15":"purchasable","16":"product-type-simple"},"ct_brands":[],"_links":{"self":[{"href":"https:\/\/zbranebudai.sk\/hu\/wp-json\/wp\/v2\/product\/15103","targetHints":{"allow":["GET"]}}],"collection":[{"href":"https:\/\/zbranebudai.sk\/hu\/wp-json\/wp\/v2\/product"}],"about":[{"href":"https:\/\/zbranebudai.sk\/hu\/wp-json\/wp\/v2\/types\/product"}],"wp:featuredmedia":[{"embeddable":true,"href":"https:\/\/zbranebudai.sk\/hu\/wp-json\/wp\/v2\/media\/11482"}],"wp:attachment":[{"href":"https:\/\/zbranebudai.sk\/hu\/wp-json\/wp\/v2\/media?parent=15103"}],"wp:term":[{"taxonomy":"product_brand","embeddable":true,"href":"https:\/\/zbranebudai.sk\/hu\/wp-json\/wp\/v2\/product_brand?post=15103"},{"taxonomy":"product_cat","embeddable":true,"href":"https:\/\/zbranebudai.sk\/hu\/wp-json\/wp\/v2\/product_cat?post=15103"},{"taxonomy":"product_tag","embeddable":true,"href":"https:\/\/zbranebudai.sk\/hu\/wp-json\/wp\/v2\/product_tag?post=15103"}],"curies":[{"name":"wp","href":"https:\/\/api.w.org\/{rel}","templated":true}]}}