{"id":15102,"date":"2025-02-17T17:58:28","date_gmt":"2025-02-17T15:58:28","guid":{"rendered":"https:\/\/zbranebudai.sk\/product\/revolver-co2-smith-wesson-m29-6-5-kal-45mm-diabolo\/"},"modified":"2026-04-16T05:05:06","modified_gmt":"2026-04-16T03:05:06","slug":"revolver-co2-smith-wesson-m29-6-5-kaliber-45mm-diabolo","status":"publish","type":"product","link":"https:\/\/zbranebudai.sk\/hu\/product\/revolver-co2-smith-wesson-m29-6-5-kal-45mm-diabolo\/","title":{"rendered":"Revolver CO2 Smith &amp; Wesson M29 6.5\u2033, kaliber: Smith &amp; Wesson M29 6.5\u2033. 4.5mm diabolo"},"content":{"rendered":"<p>PARAM\u00c9TEREK:<\/p>\n<p>Teljes hossz: 308 mm<br \/>\nT\u00e1lcakapacit\u00e1s: 6<br \/>\n\u00dct\u00e9si energia: 3,0 J<br \/>\nRak\u00e9ta sebess\u00e9ge: 103 m\/s<br \/>\nL\u00f6v\u00e9sek sz\u00e1ma CO\u2082 bomb\u00e1nk\u00e9nt: 60<br \/>\nS\u00faly: 1145 g<\/p>","protected":false},"excerpt":{"rendered":"<p>A Smith &amp; Wesson M29, a Magnum revolverek atyja, felt\u0171n\u0151 kialak\u00edt\u00e1s\u00e1nak \u00e9s kiv\u00e1l\u00f3 min\u0151s\u00e9g\u00e9nek k\u00f6sz\u00f6nhet\u0151en sz\u00e1mos westernben szerepelt a filmv\u00e1sznon. Ennek az 1955-\u00f6s ikonnak a teljesen f\u00e9mszerkezet\u0171 \u00e9s magasf\u00e9ny\u0171 kivitel\u0171, licencelt CO2 v\u00e1ltozata k\u00e9t cs\u0151hossz\u00fas\u00e1g k\u00f6z\u00fcl v\u00e1laszthat. \u00c1ll\u00edthat\u00f3 magass\u00e1g\u00fa \u00e9s hosszir\u00e1ny\u00fa c\u00e9lz\u00f3k\u00e9sz\u00fcl\u00e9k a maxim\u00e1lis pontoss\u00e1g \u00e9rdek\u00e9ben. Az eredetihez h\u0171en hat s\u00e1rgar\u00e9z sz\u00edn\u0171 f\u00e9m replika patront haszn\u00e1l, amelyek mindegyike egy-egy l\u00f6ved\u00e9kkel t\u00f6lt\u00f6tt cal. 4,5 mm-es l\u00f6ved\u00e9kkel.<\/p>","protected":false},"featured_media":11480,"template":"","meta":{"_gspb_post_css":""},"product_brand":[],"product_cat":[1870,2150,1824,1828],"product_tag":[],"class_list":{"0":"post-15102","1":"product","2":"type-product","3":"status-publish","4":"has-post-thumbnail","6":"product_cat-revolvery-na-co2","7":"product_cat-smith-wesson-revolvery-na-co2","8":"product_cat-zbrane-18-d","9":"product_cat-zbrane-na-co2","11":"first","12":"instock","13":"taxable","14":"shipping-taxable","15":"purchasable","16":"product-type-simple"},"ct_brands":[],"_links":{"self":[{"href":"https:\/\/zbranebudai.sk\/hu\/wp-json\/wp\/v2\/product\/15102","targetHints":{"allow":["GET"]}}],"collection":[{"href":"https:\/\/zbranebudai.sk\/hu\/wp-json\/wp\/v2\/product"}],"about":[{"href":"https:\/\/zbranebudai.sk\/hu\/wp-json\/wp\/v2\/types\/product"}],"wp:featuredmedia":[{"embeddable":true,"href":"https:\/\/zbranebudai.sk\/hu\/wp-json\/wp\/v2\/media\/11480"}],"wp:attachment":[{"href":"https:\/\/zbranebudai.sk\/hu\/wp-json\/wp\/v2\/media?parent=15102"}],"wp:term":[{"taxonomy":"product_brand","embeddable":true,"href":"https:\/\/zbranebudai.sk\/hu\/wp-json\/wp\/v2\/product_brand?post=15102"},{"taxonomy":"product_cat","embeddable":true,"href":"https:\/\/zbranebudai.sk\/hu\/wp-json\/wp\/v2\/product_cat?post=15102"},{"taxonomy":"product_tag","embeddable":true,"href":"https:\/\/zbranebudai.sk\/hu\/wp-json\/wp\/v2\/product_tag?post=15102"}],"curies":[{"name":"wp","href":"https:\/\/api.w.org\/{rel}","templated":true}]}}