{"id":15101,"date":"2025-02-17T17:58:28","date_gmt":"2025-02-17T15:58:28","guid":{"rendered":"https:\/\/zbranebudai.sk\/product\/pistol-co2-glock-17-gen5-kal-45mm-diabolo\/"},"modified":"2026-05-14T15:48:31","modified_gmt":"2026-05-14T13:48:31","slug":"co2-pisztoly-glock-17-gen5-kal-45mm-diabolo","status":"publish","type":"product","link":"https:\/\/zbranebudai.sk\/hu\/product\/pistol-co2-glock-17-gen5-kal-45mm-diabolo\/","title":{"rendered":"CO2 pisztoly GLOCK 17 Gen5, cal. 4,5mm diabolo"},"content":{"rendered":"<p>PARAM\u00c9TEREK:<\/p>\n<p>Teljes hossz: 202 mm<br \/>\nA tart\u00e1ly kapacit\u00e1sa: 21<br \/>\n\u00dct\u00e9si energia: 3,0 J<br \/>\nRak\u00e9ta sebess\u00e9ge: 120 m\/s<br \/>\nL\u00f6v\u00e9sek sz\u00e1ma CO\u2082 bomb\u00e1nk\u00e9nt: 60<br \/>\nS\u00faly: 830g<\/p>","protected":false},"excerpt":{"rendered":"<p>A Glock mod. 17 (Gen5 - \u00f6t\u00f6dik gener\u00e1ci\u00f3) hiteles, enged\u00e9lyezett m\u00e1solata az Umarex-t\u0151l CO2 l\u00e9gpisztoly form\u00e1j\u00e1ban, cal. 4,5 mm-es Diabolo. A cs\u0151 \u00e9s a cs\u00faszka f\u00e9mb\u0151l, a v\u00e1z polimerb\u0151l k\u00e9sz\u00fclt. Ebb\u0151l a v\u00e1ltozatb\u00f3l nem hi\u00e1nyzik a BlowBack rendszer, amely a z\u00e1r val\u00f3s\u00e1gh\u0171 h\u00e1trafel\u00e9 ir\u00e1nyul\u00f3 mozg\u00e1s\u00e1t biztos\u00edtja a t\u00fczel\u00e9s sor\u00e1n, ami cs\u00f6kkenti a visszar\u00fag\u00e1st \u00e9s maximaliz\u00e1lja a pontoss\u00e1got.<\/p>","protected":false},"featured_media":11478,"template":"","meta":{"_gspb_post_css":""},"product_brand":[],"product_cat":[1876,1829,1824,1828],"product_tag":[],"class_list":{"0":"post-15101","1":"product","2":"type-product","3":"status-publish","4":"has-post-thumbnail","6":"product_cat-glock","7":"product_cat-pistole-na-co2","8":"product_cat-zbrane-18-d","9":"product_cat-zbrane-na-co2","11":"first","12":"instock","13":"taxable","14":"shipping-taxable","15":"purchasable","16":"product-type-simple"},"ct_brands":[],"_links":{"self":[{"href":"https:\/\/zbranebudai.sk\/hu\/wp-json\/wp\/v2\/product\/15101","targetHints":{"allow":["GET"]}}],"collection":[{"href":"https:\/\/zbranebudai.sk\/hu\/wp-json\/wp\/v2\/product"}],"about":[{"href":"https:\/\/zbranebudai.sk\/hu\/wp-json\/wp\/v2\/types\/product"}],"wp:featuredmedia":[{"embeddable":true,"href":"https:\/\/zbranebudai.sk\/hu\/wp-json\/wp\/v2\/media\/11478"}],"wp:attachment":[{"href":"https:\/\/zbranebudai.sk\/hu\/wp-json\/wp\/v2\/media?parent=15101"}],"wp:term":[{"taxonomy":"product_brand","embeddable":true,"href":"https:\/\/zbranebudai.sk\/hu\/wp-json\/wp\/v2\/product_brand?post=15101"},{"taxonomy":"product_cat","embeddable":true,"href":"https:\/\/zbranebudai.sk\/hu\/wp-json\/wp\/v2\/product_cat?post=15101"},{"taxonomy":"product_tag","embeddable":true,"href":"https:\/\/zbranebudai.sk\/hu\/wp-json\/wp\/v2\/product_tag?post=15101"}],"curies":[{"name":"wp","href":"https:\/\/api.w.org\/{rel}","templated":true}]}}