{"id":15099,"date":"2025-02-17T17:58:28","date_gmt":"2025-02-17T15:58:28","guid":{"rendered":"https:\/\/zbranebudai.sk\/product\/pistol-co2-walther-ppq-m2-q4-tac-combo-4-6-set-kal-45mm-diabolo\/"},"modified":"2026-05-14T15:48:31","modified_gmt":"2026-05-14T13:48:31","slug":"co2-pisztoly-walther-ppq-m2-q4-tac-combo-4-6-keszlet-cal-45mm-diabolo","status":"publish","type":"product","link":"https:\/\/zbranebudai.sk\/hu\/product\/pistol-co2-walther-ppq-m2-q4-tac-combo-4-6-set-kal-45mm-diabolo\/","title":{"rendered":"CO2 pisztoly Walther PPQ M2 Q4 TAC Combo 4.6\u2033 Set, cal. 4.5mm diabolo"},"content":{"rendered":"<p>PARAM\u00c9TEREK:<\/p>\n<p>Teljes hossz: 198 mm<br \/>\nA tart\u00e1ly kapacit\u00e1sa: 21<br \/>\n\u00dct\u00e9si energia: 3,0 J<br \/>\nRak\u00e9ta sebess\u00e9ge: 110 m\/s<br \/>\nA l\u00f6v\u00e9sek sz\u00e1ma CO\u2082 bomb\u00e1nk\u00e9nt: 105<br \/>\nS\u00faly: 880g<\/p>","protected":false},"excerpt":{"rendered":"<p>A Walther PPQ M2 Q4 TAC Combo Edition Collimatorral egy rendk\u00edv\u00fcl pontos m\u00e1solat, amely az eredetihez hasonl\u00f3an hiteles s\u00faly\u00fa \u00e9s funkcion\u00e1lis kezel\u0151szervekkel rendelkezik, \u00e9s ide\u00e1lis v\u00e1laszt\u00e1s a taktikai \u00e9rz\u00e9kkel rendelkez\u0151 szabadid\u0151s l\u00f6v\u00e9szek sz\u00e1m\u00e1ra. Az innovat\u00edv l\u00e1ncos t\u00e1r 21 darab 4,5 mm-es kaliber\u0171 l\u00f6ved\u00e9ket tartalmaz. A p\u00f6rgetett, 4,6\u2033 hossz\u00fa cs\u0151vel kombin\u00e1lva a goly\u00f3k garant\u00e1ltan jelent\u0151sen nagyobb r\u00f6pp\u00e1lyastabilit\u00e1st \u00e9s nagyobb pontoss\u00e1got biztos\u00edtanak az ac\u00e9l BB goly\u00f3khoz k\u00e9pest. A BlowBack rendszernek k\u00f6sz\u00f6nhet\u0151 val\u00f3s\u00e1gh\u0171 torkolati mozg\u00e1s a Walther PPQ M2 Q4 Tac l\u00e9gpisztolyt ide\u00e1lis fegyverkezel\u00e9si \u00e9s c\u00e9ll\u00f6v\u00e9szeti gyakorlatokhoz.<\/p>","protected":false},"featured_media":11474,"template":"","meta":{"_gspb_post_css":""},"product_brand":[],"product_cat":[1829,2226,1824,1828],"product_tag":[],"class_list":{"0":"post-15099","1":"product","2":"type-product","3":"status-publish","4":"has-post-thumbnail","6":"product_cat-pistole-na-co2","7":"product_cat-walther-pistole-na-co2","8":"product_cat-zbrane-18-d","9":"product_cat-zbrane-na-co2","11":"first","12":"instock","13":"taxable","14":"shipping-taxable","15":"purchasable","16":"product-type-simple"},"ct_brands":[],"_links":{"self":[{"href":"https:\/\/zbranebudai.sk\/hu\/wp-json\/wp\/v2\/product\/15099","targetHints":{"allow":["GET"]}}],"collection":[{"href":"https:\/\/zbranebudai.sk\/hu\/wp-json\/wp\/v2\/product"}],"about":[{"href":"https:\/\/zbranebudai.sk\/hu\/wp-json\/wp\/v2\/types\/product"}],"wp:featuredmedia":[{"embeddable":true,"href":"https:\/\/zbranebudai.sk\/hu\/wp-json\/wp\/v2\/media\/11474"}],"wp:attachment":[{"href":"https:\/\/zbranebudai.sk\/hu\/wp-json\/wp\/v2\/media?parent=15099"}],"wp:term":[{"taxonomy":"product_brand","embeddable":true,"href":"https:\/\/zbranebudai.sk\/hu\/wp-json\/wp\/v2\/product_brand?post=15099"},{"taxonomy":"product_cat","embeddable":true,"href":"https:\/\/zbranebudai.sk\/hu\/wp-json\/wp\/v2\/product_cat?post=15099"},{"taxonomy":"product_tag","embeddable":true,"href":"https:\/\/zbranebudai.sk\/hu\/wp-json\/wp\/v2\/product_tag?post=15099"}],"curies":[{"name":"wp","href":"https:\/\/api.w.org\/{rel}","templated":true}]}}