{"id":15098,"date":"2025-02-17T17:58:28","date_gmt":"2025-02-17T15:58:28","guid":{"rendered":"https:\/\/zbranebudai.sk\/product\/pistol-co2-t4e-glock-17-gen5-kal-43-5-j\/"},"modified":"2026-04-30T10:27:17","modified_gmt":"2026-04-30T08:27:17","slug":"pisztoly-co2-t4e-glock-17-gen5-cal-43-5-j","status":"publish","type":"product","link":"https:\/\/zbranebudai.sk\/hu\/product\/pistol-co2-t4e-glock-17-gen5-kal-43-5-j\/","title":{"rendered":"CO2 pisztoly T4E Glock 17 Gen5, cal. .43, 5 J"},"content":{"rendered":"<p>A sz\u00ednes anyagot tartalmaz\u00f3 l\u00f6ved\u00e9kek bet\u00f6lt\u00e9s\u00e9vel a fegyver gyakorl\u00f3 l\u00f6v\u00e9szetre vagy paintball pisztolyk\u00e9nt haszn\u00e1lhat\u00f3. Gumil\u00f6ved\u00e9kek vagy k\u00f6nnyez\u0151anyagot tartalmaz\u00f3 l\u00f6ved\u00e9kek bet\u00f6lt\u00e9s\u00e9vel a fegyver hat\u00e9kony v\u00e9delmi eszk\u00f6zk\u00e9nt haszn\u00e1lhat\u00f3.\u00a0<\/p>\n<p>PARAM\u00c9TEREK:<\/p>\n<p>Teljes hossz: 202 mm<br \/>\nT\u00e1rkapacit\u00e1s: 8 t\u00f6lt\u00e9ny<br \/>\n\u00dct\u00e9si energia: 5,0 J<br \/>\nL\u00f6v\u00e9si sebess\u00e9g: 110 m\/s (440 fps)<br \/>\nA l\u00f6v\u00e9sek sz\u00e1ma CO\u2082 bomb\u00e1nk\u00e9nt: 40<br \/>\nS\u00faly: 703g<\/p>","protected":false},"excerpt":{"rendered":"<p>A n\u00e9met Umarex els\u0151 hivatalosan enged\u00e9lyezett GLOCK T4E fegyvere nem csak a paintball rajong\u00f3knak okoz \u00f6r\u00f6met, hanem a szem\u00e9ly- \u00e9s vagyonv\u00e9delem egy \u00faj, hat\u00e9kony m\u00f3dj\u00e1t is bevezeti a .43-as kaliber\u0171 gumil\u00f6ved\u00e9kek kil\u00f6v\u00e9s\u00e9vel. Az Umarex Glock 17 Gen5 T4E massz\u00edv fel\u00e9p\u00edt\u00e9s\u0171, f\u00e9m z\u00e1rszerkezettel \u00e9s polimer v\u00e1zzal kombin\u00e1lt, ami kedvez\u0151en befoly\u00e1solja az \u00f6sszs\u00falyt. A t\u00e1rban 8 l\u00f6ved\u00e9k f\u00e9r el, amelyek 5 joule energi\u00e1val l\u0151het\u0151k ki. Az energiaforr\u00e1st a markolatban elhelyezett CO2-bomba biztos\u00edtja. Opcion\u00e1lis tartoz\u00e9kk\u00e9nt el\u00e9rhet\u0151 a Quick-Piercing funkci\u00f3val ell\u00e1tott t\u00e1r, ahol a bomba nem azonnal a behelyez\u00e9skor aktiv\u00e1l\u00f3dik, hanem csak a markolat alj\u00e1ra adott k\u00f6nny\u0171 \u00fct\u00e9ssel, \u00edgy a fegyver mindig k\u00e9szenl\u00e9tben van \u00e9s gyorsan haszn\u00e1lhat\u00f3.<\/p>","protected":false},"featured_media":11470,"template":"","meta":{"_gspb_post_css":""},"product_brand":[],"product_cat":[1824,1828,2070],"product_tag":[],"class_list":{"0":"post-15098","1":"product","2":"type-product","3":"status-publish","4":"has-post-thumbnail","6":"product_cat-zbrane-18-d","7":"product_cat-zbrane-na-co2","8":"product_cat-zbrane-t4e","10":"first","11":"instock","12":"taxable","13":"shipping-taxable","14":"purchasable","15":"product-type-simple"},"ct_brands":[],"_links":{"self":[{"href":"https:\/\/zbranebudai.sk\/hu\/wp-json\/wp\/v2\/product\/15098","targetHints":{"allow":["GET"]}}],"collection":[{"href":"https:\/\/zbranebudai.sk\/hu\/wp-json\/wp\/v2\/product"}],"about":[{"href":"https:\/\/zbranebudai.sk\/hu\/wp-json\/wp\/v2\/types\/product"}],"wp:featuredmedia":[{"embeddable":true,"href":"https:\/\/zbranebudai.sk\/hu\/wp-json\/wp\/v2\/media\/11470"}],"wp:attachment":[{"href":"https:\/\/zbranebudai.sk\/hu\/wp-json\/wp\/v2\/media?parent=15098"}],"wp:term":[{"taxonomy":"product_brand","embeddable":true,"href":"https:\/\/zbranebudai.sk\/hu\/wp-json\/wp\/v2\/product_brand?post=15098"},{"taxonomy":"product_cat","embeddable":true,"href":"https:\/\/zbranebudai.sk\/hu\/wp-json\/wp\/v2\/product_cat?post=15098"},{"taxonomy":"product_tag","embeddable":true,"href":"https:\/\/zbranebudai.sk\/hu\/wp-json\/wp\/v2\/product_tag?post=15098"}],"curies":[{"name":"wp","href":"https:\/\/api.w.org\/{rel}","templated":true}]}}