{"id":15083,"date":"2025-02-17T17:58:26","date_gmt":"2025-02-17T15:58:26","guid":{"rendered":"https:\/\/zbranebudai.sk\/product\/ruger-10-22-takedown-31152-kal-22lr\/"},"modified":"2026-02-20T09:07:15","modified_gmt":"2026-02-20T07:07:15","slug":"ruger-10-22-takedown-31152-cal-22lr","status":"publish","type":"product","link":"https:\/\/zbranebudai.sk\/hu\/product\/ruger-10-22-takedown-31152-kal-22lr\/","title":{"rendered":"Ruger 10\/22 Takedown 31152, cal. 22LR"},"content":{"rendered":"<p>PARAM\u00c9TEREK:<\/p>\n<p>Hossz\u00fas\u00e1g: 47 cm (16.4 in)<br \/>\nTeljes hossz: 89 cm<br \/>\nA tart\u00e1ly kapacit\u00e1sa: 10<br \/>\nHord\u00f3nagys\u00e1g: 1:16<br \/>\nPicatinny s\u00edn: nem<br \/>\nA hord\u00f3: Rozsdamentes ac\u00e9l szat\u00edrozott<br \/>\n\u00cdg\u00e9ret: Szintetikus<br \/>\nS\u00faly: 1,9 kg<\/p>","protected":false},"excerpt":{"rendered":"<p>A Ruger 10\/22 az egyik legn\u00e9pszer\u0171bb \u00e9s legsz\u00e9lesebb k\u00f6rben haszn\u00e1lt kis kaliber\u0171 puska az USA-ban. \u00c9s joggal - a 10\/22 t\u00f6bb mint 50 \u00e9ve kedvelt v\u00e1laszt\u00e1s a szabadid\u0151s \u00e9s sportl\u00f6v\u00e9szetben, valamint az apr\u00f3vad vad\u00e1szatban, k\u00f6sz\u00f6nhet\u0151en megb\u00edzhat\u00f3s\u00e1g\u00e1nak \u00e9s pontoss\u00e1g\u00e1nak. A Takedown 31152 egy Magpul \u00ae X-22 Backpacker sz\u00e1rral rendelkezik, be\u00e9p\u00edtett t\u00e1rol\u00f3rekesszel, amely ak\u00e1r h\u00e1rom 10 t\u00f6lt\u00e9nyes tartal\u00e9k t\u00e1rat is k\u00e9pes t\u00e1rolni, valamint egy MOE SL \u00ae markolattal, amely egyedi z\u00e1r\u00f3fel\u00fclettel rendelkezik, \u00edgy a cs\u0151 gyorsan lev\u00e1laszthat\u00f3 a cs\u0151tart\u00f3t\u00f3l a k\u00f6nny\u0171 sz\u00e1ll\u00edt\u00e1s \u00e9s t\u00e1rol\u00e1s \u00e9rdek\u00e9ben. A k\u00e9szleteket 2024 november\u00e9ben fogjuk felt\u00f6lteni.<\/p>","protected":false},"featured_media":11416,"template":"","meta":{"_gspb_post_css":""},"product_brand":[],"product_cat":[1890,1821,1837,1952,1820],"product_tag":[],"class_list":{"0":"post-15083","1":"product","2":"type-product","3":"status-publish","4":"has-post-thumbnail","6":"product_cat-10-22","7":"product_cat-gulovnice-zbrane-b-c","8":"product_cat-ruger","9":"product_cat-takedown","10":"product_cat-zbrane-b-c","12":"first","13":"outofstock","14":"taxable","15":"shipping-taxable","16":"purchasable","17":"product-type-simple"},"ct_brands":[],"_links":{"self":[{"href":"https:\/\/zbranebudai.sk\/hu\/wp-json\/wp\/v2\/product\/15083","targetHints":{"allow":["GET"]}}],"collection":[{"href":"https:\/\/zbranebudai.sk\/hu\/wp-json\/wp\/v2\/product"}],"about":[{"href":"https:\/\/zbranebudai.sk\/hu\/wp-json\/wp\/v2\/types\/product"}],"wp:featuredmedia":[{"embeddable":true,"href":"https:\/\/zbranebudai.sk\/hu\/wp-json\/wp\/v2\/media\/11416"}],"wp:attachment":[{"href":"https:\/\/zbranebudai.sk\/hu\/wp-json\/wp\/v2\/media?parent=15083"}],"wp:term":[{"taxonomy":"product_brand","embeddable":true,"href":"https:\/\/zbranebudai.sk\/hu\/wp-json\/wp\/v2\/product_brand?post=15083"},{"taxonomy":"product_cat","embeddable":true,"href":"https:\/\/zbranebudai.sk\/hu\/wp-json\/wp\/v2\/product_cat?post=15083"},{"taxonomy":"product_tag","embeddable":true,"href":"https:\/\/zbranebudai.sk\/hu\/wp-json\/wp\/v2\/product_tag?post=15083"}],"curies":[{"name":"wp","href":"https:\/\/api.w.org\/{rel}","templated":true}]}}