{"id":15082,"date":"2025-02-17T17:58:26","date_gmt":"2025-02-17T15:58:26","guid":{"rendered":"https:\/\/zbranebudai.sk\/product\/sako-90-varmint-laminated-stainless-kal-308win-pica-ns-dm-st-ss-fl-23-7in-mt18x1\/"},"modified":"2026-04-16T05:02:55","modified_gmt":"2026-04-16T03:02:55","slug":"jacket-90-varmint-laminalt-rozsdamentes-kal-308win-pica-ns-dm-st-ss-fl-23-7in-mt18x1","status":"publish","type":"product","link":"https:\/\/zbranebudai.sk\/hu\/product\/sako-90-varmint-laminated-stainless-kal-308win-pica-ns-dm-st-ss-fl-23-7in-mt18x1\/","title":{"rendered":"Sako 90 Varmint lamin\u00e1lt rozsdamentes, cal. .308Win. (PICA NS DM ST SS FL 23.7in MT18x1)"},"content":{"rendered":"<p>PARAM\u00c9TEREK:<\/p>\n<p>Cs\u0151hossz: 600 mm (23.7\u2033)<br \/>\nCs\u0151\u00e1tm\u00e9r\u0151: 22 mm<br \/>\nTeljes hossz: 1089 mm<br \/>\nT\u00e1lcakapacit\u00e1s: 5<br \/>\nHord\u00f3 oszt\u00e1s: 1:10<br \/>\nPicatinny s\u00edn: Igen<br \/>\nA hord\u00f3: Rozsdamentes<br \/>\nK\u00e9szlet: lamin\u00e1lt<br \/>\nS\u00faly: 3,9 kg<\/p>","protected":false},"excerpt":{"rendered":"<p>A Sako 90 Varmint a t\u00f6k\u00e9letes puska, amelyet hossz\u00fa t\u00e1v\u00fa l\u00f6v\u00e9szetre \u00e9s vad\u00e1szatra terveztek. A massz\u00edv \u00e9s merev ny\u00edrfa lamin\u00e1lt \u00e1llom\u00e1ny a megemelt Monte Carlo pofaelemmel \u00e9s a sz\u00e9les alkarral t\u00f6k\u00e9letes l\u0151poz\u00edci\u00f3t tesz lehet\u0151v\u00e9 nagy l\u00e1t\u00f3sz\u00f6g\u0171 optika haszn\u00e1lata eset\u00e9n. A Sako leg\u00fajabb technol\u00f3gi\u00e1ja szerint k\u00e9sz\u00fclt, a jobb h\u0151elvezet\u00e9st szolg\u00e1l\u00f3 csatorn\u00e1z\u00e1ssal ell\u00e1tott, neh\u00e9z, hidegen kov\u00e1csolt cs\u0151 stabilit\u00e1st \u00e9s hossz\u00fa t\u00e1von megism\u00e9telhet\u0151 pontoss\u00e1got biztos\u00edt. A furatot \u00e9s a f\u00far\u00e1st minden kaliberhez \u00fagy v\u00e1lasztottuk ki, hogy optimaliz\u00e1ljuk a teljes\u00edtm\u00e9nyt \u00e9s a pontoss\u00e1got. A rozsdamentes ac\u00e9lb\u00f3l k\u00e9sz\u00fclt k\u00e9tsoros t\u00e1r a kil\u00f6v\u0151ny\u00edl\u00e1son kereszt\u00fcl is t\u00f6lthet\u0151. Az egyed\u00fcl\u00e1ll\u00f3 reteszkiold\u00f3 gomb lehet\u0151v\u00e9 teszi a l\u0151szer behelyez\u00e9s\u00e9t vagy elt\u00e1vol\u00edt\u00e1s\u00e1t a t\u00e1rb\u00f3l akkor is, ha a fegyver z\u00e1rva van. \u00c1ll\u00edthat\u00f3 ravaszellen\u00e1ll\u00e1s. Kiv\u00e1l\u00f3 ergon\u00f3mia maxim\u00e1lis pontoss\u00e1ggal, megb\u00edzhat\u00f3s\u00e1ggal \u00e9s a piacon kaphat\u00f3 legsim\u00e1bb m\u0171k\u00f6d\u00e9ssel. Ide\u00e1lis prec\u00edzi\u00f3s l\u00f6v\u00e9szethez \u00e9s kisebb vadakra \u00e9s varg\u00e1ny\u00e1kra val\u00f3 vad\u00e1szathoz nagyobb t\u00e1vols\u00e1gokra.<\/p>","protected":false},"featured_media":11414,"template":"","meta":{"_gspb_post_css":""},"product_brand":[],"product_cat":[2149,1821,1822,2143,1820],"product_tag":[],"class_list":{"0":"post-15082","1":"product","2":"type-product","3":"status-publish","4":"has-post-thumbnail","6":"product_cat-90-varmint","7":"product_cat-gulovnice-zbrane-b-c","8":"product_cat-sako","9":"product_cat-sako-90","10":"product_cat-zbrane-b-c","12":"first","13":"outofstock","14":"taxable","15":"shipping-taxable","16":"purchasable","17":"product-type-simple"},"ct_brands":[],"_links":{"self":[{"href":"https:\/\/zbranebudai.sk\/hu\/wp-json\/wp\/v2\/product\/15082","targetHints":{"allow":["GET"]}}],"collection":[{"href":"https:\/\/zbranebudai.sk\/hu\/wp-json\/wp\/v2\/product"}],"about":[{"href":"https:\/\/zbranebudai.sk\/hu\/wp-json\/wp\/v2\/types\/product"}],"wp:featuredmedia":[{"embeddable":true,"href":"https:\/\/zbranebudai.sk\/hu\/wp-json\/wp\/v2\/media\/11414"}],"wp:attachment":[{"href":"https:\/\/zbranebudai.sk\/hu\/wp-json\/wp\/v2\/media?parent=15082"}],"wp:term":[{"taxonomy":"product_brand","embeddable":true,"href":"https:\/\/zbranebudai.sk\/hu\/wp-json\/wp\/v2\/product_brand?post=15082"},{"taxonomy":"product_cat","embeddable":true,"href":"https:\/\/zbranebudai.sk\/hu\/wp-json\/wp\/v2\/product_cat?post=15082"},{"taxonomy":"product_tag","embeddable":true,"href":"https:\/\/zbranebudai.sk\/hu\/wp-json\/wp\/v2\/product_tag?post=15082"}],"curies":[{"name":"wp","href":"https:\/\/api.w.org\/{rel}","templated":true}]}}