{"id":15067,"date":"2025-02-17T17:58:24","date_gmt":"2025-02-17T15:58:24","guid":{"rendered":"https:\/\/zbranebudai.sk\/product\/pistol-co2-walther-cp88-nikel-kal-45mm-diabolo\/"},"modified":"2026-05-07T13:10:02","modified_gmt":"2026-05-07T11:10:02","slug":"co2-pisztoly-walther-cp88-nikkel-kaliber-45mm-diabolo","status":"publish","type":"product","link":"https:\/\/zbranebudai.sk\/hu\/product\/pistol-co2-walther-cp88-nikel-kal-45mm-diabolo\/","title":{"rendered":"CO2 pisztoly Walther CP88 nikkel, cal. 4,5mm diabolo"},"content":{"rendered":"<p>PARAM\u00c9TEREK:<\/p>\n<p>Energia: legfeljebb 4 J<br \/>\nMenetsebess\u00e9g: ak\u00e1r 130 m\/s<br \/>\nCs\u0151hossz: 102 mm<br \/>\nTeljes hossz: 180 mm<br \/>\nT\u00e1lcakapacit\u00e1s: 8<br \/>\nCO\u2082 bomba kapacit\u00e1sa: 60 l\u00f6v\u00e9s<br \/>\nS\u00faly: 1,03 kg\u00a0<\/p>","protected":false},"excerpt":{"rendered":"<p>A Walther CP88 CO2 l\u00e9gpisztoly a t\u00f6rt\u00e9nelmi Walther P88 h\u0171 m\u00e1solata. Ez volt az els\u0151 CO2-s l\u00e9gpisztoly az Umarex term\u00e9kcsal\u00e1dban - m\u00e9rf\u00f6ldk\u0151 a c\u00e9g sz\u00e1m\u00e1ra. A pontoss\u00e1g, a teljes\u00edtm\u00e9ny \u00e9s a megb\u00edzhat\u00f3s\u00e1g tekintet\u00e9ben a l\u00e9gpisztolyok jelenlegi gener\u00e1ci\u00f3j\u00e1nak m\u00e9rc\u00e9j\u00e9t \u00e1ll\u00edtotta fel. A kiv\u00e1l\u00f3, teljesen f\u00e9mb\u0151l k\u00e9sz\u00fclt konstrukci\u00f3 kieg\u00e9sz\u00edti a k\u00e9tr\u00e9szes z\u00e1rszerkezetben l\u00e9v\u0151 els\u00fct\u0151 mechanizmust, amely egy 8 l\u00f6v\u00e9ses forg\u00f3 t\u00e1rra t\u00e1maszkodik, amely biztos\u00edtja a pelletek pontos adagol\u00e1s\u00e1t a huzagolt cs\u0151be. Az SA\/DA kiold\u00f3mechanizmus mindk\u00e9t t\u00fczel\u00e9si m\u00f3dot lehet\u0151v\u00e9 teszi. Double Action: a ravasz lenyom\u00e1s\u00e1val a kalap\u00e1cs felh\u00faz\u00f3dik, \u00e9s azonnal t\u00fczelni lehet. Single Action: el\u0151sz\u00f6r a kalap\u00e1csot kell felh\u00fazni, majd a ravaszt megnyomni (a k\u00f6nnyebb ravaszellen\u00e1ll\u00e1s miatt pontosabb l\u00f6v\u00e9st tesz lehet\u0151v\u00e9). N\u00e9metorsz\u00e1gban k\u00e9sz\u00fclt.<\/p>","protected":false},"featured_media":11384,"template":"","meta":{"_gspb_post_css":""},"product_brand":[],"product_cat":[1829,2226,1824,1828],"product_tag":[],"class_list":{"0":"post-15067","1":"product","2":"type-product","3":"status-publish","4":"has-post-thumbnail","6":"product_cat-pistole-na-co2","7":"product_cat-walther-pistole-na-co2","8":"product_cat-zbrane-18-d","9":"product_cat-zbrane-na-co2","11":"first","12":"instock","13":"taxable","14":"shipping-taxable","15":"purchasable","16":"product-type-simple"},"ct_brands":[],"_links":{"self":[{"href":"https:\/\/zbranebudai.sk\/hu\/wp-json\/wp\/v2\/product\/15067","targetHints":{"allow":["GET"]}}],"collection":[{"href":"https:\/\/zbranebudai.sk\/hu\/wp-json\/wp\/v2\/product"}],"about":[{"href":"https:\/\/zbranebudai.sk\/hu\/wp-json\/wp\/v2\/types\/product"}],"wp:featuredmedia":[{"embeddable":true,"href":"https:\/\/zbranebudai.sk\/hu\/wp-json\/wp\/v2\/media\/11384"}],"wp:attachment":[{"href":"https:\/\/zbranebudai.sk\/hu\/wp-json\/wp\/v2\/media?parent=15067"}],"wp:term":[{"taxonomy":"product_brand","embeddable":true,"href":"https:\/\/zbranebudai.sk\/hu\/wp-json\/wp\/v2\/product_brand?post=15067"},{"taxonomy":"product_cat","embeddable":true,"href":"https:\/\/zbranebudai.sk\/hu\/wp-json\/wp\/v2\/product_cat?post=15067"},{"taxonomy":"product_tag","embeddable":true,"href":"https:\/\/zbranebudai.sk\/hu\/wp-json\/wp\/v2\/product_tag?post=15067"}],"curies":[{"name":"wp","href":"https:\/\/api.w.org\/{rel}","templated":true}]}}