{"id":15066,"date":"2025-02-17T17:58:24","date_gmt":"2025-02-17T15:58:24","guid":{"rendered":"https:\/\/zbranebudai.sk\/product\/pistol-co2-beretta-m9a3-fm-black-kal-45mm-bb\/"},"modified":"2026-04-16T05:04:15","modified_gmt":"2026-04-16T03:04:15","slug":"co2-pisztoly-beretta-m9a3-fm-fekete-cal-45mm-bb","status":"publish","type":"product","link":"https:\/\/zbranebudai.sk\/hu\/product\/pistol-co2-beretta-m9a3-fm-black-kal-45mm-bb\/","title":{"rendered":"CO2 pisztoly Beretta M9A3 FM Fekete, cal. 4,5mm BB"},"content":{"rendered":"<p>PARAM\u00c9TEREK:<\/p>\n<p>Energia: legfeljebb 3 J<br \/>\nMenetsebess\u00e9g: ak\u00e1r 105 m\/s<br \/>\nTeljes hossz: 226 mm<br \/>\nA tart\u00e1ly kapacit\u00e1sa: 18<br \/>\nCO\u2082 bomba kapacit\u00e1sa: 60 l\u00f6v\u00e9s<br \/>\nS\u00faly: 1,08 kg\u00a0<\/p>","protected":false},"excerpt":{"rendered":"<p>A Beretta M9A3 FM CO2 l\u00e9gpisztoly a vil\u00e1g legr\u00e9gebbi l\u0151fegyvergy\u00e1rt\u00f3 c\u00e9g\u00e9nek eredeti p\u00e9ld\u00e1ny\u00e1nak h\u0171 m\u00e1solata. A kiv\u00e1l\u00f3an megmunk\u00e1lt, teljesen f\u00e9mb\u0151l k\u00e9sz\u00fclt konstrukci\u00f3 min\u0151s\u00e9gi mechanizmussal eg\u00e9sz\u00edti ki a BlowBack rendszert - a tol\u00f3cs\u00faszda automatikus mozg\u00e1s\u00e1t a t\u00fczel\u00e9s ut\u00e1n. Picatinny s\u00edn \u00e9s menet a torkolaton (M14 x 1, balra), z\u00e1r\u00f3any\u00e1val. Az All-in-one t\u00e1r 18 t\u00f6lt\u00e9nyt tartalmaz. Az SA\/DA ravaszmechanizmus mindk\u00e9t t\u00fczel\u00e9si m\u00f3dot lehet\u0151v\u00e9 teszi. Double Action: a ravasz megh\u00faz\u00e1s\u00e1val a kalap\u00e1cs felh\u00faz\u00f3dik \u00e9s azonnal t\u00fczelni lehet. Single Action: el\u0151sz\u00f6r a kalap\u00e1csot kell felh\u00fazni, majd a ravaszt megnyomni (a k\u00f6nnyebb ravaszellen\u00e1ll\u00e1s miatt pontosabb l\u00f6v\u00e9st tesz lehet\u0151v\u00e9). N\u00e9metorsz\u00e1gban k\u00e9sz\u00fclt.<\/p>","protected":false},"featured_media":11382,"template":"","meta":{"_gspb_post_css":""},"product_brand":[],"product_cat":[1836,1829,1824,1828],"product_tag":[],"class_list":{"0":"post-15066","1":"product","2":"type-product","3":"status-publish","4":"has-post-thumbnail","6":"product_cat-beretta","7":"product_cat-pistole-na-co2","8":"product_cat-zbrane-18-d","9":"product_cat-zbrane-na-co2","11":"first","12":"outofstock","13":"taxable","14":"shipping-taxable","15":"purchasable","16":"product-type-simple"},"ct_brands":[],"_links":{"self":[{"href":"https:\/\/zbranebudai.sk\/hu\/wp-json\/wp\/v2\/product\/15066","targetHints":{"allow":["GET"]}}],"collection":[{"href":"https:\/\/zbranebudai.sk\/hu\/wp-json\/wp\/v2\/product"}],"about":[{"href":"https:\/\/zbranebudai.sk\/hu\/wp-json\/wp\/v2\/types\/product"}],"wp:featuredmedia":[{"embeddable":true,"href":"https:\/\/zbranebudai.sk\/hu\/wp-json\/wp\/v2\/media\/11382"}],"wp:attachment":[{"href":"https:\/\/zbranebudai.sk\/hu\/wp-json\/wp\/v2\/media?parent=15066"}],"wp:term":[{"taxonomy":"product_brand","embeddable":true,"href":"https:\/\/zbranebudai.sk\/hu\/wp-json\/wp\/v2\/product_brand?post=15066"},{"taxonomy":"product_cat","embeddable":true,"href":"https:\/\/zbranebudai.sk\/hu\/wp-json\/wp\/v2\/product_cat?post=15066"},{"taxonomy":"product_tag","embeddable":true,"href":"https:\/\/zbranebudai.sk\/hu\/wp-json\/wp\/v2\/product_tag?post=15066"}],"curies":[{"name":"wp","href":"https:\/\/api.w.org\/{rel}","templated":true}]}}