{"id":15047,"date":"2025-02-17T17:58:22","date_gmt":"2025-02-17T15:58:22","guid":{"rendered":"https:\/\/zbranebudai.sk\/product\/pruzina-poistky-udernika-xd-xd-m-sf19-g2-line\/"},"modified":"2026-04-16T05:30:00","modified_gmt":"2026-04-16T03:30:00","slug":"utkozo-biztositek-rugo-xd-xd-m-sf19-g2-vonal","status":"publish","type":"product","link":"https:\/\/zbranebudai.sk\/hu\/product\/pruzina-poistky-udernika-xd-xd-m-sf19-g2-line\/","title":{"rendered":"XD\/XD-M\/SF19\/G2 vonal\u00fa gy\u00fajt\u00f3szeg biztons\u00e1gi rug\u00f3"},"content":{"rendered":"","protected":false},"excerpt":{"rendered":"<p>No.25\/152380-01H\/BIZTONS\u00c1GI T\u00dcK\u00d6ZPONT BIZTONS\u00c1GI FR\u00daZSGA<\/p>","protected":false},"featured_media":11318,"template":"","meta":{"_gspb_post_css":""},"product_brand":[],"product_cat":[2078,1864,2043,2033,1820],"product_tag":[],"class_list":{"0":"post-15047","1":"product","2":"type-product","3":"status-publish","4":"has-post-thumbnail","6":"product_cat-nahradne-diely-prislusenstvo-springfield-armory","7":"product_cat-pistole-zbrane-b-c","8":"product_cat-prislusenstvo-springfield-armory","9":"product_cat-springfield-armory-hs-produkt","10":"product_cat-zbrane-b-c","12":"first","13":"instock","14":"taxable","15":"shipping-taxable","16":"purchasable","17":"product-type-simple"},"ct_brands":[],"_links":{"self":[{"href":"https:\/\/zbranebudai.sk\/hu\/wp-json\/wp\/v2\/product\/15047","targetHints":{"allow":["GET"]}}],"collection":[{"href":"https:\/\/zbranebudai.sk\/hu\/wp-json\/wp\/v2\/product"}],"about":[{"href":"https:\/\/zbranebudai.sk\/hu\/wp-json\/wp\/v2\/types\/product"}],"wp:featuredmedia":[{"embeddable":true,"href":"https:\/\/zbranebudai.sk\/hu\/wp-json\/wp\/v2\/media\/11318"}],"wp:attachment":[{"href":"https:\/\/zbranebudai.sk\/hu\/wp-json\/wp\/v2\/media?parent=15047"}],"wp:term":[{"taxonomy":"product_brand","embeddable":true,"href":"https:\/\/zbranebudai.sk\/hu\/wp-json\/wp\/v2\/product_brand?post=15047"},{"taxonomy":"product_cat","embeddable":true,"href":"https:\/\/zbranebudai.sk\/hu\/wp-json\/wp\/v2\/product_cat?post=15047"},{"taxonomy":"product_tag","embeddable":true,"href":"https:\/\/zbranebudai.sk\/hu\/wp-json\/wp\/v2\/product_tag?post=15047"}],"curies":[{"name":"wp","href":"https:\/\/api.w.org\/{rel}","templated":true}]}}