{"id":15040,"date":"2025-02-17T17:58:21","date_gmt":"2025-02-17T15:58:21","guid":{"rendered":"https:\/\/zbranebudai.sk\/product\/tricko-stalon-panske-dark-grey-m\/"},"modified":"2026-04-09T02:20:53","modified_gmt":"2026-04-09T00:20:53","slug":"polo-stalon-ferfi-sotetszurke-m","status":"publish","type":"product","link":"https:\/\/zbranebudai.sk\/hu\/product\/tricko-stalon-panske-dark-grey-m\/","title":{"rendered":"Stalon f\u00e9rfi p\u00f3l\u00f3, s\u00f6t\u00e9tsz\u00fcrke - M"},"content":{"rendered":"","protected":false},"excerpt":{"rendered":"<p>St\u00edlusos sz\u00fcrke p\u00f3l\u00f3 a Stalon log\u00f3val a h\u00e1t\u00e1n \u00e9s felirattal az elej\u00e9n. T\u00f6k\u00e9letes kieg\u00e9sz\u00edt\u0151 a mindennapokhoz.100% organikus pamut....<\/p>","protected":false},"featured_media":11302,"template":"","meta":{"_gspb_post_css":""},"product_brand":[],"product_cat":[2131,2113,2107,1820],"product_tag":[],"class_list":{"0":"post-15040","1":"product","2":"type-product","3":"status-publish","4":"has-post-thumbnail","6":"product_cat-prislusenstvo-stalon","7":"product_cat-stalon","8":"product_cat-tlmice-zbrane-b-c","9":"product_cat-zbrane-b-c","11":"first","12":"instock","13":"taxable","14":"shipping-taxable","15":"purchasable","16":"product-type-simple"},"ct_brands":[],"_links":{"self":[{"href":"https:\/\/zbranebudai.sk\/hu\/wp-json\/wp\/v2\/product\/15040","targetHints":{"allow":["GET"]}}],"collection":[{"href":"https:\/\/zbranebudai.sk\/hu\/wp-json\/wp\/v2\/product"}],"about":[{"href":"https:\/\/zbranebudai.sk\/hu\/wp-json\/wp\/v2\/types\/product"}],"wp:featuredmedia":[{"embeddable":true,"href":"https:\/\/zbranebudai.sk\/hu\/wp-json\/wp\/v2\/media\/11302"}],"wp:attachment":[{"href":"https:\/\/zbranebudai.sk\/hu\/wp-json\/wp\/v2\/media?parent=15040"}],"wp:term":[{"taxonomy":"product_brand","embeddable":true,"href":"https:\/\/zbranebudai.sk\/hu\/wp-json\/wp\/v2\/product_brand?post=15040"},{"taxonomy":"product_cat","embeddable":true,"href":"https:\/\/zbranebudai.sk\/hu\/wp-json\/wp\/v2\/product_cat?post=15040"},{"taxonomy":"product_tag","embeddable":true,"href":"https:\/\/zbranebudai.sk\/hu\/wp-json\/wp\/v2\/product_tag?post=15040"}],"curies":[{"name":"wp","href":"https:\/\/api.w.org\/{rel}","templated":true}]}}