{"id":15039,"date":"2025-02-17T17:58:21","date_gmt":"2025-02-17T15:58:21","guid":{"rendered":"https:\/\/zbranebudai.sk\/product\/tricko-stalon-panske-dark-grey-l\/"},"modified":"2026-04-16T04:24:00","modified_gmt":"2026-04-16T02:24:00","slug":"polo-stalon-ferfi-sotetszurke-l","status":"publish","type":"product","link":"https:\/\/zbranebudai.sk\/hu\/product\/tricko-stalon-panske-dark-grey-l\/","title":{"rendered":"P\u00f3l\u00f3 Stalon f\u00e9rfi, s\u00f6t\u00e9tsz\u00fcrke - L"},"content":{"rendered":"","protected":false},"excerpt":{"rendered":"<p>St\u00edlusos sz\u00fcrke p\u00f3l\u00f3 a Stalon log\u00f3val a h\u00e1t\u00e1n \u00e9s a Stalon log\u00f3val az elej\u00e9n. 100% organikus pamut.<\/p>","protected":false},"featured_media":11300,"template":"","meta":{"_gspb_post_css":""},"product_brand":[],"product_cat":[2131,2113,2107,1820],"product_tag":[],"class_list":{"0":"post-15039","1":"product","2":"type-product","3":"status-publish","4":"has-post-thumbnail","6":"product_cat-prislusenstvo-stalon","7":"product_cat-stalon","8":"product_cat-tlmice-zbrane-b-c","9":"product_cat-zbrane-b-c","11":"first","12":"instock","13":"taxable","14":"shipping-taxable","15":"purchasable","16":"product-type-simple"},"ct_brands":[],"_links":{"self":[{"href":"https:\/\/zbranebudai.sk\/hu\/wp-json\/wp\/v2\/product\/15039","targetHints":{"allow":["GET"]}}],"collection":[{"href":"https:\/\/zbranebudai.sk\/hu\/wp-json\/wp\/v2\/product"}],"about":[{"href":"https:\/\/zbranebudai.sk\/hu\/wp-json\/wp\/v2\/types\/product"}],"wp:featuredmedia":[{"embeddable":true,"href":"https:\/\/zbranebudai.sk\/hu\/wp-json\/wp\/v2\/media\/11300"}],"wp:attachment":[{"href":"https:\/\/zbranebudai.sk\/hu\/wp-json\/wp\/v2\/media?parent=15039"}],"wp:term":[{"taxonomy":"product_brand","embeddable":true,"href":"https:\/\/zbranebudai.sk\/hu\/wp-json\/wp\/v2\/product_brand?post=15039"},{"taxonomy":"product_cat","embeddable":true,"href":"https:\/\/zbranebudai.sk\/hu\/wp-json\/wp\/v2\/product_cat?post=15039"},{"taxonomy":"product_tag","embeddable":true,"href":"https:\/\/zbranebudai.sk\/hu\/wp-json\/wp\/v2\/product_tag?post=15039"}],"curies":[{"name":"wp","href":"https:\/\/api.w.org\/{rel}","templated":true}]}}