{"id":15035,"date":"2025-02-17T17:58:20","date_gmt":"2025-02-17T15:58:20","guid":{"rendered":"https:\/\/zbranebudai.sk\/product\/siltovka-stalon-seda\/"},"modified":"2026-04-16T04:51:52","modified_gmt":"2026-04-16T02:51:52","slug":"stalon-szurke-selyem-ing","status":"publish","type":"product","link":"https:\/\/zbranebudai.sk\/hu\/product\/siltovka-stalon-seda\/","title":{"rendered":"Stalon sapka, sz\u00fcrke"},"content":{"rendered":"","protected":false},"excerpt":{"rendered":"<p>Sz\u00fcrke sapka 3D Stalon log\u00f3val. T\u00f6k\u00e9letes kieg\u00e9sz\u00edt\u0151 vad\u00e1szoknak vagy mindennapi viseletre. Akril: 97%, Spandex: 3%. \u00c1ll\u00edthat\u00f3 m\u00e9ret. Kaphat\u00f3 egyenes snapback pajzzsal is.<\/p>","protected":false},"featured_media":11292,"template":"","meta":{"_gspb_post_css":""},"product_brand":[],"product_cat":[2131,2113,2107,1820],"product_tag":[],"class_list":{"0":"post-15035","1":"product","2":"type-product","3":"status-publish","4":"has-post-thumbnail","6":"product_cat-prislusenstvo-stalon","7":"product_cat-stalon","8":"product_cat-tlmice-zbrane-b-c","9":"product_cat-zbrane-b-c","11":"first","12":"instock","13":"taxable","14":"shipping-taxable","15":"purchasable","16":"product-type-simple"},"ct_brands":[],"_links":{"self":[{"href":"https:\/\/zbranebudai.sk\/hu\/wp-json\/wp\/v2\/product\/15035","targetHints":{"allow":["GET"]}}],"collection":[{"href":"https:\/\/zbranebudai.sk\/hu\/wp-json\/wp\/v2\/product"}],"about":[{"href":"https:\/\/zbranebudai.sk\/hu\/wp-json\/wp\/v2\/types\/product"}],"wp:featuredmedia":[{"embeddable":true,"href":"https:\/\/zbranebudai.sk\/hu\/wp-json\/wp\/v2\/media\/11292"}],"wp:attachment":[{"href":"https:\/\/zbranebudai.sk\/hu\/wp-json\/wp\/v2\/media?parent=15035"}],"wp:term":[{"taxonomy":"product_brand","embeddable":true,"href":"https:\/\/zbranebudai.sk\/hu\/wp-json\/wp\/v2\/product_brand?post=15035"},{"taxonomy":"product_cat","embeddable":true,"href":"https:\/\/zbranebudai.sk\/hu\/wp-json\/wp\/v2\/product_cat?post=15035"},{"taxonomy":"product_tag","embeddable":true,"href":"https:\/\/zbranebudai.sk\/hu\/wp-json\/wp\/v2\/product_tag?post=15035"}],"curies":[{"name":"wp","href":"https:\/\/api.w.org\/{rel}","templated":true}]}}